{"id":12659,"date":"2020-10-05T17:40:45","date_gmt":"2020-10-05T21:40:45","guid":{"rendered":"https:\/\/www.lirapopular.cl\/lirapopularxix\/?page_id=12659"},"modified":"2020-10-05T17:40:45","modified_gmt":"2020-10-05T21:40:45","slug":"dos-tristes-fusilamientos","status":"publish","type":"page","link":"https:\/\/www.lirapopular.cl\/lirapopularxix\/dos-tristes-fusilamientos\/","title":{"rendered":"Dos tristes fusilamientos uno en Iquique y el otro en Angol"},"content":{"rendered":"\n<div class=\"wp-block-image\"><figure class=\"alignright size-medium\"><a href=\"https:\/\/www.lirapopular.cl\/lirapopularxix\/wp-content\/uploads\/2020\/10\/LO0012332.jpg\"><img loading=\"lazy\" decoding=\"async\" width=\"300\" height=\"201\" src=\"https:\/\/www.lirapopular.cl\/lirapopularxix\/wp-content\/uploads\/2020\/10\/LO0012332-300x201.jpg\" alt=\"\" class=\"wp-image-12660\" srcset=\"https:\/\/www.lirapopular.cl\/lirapopularxix\/wp-content\/uploads\/2020\/10\/LO0012332-300x201.jpg 300w, https:\/\/www.lirapopular.cl\/lirapopularxix\/wp-content\/uploads\/2020\/10\/LO0012332-768x515.jpg 768w, https:\/\/www.lirapopular.cl\/lirapopularxix\/wp-content\/uploads\/2020\/10\/LO0012332.jpg 1000w\" sizes=\"auto, (max-width: 300px) 100vw, 300px\" \/><\/a><figcaption>Archivo de Literatura Oral<br>Colecci\u00f3n Alamiro de \u00c1vila<\/figcaption><\/figure><\/div>\n\n\n\n<p>Autor: Daniel Meneses. Poeta nacional chileno. Calle Za\u00f1artu, N\u00fam. 1070.<br>Impresor: Imp.\u2014Moneda, 1027<br>Tama\u00f1o: 55 x 38 cm<br>Clasificaci\u00f3n: BN C\u00f3digo:\u00a0LO0012332<\/p>\n\n\n\n<ul class=\"wp-block-list\"><li><a href=\"https:\/\/www.lirapopular.cl\/lirapopularxix\/2020\/10\/05\/versos-autorizados\/\">Versos autorizados<\/a><\/li><li><a href=\"https:\/\/www.lirapopular.cl\/lirapopularxix\/2020\/10\/05\/mi-escursionvendiendo-mis-versos-desdesantiago-a-puerto-montt\/\">Mi excursi\u00f3n vendiendo mis versos desde Santiago a Puerto Montt<\/a><\/li><li><a href=\"https:\/\/www.lirapopular.cl\/lirapopularxix\/2020\/10\/05\/versos-de-literatura-33\/\">Versos de literatura<\/a><\/li><li><a href=\"https:\/\/www.lirapopular.cl\/lirapopularxix\/2020\/10\/05\/ejecuciondel-reo-cortes-en-iquique\/\">Ejecuci\u00f3n del reo Cort\u00e9s en Iquique<\/a><\/li><li><a href=\"https:\/\/www.lirapopular.cl\/lirapopularxix\/2020\/10\/05\/ultimos-momentosdel-reo-munoz\/\">Ultimos momentos del reo Mu\u00f1oz<\/a><\/li><li><a href=\"https:\/\/www.lirapopular.cl\/lirapopularxix\/2020\/10\/05\/triste-fusilamientodel-reo-munoz\/\">Triste fusilamiento del reo Mu\u00f1oz<\/a><\/li><\/ul>\n\n\n\n<p>Nota: Este ejemplar tiene escrito a mano con plum\u00f3n \u201c5\u201d, por el reverso con l\u00e1piz &#8220;243&#8221;.<br>Documento optimizado digitalmente.<\/p>\n","protected":false},"excerpt":{"rendered":"<p>Autor: Daniel Meneses. Poeta nacional chileno. Calle Za\u00f1artu, N\u00fam. 1070.Impresor: Imp.\u2014Moneda, 1027Tama\u00f1o: 55 x 38 cmClasificaci\u00f3n: BN C\u00f3digo:\u00a0LO0012332 Versos autorizados Mi excursi\u00f3n vendiendo mis versos desde Santiago a Puerto Montt Versos de literatura Ejecuci\u00f3n del reo Cort\u00e9s en Iquique Ultimos momentos del reo Mu\u00f1oz Triste fusilamiento del reo Mu\u00f1oz Nota: Este ejemplar tiene escrito a [&hellip;]<\/p>\n","protected":false},"author":1,"featured_media":0,"parent":0,"menu_order":0,"comment_status":"closed","ping_status":"closed","template":"","meta":{"footnotes":""},"class_list":["post-12659","page","type-page","status-publish","hentry"],"jetpack_sharing_enabled":true,"_links":{"self":[{"href":"https:\/\/www.lirapopular.cl\/lirapopularxix\/wp-json\/wp\/v2\/pages\/12659","targetHints":{"allow":["GET"]}}],"collection":[{"href":"https:\/\/www.lirapopular.cl\/lirapopularxix\/wp-json\/wp\/v2\/pages"}],"about":[{"href":"https:\/\/www.lirapopular.cl\/lirapopularxix\/wp-json\/wp\/v2\/types\/page"}],"author":[{"embeddable":true,"href":"https:\/\/www.lirapopular.cl\/lirapopularxix\/wp-json\/wp\/v2\/users\/1"}],"replies":[{"embeddable":true,"href":"https:\/\/www.lirapopular.cl\/lirapopularxix\/wp-json\/wp\/v2\/comments?post=12659"}],"version-history":[{"count":0,"href":"https:\/\/www.lirapopular.cl\/lirapopularxix\/wp-json\/wp\/v2\/pages\/12659\/revisions"}],"wp:attachment":[{"href":"https:\/\/www.lirapopular.cl\/lirapopularxix\/wp-json\/wp\/v2\/media?parent=12659"}],"curies":[{"name":"wp","href":"https:\/\/api.w.org\/{rel}","templated":true}]}}