{"id":12634,"date":"2020-09-30T21:53:33","date_gmt":"2020-10-01T01:53:33","guid":{"rendered":"https:\/\/www.lirapopular.cl\/lirapopularxix\/?page_id=12634"},"modified":"2020-09-30T21:53:33","modified_gmt":"2020-10-01T01:53:33","slug":"dos-reos-proximos-al-banquillo-desigualdad-de-la-ley","status":"publish","type":"page","link":"https:\/\/www.lirapopular.cl\/lirapopularxix\/dos-reos-proximos-al-banquillo-desigualdad-de-la-ley\/","title":{"rendered":"DOS REOS PROXIMOS AL BANQUILLO <br>DESIGUALDAD DE LA LEY"},"content":{"rendered":"\n<div class=\"wp-block-image\"><figure class=\"alignright size-medium\"><a href=\"https:\/\/www.lirapopular.cl\/lirapopularxix\/wp-content\/uploads\/2020\/09\/LO0012428.jpg\"><img loading=\"lazy\" decoding=\"async\" width=\"300\" height=\"199\" src=\"https:\/\/www.lirapopular.cl\/lirapopularxix\/wp-content\/uploads\/2020\/09\/LO0012428-300x199.jpg\" alt=\"\" class=\"wp-image-12635\" srcset=\"https:\/\/www.lirapopular.cl\/lirapopularxix\/wp-content\/uploads\/2020\/09\/LO0012428-300x199.jpg 300w, https:\/\/www.lirapopular.cl\/lirapopularxix\/wp-content\/uploads\/2020\/09\/LO0012428-768x510.jpg 768w, https:\/\/www.lirapopular.cl\/lirapopularxix\/wp-content\/uploads\/2020\/09\/LO0012428.jpg 1000w\" sizes=\"auto, (max-width: 300px) 100vw, 300px\" \/><\/a><figcaption>Archivo de Literatura Oral<br>Colecci\u00f3n Alamiro de \u00c1vila<\/figcaption><\/figure><\/div>\n\n\n\n<p>Autor: Daniel Meneses. Poeta nacional chileno. Borgo\u00f1o 1349<br>Impresor: Sin informaci\u00f3n<br>Tama\u00f1o: 55 x 39 cm<br>Clasificaci\u00f3n: BN C\u00f3digo:&nbsp;LO0012428<\/p>\n\n\n\n<ul class=\"wp-block-list\"><li><a href=\"https:\/\/www.lirapopular.cl\/lirapopularxix\/2020\/10\/03\/versos-biblicos-a-lodivino\/\">Versos b\u00edblicos a lo divino<\/a><\/li><li><a href=\"https:\/\/www.lirapopular.cl\/lirapopularxix\/2020\/10\/03\/versos-humanosdespidiendose-de-la-querida\/\">Versos humanos despidi\u00e9ndose de la querida<\/a><\/li><li><a href=\"https:\/\/www.lirapopular.cl\/lirapopularxix\/2020\/10\/03\/las-amenasasde-los-peruanos\/\">Las amenazas de los peruanos <\/a><\/li><li><a href=\"https:\/\/www.lirapopular.cl\/lirapopularxix\/2020\/10\/04\/contestacion-al-saludodel-brutolojico-juan-bautista-peralta\/\">Contestacion al saludo del brutol\u00f3jico Juan Bautista Peralta<\/a><\/li><li><a href=\"https:\/\/www.lirapopular.cl\/lirapopularxix\/2020\/10\/04\/dos-reos-proximos-al-banquillodesigualdad-de-la-lei\/\">Dos reos proximos al banquillo. Desigualdad de la ley<\/a><\/li><li><a href=\"https:\/\/www.lirapopular.cl\/lirapopularxix\/2020\/10\/04\/horrible-crimen-en-valparaisoel-comerciante-que-fue-muertobarbaramente-en-su-escritorio\/\">Horrible crimen en Valpara\u00edso. El comerciante que fu\u00e9 muerto b\u00e1rbaramente en su escritorio<\/a><\/li><li><a href=\"https:\/\/www.lirapopular.cl\/lirapopularxix\/2020\/10\/04\/el-crimen-de-upeo\/\">El Crimen de Upeo.<\/a><\/li><\/ul>\n\n\n\n<p>Nota: Este ejemplar tiene escrito a mano con plum\u00f3n \u201c102\u201d, por el reverso con l\u00e1piz &#8220;136&#8221;.<br>Documento optimizado digitalmente.<\/p>\n","protected":false},"excerpt":{"rendered":"<p>Autor: Daniel Meneses. Poeta nacional chileno. Borgo\u00f1o 1349Impresor: Sin informaci\u00f3nTama\u00f1o: 55 x 39 cmClasificaci\u00f3n: BN C\u00f3digo:&nbsp;LO0012428 Versos b\u00edblicos a lo divino Versos humanos despidi\u00e9ndose de la querida Las amenazas de los peruanos Contestacion al saludo del brutol\u00f3jico Juan Bautista Peralta Dos reos proximos al banquillo. Desigualdad de la ley Horrible crimen en Valpara\u00edso. El comerciante [&hellip;]<\/p>\n","protected":false},"author":1,"featured_media":0,"parent":0,"menu_order":0,"comment_status":"closed","ping_status":"closed","template":"","meta":{"footnotes":""},"class_list":["post-12634","page","type-page","status-publish","hentry"],"jetpack_sharing_enabled":true,"_links":{"self":[{"href":"https:\/\/www.lirapopular.cl\/lirapopularxix\/wp-json\/wp\/v2\/pages\/12634","targetHints":{"allow":["GET"]}}],"collection":[{"href":"https:\/\/www.lirapopular.cl\/lirapopularxix\/wp-json\/wp\/v2\/pages"}],"about":[{"href":"https:\/\/www.lirapopular.cl\/lirapopularxix\/wp-json\/wp\/v2\/types\/page"}],"author":[{"embeddable":true,"href":"https:\/\/www.lirapopular.cl\/lirapopularxix\/wp-json\/wp\/v2\/users\/1"}],"replies":[{"embeddable":true,"href":"https:\/\/www.lirapopular.cl\/lirapopularxix\/wp-json\/wp\/v2\/comments?post=12634"}],"version-history":[{"count":0,"href":"https:\/\/www.lirapopular.cl\/lirapopularxix\/wp-json\/wp\/v2\/pages\/12634\/revisions"}],"wp:attachment":[{"href":"https:\/\/www.lirapopular.cl\/lirapopularxix\/wp-json\/wp\/v2\/media?parent=12634"}],"curies":[{"name":"wp","href":"https:\/\/api.w.org\/{rel}","templated":true}]}}