{"id":12615,"date":"2020-09-28T20:09:14","date_gmt":"2020-09-29T00:09:14","guid":{"rendered":"https:\/\/www.lirapopular.cl\/lirapopularxix\/?page_id=12615"},"modified":"2020-09-28T20:09:14","modified_gmt":"2020-09-29T00:09:14","slug":"dos-horrendos-crimenes","status":"publish","type":"page","link":"https:\/\/www.lirapopular.cl\/lirapopularxix\/dos-horrendos-crimenes\/","title":{"rendered":"Dos horrendos cr\u00edmenes <br>Uno el del se\u00f1or Tittus, en Valparaiso, i el otro <br>LA MADRE QUE DEGOLL\u00d3 LOS HIJOS"},"content":{"rendered":"<div class=\"wp-block-image\">\n<figure class=\"alignright size-medium\"><a href=\"https:\/\/www.lirapopular.cl\/lirapopularxix\/wp-content\/uploads\/2020\/09\/LO0012380.jpg\"><img decoding=\"async\" src=\"https:\/\/www.lirapopular.cl\/lirapopularxix\/wp-content\/uploads\/2020\/09\/LO0012380-300x196.jpg\" alt=\"\" class=\"wp-image-12616\"\/><\/a><figcaption>Archivo de Literatura Oral<br>Colecci\u00f3n Alamiro de \u00c1vila<\/figcaption><\/figure>\n<\/div>\n\n\n<p>Autor: Daniel Meneses. Poeta nacional chileno. Borgo\u00f1o 1349<br>Impresor: Imprenta Am\u00e9rica&#8212;Bandera 858&#8212;Santiago<br>Tama\u00f1o: 58 x 39 cm<br>Clasificaci\u00f3n: BN C\u00f3digo:&nbsp;LO0012380<\/p>\n\n\n\n<ul class=\"wp-block-list\"><li><a href=\"https:\/\/www.lirapopular.cl\/lirapopularxix\/2020\/09\/30\/lo-que-a-mi-se-mealega\/\">Lo que a mi se me alega<\/a><\/li><li><a href=\"https:\/\/www.lirapopular.cl\/lirapopularxix\/2020\/09\/30\/el-aguantei-el-sufrimiento-del-pueblo\/\">El aguante y el sufrimiento del pueblo<\/a><\/li><li><a href=\"https:\/\/www.lirapopular.cl\/lirapopularxix\/2020\/09\/30\/contestaciona-la-salvajada-delpoetostro-bautista-peralta\/\">Contestaci\u00f3n a la salvajada del poetostro Bautista Peralta<\/a><\/li><li><a href=\"https:\/\/www.lirapopular.cl\/lirapopularxix\/2020\/09\/30\/contrapuntedel-marinero-con-el-minero\/\">Contrapunte del marinero con el minero<\/a><\/li><li><a href=\"https:\/\/www.lirapopular.cl\/lirapopularxix\/2020\/09\/30\/contesta-el-mimero\/\">Contesta el minero<\/a><\/li><li><a href=\"https:\/\/www.lirapopular.cl\/lirapopularxix\/2020\/09\/30\/el-crimen-de-la-madre\/\">El crimen de la madre<\/a><\/li><\/ul>\n\n\n\n<p>Nota: Ejemplar pintado a mano, roto y retocado a mano.<br>Este ejemplar tiene escrito a mano plum\u00f3n \u201c54\u201d, por el reverso con l\u00e1piz &#8220;228&#8221;.<br>Documento optimizado digitalmente.<\/p>\n","protected":false},"excerpt":{"rendered":"<p>Autor: Daniel Meneses. Poeta nacional chileno. Borgo\u00f1o 1349Impresor: Imprenta Am\u00e9rica&#8212;Bandera 858&#8212;SantiagoTama\u00f1o: 58 x 39 cmClasificaci\u00f3n: BN C\u00f3digo:&nbsp;LO0012380 Lo que a mi se me alega El aguante y el sufrimiento del pueblo Contestaci\u00f3n a la salvajada del poetostro Bautista Peralta Contrapunte del marinero con el minero Contesta el minero El crimen de la madre Nota: Ejemplar [&hellip;]<\/p>\n","protected":false},"author":1,"featured_media":0,"parent":0,"menu_order":0,"comment_status":"closed","ping_status":"closed","template":"","meta":{"footnotes":""},"class_list":["post-12615","page","type-page","status-publish","hentry"],"jetpack_sharing_enabled":true,"_links":{"self":[{"href":"https:\/\/www.lirapopular.cl\/lirapopularxix\/wp-json\/wp\/v2\/pages\/12615","targetHints":{"allow":["GET"]}}],"collection":[{"href":"https:\/\/www.lirapopular.cl\/lirapopularxix\/wp-json\/wp\/v2\/pages"}],"about":[{"href":"https:\/\/www.lirapopular.cl\/lirapopularxix\/wp-json\/wp\/v2\/types\/page"}],"author":[{"embeddable":true,"href":"https:\/\/www.lirapopular.cl\/lirapopularxix\/wp-json\/wp\/v2\/users\/1"}],"replies":[{"embeddable":true,"href":"https:\/\/www.lirapopular.cl\/lirapopularxix\/wp-json\/wp\/v2\/comments?post=12615"}],"version-history":[{"count":0,"href":"https:\/\/www.lirapopular.cl\/lirapopularxix\/wp-json\/wp\/v2\/pages\/12615\/revisions"}],"wp:attachment":[{"href":"https:\/\/www.lirapopular.cl\/lirapopularxix\/wp-json\/wp\/v2\/media?parent=12615"}],"curies":[{"name":"wp","href":"https:\/\/api.w.org\/{rel}","templated":true}]}}