{"id":12596,"date":"2020-09-28T19:23:06","date_gmt":"2020-09-28T23:23:06","guid":{"rendered":"https:\/\/www.lirapopular.cl\/lirapopularxix\/?page_id=12596"},"modified":"2020-09-28T19:23:06","modified_gmt":"2020-09-28T23:23:06","slug":"dos-crimenes-horrorosos-en-valparaiso","status":"publish","type":"page","link":"https:\/\/www.lirapopular.cl\/lirapopularxix\/dos-crimenes-horrorosos-en-valparaiso\/","title":{"rendered":"DOS CR\u00cdMENES HORROROSOS<br>En Valparaiso el uno de un despachero italiano <br>EN LA CALLE DE INDEPENDENCIA <br>EL OTRO DEL CERRO DE LA CORDILLERA <br>UNA MUJER MUERTA"},"content":{"rendered":"\n<div class=\"wp-block-image\"><figure class=\"alignright size-medium\"><a href=\"https:\/\/www.lirapopular.cl\/lirapopularxix\/wp-content\/uploads\/2020\/09\/LO0012423.jpg\"><img loading=\"lazy\" decoding=\"async\" width=\"300\" height=\"201\" src=\"https:\/\/www.lirapopular.cl\/lirapopularxix\/wp-content\/uploads\/2020\/09\/LO0012423-300x201.jpg\" alt=\"\" class=\"wp-image-12597\" srcset=\"https:\/\/www.lirapopular.cl\/lirapopularxix\/wp-content\/uploads\/2020\/09\/LO0012423-300x201.jpg 300w, https:\/\/www.lirapopular.cl\/lirapopularxix\/wp-content\/uploads\/2020\/09\/LO0012423-768x515.jpg 768w, https:\/\/www.lirapopular.cl\/lirapopularxix\/wp-content\/uploads\/2020\/09\/LO0012423.jpg 1000w\" sizes=\"auto, (max-width: 300px) 100vw, 300px\" \/><\/a><figcaption>Archivo de Literatura Oral<br>Colecci\u00f3n Alamiro de \u00c1vila<\/figcaption><\/figure><\/div>\n\n\n\n<p>Autor: Daniel Meneses<br>Impresor: Sin informaci\u00f3n<br>Tama\u00f1o: 54 x 38 cm<br>Clasificaci\u00f3n: BN C\u00f3digo:\u00a0LO0012423<\/p>\n\n\n\n<ul class=\"wp-block-list\"><li><a href=\"https:\/\/www.lirapopular.cl\/lirapopularxix\/2020\/09\/28\/suplicas-amorosas\/\">S\u00faplicas amorosas<\/a><\/li><li><a href=\"https:\/\/www.lirapopular.cl\/lirapopularxix\/2020\/09\/28\/versos-de-amor-12\/\">Versos de amor<\/a><\/li><li><a href=\"https:\/\/www.lirapopular.cl\/lirapopularxix\/2020\/09\/28\/la-ninaque-hizo-pacto-con-el-diablopara-que-le-diese-marido\/\">La ni\u00f1a que hizo pacto con el diablo para que le diese marido<\/a><\/li><li><a href=\"https:\/\/www.lirapopular.cl\/lirapopularxix\/2020\/09\/28\/un-vivaa-la-alianza-librralque-trabaja-activamentepara-derrotaral-candidato-montt\/\">Un viva a la alianza liberal que trabaja activamente para derrotar al candidato Montt<\/a><\/li><li><a href=\"https:\/\/www.lirapopular.cl\/lirapopularxix\/2020\/09\/28\/el-crimen-del-cerro-dela-cordillera\/\">El crimen del cerro de la cordillera.<\/a><\/li><\/ul>\n\n\n\n<p>Nota: Este ejemplar tiene escrito a mano con plum\u00f3n \u201c97\u201d, por el reverso con l\u00e1piz &#8220;261&#8221;.<br>Documento optimizado digitalmente.<\/p>\n","protected":false},"excerpt":{"rendered":"<p>Autor: Daniel MenesesImpresor: Sin informaci\u00f3nTama\u00f1o: 54 x 38 cmClasificaci\u00f3n: BN C\u00f3digo:\u00a0LO0012423 S\u00faplicas amorosas Versos de amor La ni\u00f1a que hizo pacto con el diablo para que le diese marido Un viva a la alianza liberal que trabaja activamente para derrotar al candidato Montt El crimen del cerro de la cordillera. Nota: Este ejemplar tiene escrito [&hellip;]<\/p>\n","protected":false},"author":1,"featured_media":0,"parent":0,"menu_order":0,"comment_status":"closed","ping_status":"closed","template":"","meta":{"footnotes":""},"class_list":["post-12596","page","type-page","status-publish","hentry"],"jetpack_sharing_enabled":true,"_links":{"self":[{"href":"https:\/\/www.lirapopular.cl\/lirapopularxix\/wp-json\/wp\/v2\/pages\/12596","targetHints":{"allow":["GET"]}}],"collection":[{"href":"https:\/\/www.lirapopular.cl\/lirapopularxix\/wp-json\/wp\/v2\/pages"}],"about":[{"href":"https:\/\/www.lirapopular.cl\/lirapopularxix\/wp-json\/wp\/v2\/types\/page"}],"author":[{"embeddable":true,"href":"https:\/\/www.lirapopular.cl\/lirapopularxix\/wp-json\/wp\/v2\/users\/1"}],"replies":[{"embeddable":true,"href":"https:\/\/www.lirapopular.cl\/lirapopularxix\/wp-json\/wp\/v2\/comments?post=12596"}],"version-history":[{"count":0,"href":"https:\/\/www.lirapopular.cl\/lirapopularxix\/wp-json\/wp\/v2\/pages\/12596\/revisions"}],"wp:attachment":[{"href":"https:\/\/www.lirapopular.cl\/lirapopularxix\/wp-json\/wp\/v2\/media?parent=12596"}],"curies":[{"name":"wp","href":"https:\/\/api.w.org\/{rel}","templated":true}]}}