{"id":12576,"date":"2020-09-28T14:01:50","date_gmt":"2020-09-28T18:01:50","guid":{"rendered":"https:\/\/www.lirapopular.cl\/lirapopularxix\/?page_id=12576"},"modified":"2020-09-28T14:01:50","modified_gmt":"2020-09-28T18:01:50","slug":"dos-crimenes-en-santiago","status":"publish","type":"page","link":"https:\/\/www.lirapopular.cl\/lirapopularxix\/dos-crimenes-en-santiago\/","title":{"rendered":"Dos cr\u00edmenes en Santiago <br>el roto que asesin\u00f3 al zapatero i al guardian en la calle San Alfonso i la mujer desgollada <br>EN LA CALLE SAN PABLO"},"content":{"rendered":"\n<div class=\"wp-block-image\"><figure class=\"alignright size-medium\"><a href=\"https:\/\/www.lirapopular.cl\/lirapopularxix\/wp-content\/uploads\/2020\/09\/LO0012351.jpg\"><img loading=\"lazy\" decoding=\"async\" width=\"300\" height=\"199\" src=\"https:\/\/www.lirapopular.cl\/lirapopularxix\/wp-content\/uploads\/2020\/09\/LO0012351-300x199.jpg\" alt=\"\" class=\"wp-image-12577\" srcset=\"https:\/\/www.lirapopular.cl\/lirapopularxix\/wp-content\/uploads\/2020\/09\/LO0012351-300x199.jpg 300w, https:\/\/www.lirapopular.cl\/lirapopularxix\/wp-content\/uploads\/2020\/09\/LO0012351-768x509.jpg 768w, https:\/\/www.lirapopular.cl\/lirapopularxix\/wp-content\/uploads\/2020\/09\/LO0012351.jpg 1000w\" sizes=\"auto, (max-width: 300px) 100vw, 300px\" \/><\/a><figcaption>Archivo de Literatura Oral<br>Colecci\u00f3n Alamiro de \u00c1vila<\/figcaption><\/figure><\/div>\n\n\n\n<p>Autor: Daniel Meneses. Poeta nacional chileno.<br>Impresor: Imp. y Lit de G. A. Rohde y Ca. Valp.<br>Tama\u00f1o: 55 x 39 cm<br>Clasificaci\u00f3n: BN C\u00f3digo:\u00a0LO0012351<\/p>\n\n\n\n<ul class=\"wp-block-list\"><li><a href=\"https:\/\/www.lirapopular.cl\/lirapopularxix\/2020\/09\/28\/versos-de-literatura-32\/\">Versos de literatura<\/a><\/li><li><a href=\"https:\/\/www.lirapopular.cl\/lirapopularxix\/2020\/09\/28\/una-reprencion-a-loshombres-comprometidoso-casados\/\">Una reprensi\u00f3n a los hombres comprometidos o casados<\/a><\/li><li><a href=\"https:\/\/www.lirapopular.cl\/lirapopularxix\/2020\/09\/28\/mi-desgracia-en-estemundo\/\">Mi desgracia en este mundo<\/a><\/li><li><a href=\"https:\/\/www.lirapopular.cl\/lirapopularxix\/2020\/09\/28\/versos-a-lo-divinojesus-i-maria\/\">Versos a lo divino. Jes\u00fas y Mar\u00eda<\/a><\/li><li><a href=\"https:\/\/www.lirapopular.cl\/lirapopularxix\/2020\/09\/28\/contrapunto-entre-unmuacho-arribano-conun-pampino\/\">Contrapunto entre un Muacho arribano con un Pampino<\/a><\/li><li><a href=\"https:\/\/www.lirapopular.cl\/lirapopularxix\/2020\/09\/28\/dos-crimenes-en-santiago\/\">Dos cr\u00edmenes en Santiago. El roto que asesin\u00f3 al zapatero y al guardi\u00e1n en la calle San Alfonso y la mujer degollada en la calle de San Pablo<\/a><\/li><li><a href=\"https:\/\/www.lirapopular.cl\/lirapopularxix\/2020\/09\/28\/el-crimen-de-la-callesan-pablo\/\">El crimen de la calle San Pablo<\/a><\/li><\/ul>\n\n\n\n<p>Nota: Este ejemplar tiene escrito a mano con plum\u00f3n \u201c24\u201d, por el reverso con l\u00e1piz &#8220;181&#8221;.<br>Documento optimizado digitalmente.<\/p>\n","protected":false},"excerpt":{"rendered":"<p>Autor: Daniel Meneses. Poeta nacional chileno.Impresor: Imp. y Lit de G. A. Rohde y Ca. Valp.Tama\u00f1o: 55 x 39 cmClasificaci\u00f3n: BN C\u00f3digo:\u00a0LO0012351 Versos de literatura Una reprensi\u00f3n a los hombres comprometidos o casados Mi desgracia en este mundo Versos a lo divino. Jes\u00fas y Mar\u00eda Contrapunto entre un Muacho arribano con un Pampino Dos cr\u00edmenes [&hellip;]<\/p>\n","protected":false},"author":1,"featured_media":0,"parent":0,"menu_order":0,"comment_status":"closed","ping_status":"closed","template":"","meta":{"footnotes":""},"class_list":["post-12576","page","type-page","status-publish","hentry"],"jetpack_sharing_enabled":true,"_links":{"self":[{"href":"https:\/\/www.lirapopular.cl\/lirapopularxix\/wp-json\/wp\/v2\/pages\/12576","targetHints":{"allow":["GET"]}}],"collection":[{"href":"https:\/\/www.lirapopular.cl\/lirapopularxix\/wp-json\/wp\/v2\/pages"}],"about":[{"href":"https:\/\/www.lirapopular.cl\/lirapopularxix\/wp-json\/wp\/v2\/types\/page"}],"author":[{"embeddable":true,"href":"https:\/\/www.lirapopular.cl\/lirapopularxix\/wp-json\/wp\/v2\/users\/1"}],"replies":[{"embeddable":true,"href":"https:\/\/www.lirapopular.cl\/lirapopularxix\/wp-json\/wp\/v2\/comments?post=12576"}],"version-history":[{"count":0,"href":"https:\/\/www.lirapopular.cl\/lirapopularxix\/wp-json\/wp\/v2\/pages\/12576\/revisions"}],"wp:attachment":[{"href":"https:\/\/www.lirapopular.cl\/lirapopularxix\/wp-json\/wp\/v2\/media?parent=12576"}],"curies":[{"name":"wp","href":"https:\/\/api.w.org\/{rel}","templated":true}]}}