{"id":12550,"date":"2020-09-26T17:13:22","date_gmt":"2020-09-26T21:13:22","guid":{"rendered":"https:\/\/www.lirapopular.cl\/lirapopularxix\/?page_id=12550"},"modified":"2020-09-26T17:13:22","modified_gmt":"2020-09-26T21:13:22","slug":"doble-parricidio-en-arauco","status":"publish","type":"page","link":"https:\/\/www.lirapopular.cl\/lirapopularxix\/doble-parricidio-en-arauco\/","title":{"rendered":"DOBLE PARRICIDIO EN ARAUCO<br>LA HIJA QUE MATO AL PADRE I A LA MADRE EN MEDIAS CON SU QUERIDO <br>ALGO DE LA GUERRA DEL AFRICA<br>[P\u00e9r]dida del ej\u00e9rcito Ingles i triunfos de los Boers en los asaltos i batallas"},"content":{"rendered":"\n<div class=\"wp-block-image\"><figure class=\"alignright size-medium\"><a href=\"https:\/\/www.lirapopular.cl\/lirapopularxix\/wp-content\/uploads\/2020\/09\/LO0012441.jpg\"><img loading=\"lazy\" decoding=\"async\" width=\"300\" height=\"198\" src=\"https:\/\/www.lirapopular.cl\/lirapopularxix\/wp-content\/uploads\/2020\/09\/LO0012441-300x198.jpg\" alt=\"\" class=\"wp-image-12551\" srcset=\"https:\/\/www.lirapopular.cl\/lirapopularxix\/wp-content\/uploads\/2020\/09\/LO0012441-300x198.jpg 300w, https:\/\/www.lirapopular.cl\/lirapopularxix\/wp-content\/uploads\/2020\/09\/LO0012441-768x508.jpg 768w, https:\/\/www.lirapopular.cl\/lirapopularxix\/wp-content\/uploads\/2020\/09\/LO0012441.jpg 1000w\" sizes=\"auto, (max-width: 300px) 100vw, 300px\" \/><\/a><figcaption>Archivo de Literatura Oral<br>Colecci\u00f3n Alamiro de \u00c1vila<\/figcaption><\/figure><\/div>\n\n\n\n<p>Autor: Daniel Meneses. Poeta nacional chileno. Calle Morand\u00e9, N\u00fam. 955<br>Impresor: Sin informaci\u00f3n<br>Tama\u00f1o: 51 x 38 cm<br>Clasificaci\u00f3n: BN C\u00f3digo:\u00a0LO0012441<\/p>\n\n\n\n<ul class=\"wp-block-list\"><li><a href=\"https:\/\/www.lirapopular.cl\/lirapopularxix\/2020\/09\/28\/a-mis-colegas-sabiondos-porel-odio-que-me-tienen\/\">A mis colegas sabiondos por el odio que me tienen<\/a><\/li><li><a href=\"https:\/\/www.lirapopular.cl\/lirapopularxix\/2020\/09\/28\/lo-que-le-paso-a-un-jovenpor-querer-a-una-vieja\/\">Lo que le pas\u00f3 a un joven por querer a una vieja<\/a><\/li><li><a href=\"https:\/\/www.lirapopular.cl\/lirapopularxix\/2020\/09\/28\/doble-parricidio-en-araucola-hija-que-asesino-al-padre-ia-la-madre-en-medias-con-elquerido\/\">Doble parricidio en Arauco. La hija que asesin\u00f3 al padre y a la madre en medias con el querido<\/a><\/li><li><a href=\"https:\/\/www.lirapopular.cl\/lirapopularxix\/2020\/09\/28\/versos-de-literatura-31\/\">Versos de literatura<\/a><\/li><li><a href=\"https:\/\/www.lirapopular.cl\/lirapopularxix\/2020\/09\/28\/crimen-atroz-cinco-victi-mas-por-venganza-en-elamor\/\">Crimen atroz, cinco v\u00edctimas por venganza en el amor<\/a><\/li><li><a href=\"https:\/\/www.lirapopular.cl\/lirapopularxix\/2020\/09\/28\/algo-de-la-guerra-del-africaperdida-del-ejercito-inglesi-triunfos-de-los-boersen-los-asaltos-i-batallas\/\">Algo de la guerra del Africa. P\u00e9rdida del ejercito ingles y triunfo de los Boers en los asaltos i batallas.<\/a><\/li><\/ul>\n\n\n\n<p>Nota: Este ejemplar tiene escrito a mano con plum\u00f3n \u201c115\u201d, por el reverso sobre un papel &#8220;79&#8221;.<br>Documento optimizado digitalmente.<\/p>\n","protected":false},"excerpt":{"rendered":"<p>Autor: Daniel Meneses. Poeta nacional chileno. Calle Morand\u00e9, N\u00fam. 955Impresor: Sin informaci\u00f3nTama\u00f1o: 51 x 38 cmClasificaci\u00f3n: BN C\u00f3digo:\u00a0LO0012441 A mis colegas sabiondos por el odio que me tienen Lo que le pas\u00f3 a un joven por querer a una vieja Doble parricidio en Arauco. La hija que asesin\u00f3 al padre y a la madre en [&hellip;]<\/p>\n","protected":false},"author":1,"featured_media":0,"parent":0,"menu_order":0,"comment_status":"closed","ping_status":"closed","template":"","meta":{"footnotes":""},"class_list":["post-12550","page","type-page","status-publish","hentry"],"jetpack_sharing_enabled":true,"_links":{"self":[{"href":"https:\/\/www.lirapopular.cl\/lirapopularxix\/wp-json\/wp\/v2\/pages\/12550","targetHints":{"allow":["GET"]}}],"collection":[{"href":"https:\/\/www.lirapopular.cl\/lirapopularxix\/wp-json\/wp\/v2\/pages"}],"about":[{"href":"https:\/\/www.lirapopular.cl\/lirapopularxix\/wp-json\/wp\/v2\/types\/page"}],"author":[{"embeddable":true,"href":"https:\/\/www.lirapopular.cl\/lirapopularxix\/wp-json\/wp\/v2\/users\/1"}],"replies":[{"embeddable":true,"href":"https:\/\/www.lirapopular.cl\/lirapopularxix\/wp-json\/wp\/v2\/comments?post=12550"}],"version-history":[{"count":0,"href":"https:\/\/www.lirapopular.cl\/lirapopularxix\/wp-json\/wp\/v2\/pages\/12550\/revisions"}],"wp:attachment":[{"href":"https:\/\/www.lirapopular.cl\/lirapopularxix\/wp-json\/wp\/v2\/media?parent=12550"}],"curies":[{"name":"wp","href":"https:\/\/api.w.org\/{rel}","templated":true}]}}