{"id":12528,"date":"2020-09-25T11:35:57","date_gmt":"2020-09-25T15:35:57","guid":{"rendered":"https:\/\/www.lirapopular.cl\/lirapopularxix\/?page_id=12528"},"modified":"2020-09-25T11:35:57","modified_gmt":"2020-09-25T15:35:57","slug":"doble-crimen-ministerioso","status":"publish","type":"page","link":"https:\/\/www.lirapopular.cl\/lirapopularxix\/doble-crimen-ministerioso\/","title":{"rendered":"Doble crimen ministerioso <br>EN COPIAPO <br>El marido le di\u00f3 muerte a la esposa y en seguida se victim\u00f3 \u00e9l"},"content":{"rendered":"\n<div class=\"wp-block-image\"><figure class=\"alignright size-medium\"><a href=\"https:\/\/www.lirapopular.cl\/lirapopularxix\/wp-content\/uploads\/2020\/09\/LO0012393.jpg\"><img loading=\"lazy\" decoding=\"async\" width=\"300\" height=\"195\" src=\"https:\/\/www.lirapopular.cl\/lirapopularxix\/wp-content\/uploads\/2020\/09\/LO0012393-300x195.jpg\" alt=\"\" class=\"wp-image-12529\" srcset=\"https:\/\/www.lirapopular.cl\/lirapopularxix\/wp-content\/uploads\/2020\/09\/LO0012393-300x195.jpg 300w, https:\/\/www.lirapopular.cl\/lirapopularxix\/wp-content\/uploads\/2020\/09\/LO0012393-768x498.jpg 768w, https:\/\/www.lirapopular.cl\/lirapopularxix\/wp-content\/uploads\/2020\/09\/LO0012393.jpg 1000w\" sizes=\"auto, (max-width: 300px) 100vw, 300px\" \/><\/a><figcaption>Archivo de Literatura Oral<br>Colecci\u00f3n Alamiro de \u00c1vila<\/figcaption><\/figure><\/div>\n\n\n\n<p>Autor: Daniel Meneses. Poeta nacional chileno. Quebrada de M\u00e1rquez N\u00ba 57<br>Impresor: Imp. y Lit. de G. A. Rohde y Ca. Valp.<br>Tama\u00f1o: 55 x 39 cm<br>Clasificaci\u00f3n: BN C\u00f3digo:\u00a0LO0012393<\/p>\n\n\n\n<ul class=\"wp-block-list\"><li><a href=\"https:\/\/www.lirapopular.cl\/lirapopularxix\/2020\/09\/26\/la-lei-contra-el-alcoholismo\/\">La ley contra el alcoholismo. Guerra a muerte a los falsificadores y a los borrachos<\/a><\/li><li><a href=\"https:\/\/www.lirapopular.cl\/lirapopularxix\/2020\/09\/26\/versos-de-literatura-30\/\">Versos de literatura<\/a><\/li><li><a href=\"https:\/\/www.lirapopular.cl\/lirapopularxix\/2020\/09\/26\/versos-por-la-historia-de-carlos-magno-sobre-el-desafio-que-le-hizo-fierabras\/\">Versos por la historia de C\u00e1rlos Magno sobre el desaf\u00edo que le hizo Fierabras<\/a><\/li><li><a href=\"https:\/\/www.lirapopular.cl\/lirapopularxix\/2020\/09\/26\/versos-a-lo-divinola-resureccion-de-lazaro\/\">Versos a lo divino. La resurreci\u00f3n de L\u00e1zaro<\/a><\/li><li><a href=\"https:\/\/www.lirapopular.cl\/lirapopularxix\/2020\/09\/26\/doble-crimen-misterioso\/\">Doble crimen misterioso en Copiap\u00f3. El marido le dio muerte a la esposa y en seguidas se victim\u00f3 \u00e9l<\/a><\/li><li><a href=\"https:\/\/www.lirapopular.cl\/lirapopularxix\/2020\/09\/26\/mi-lei-en-contra-del-alco-holismo\/\">Mi ley en contra del alcoholismo.<\/a><\/li><\/ul>\n\n\n\n<p>Nota: Este ejemplar tiene escrito a mano con l\u00e1piz azul \u201c12\u201d, con plum\u00f3n &#8220;67&#8221; y por el reverso sobre un papel &#8220;10&#8221;.<br>Documento optimizado digitalmente.<\/p>\n","protected":false},"excerpt":{"rendered":"<p>Autor: Daniel Meneses. Poeta nacional chileno. Quebrada de M\u00e1rquez N\u00ba 57Impresor: Imp. y Lit. de G. A. Rohde y Ca. Valp.Tama\u00f1o: 55 x 39 cmClasificaci\u00f3n: BN C\u00f3digo:\u00a0LO0012393 La ley contra el alcoholismo. Guerra a muerte a los falsificadores y a los borrachos Versos de literatura Versos por la historia de C\u00e1rlos Magno sobre el desaf\u00edo [&hellip;]<\/p>\n","protected":false},"author":1,"featured_media":0,"parent":0,"menu_order":0,"comment_status":"closed","ping_status":"closed","template":"","meta":{"footnotes":""},"class_list":["post-12528","page","type-page","status-publish","hentry"],"jetpack_sharing_enabled":true,"_links":{"self":[{"href":"https:\/\/www.lirapopular.cl\/lirapopularxix\/wp-json\/wp\/v2\/pages\/12528","targetHints":{"allow":["GET"]}}],"collection":[{"href":"https:\/\/www.lirapopular.cl\/lirapopularxix\/wp-json\/wp\/v2\/pages"}],"about":[{"href":"https:\/\/www.lirapopular.cl\/lirapopularxix\/wp-json\/wp\/v2\/types\/page"}],"author":[{"embeddable":true,"href":"https:\/\/www.lirapopular.cl\/lirapopularxix\/wp-json\/wp\/v2\/users\/1"}],"replies":[{"embeddable":true,"href":"https:\/\/www.lirapopular.cl\/lirapopularxix\/wp-json\/wp\/v2\/comments?post=12528"}],"version-history":[{"count":0,"href":"https:\/\/www.lirapopular.cl\/lirapopularxix\/wp-json\/wp\/v2\/pages\/12528\/revisions"}],"wp:attachment":[{"href":"https:\/\/www.lirapopular.cl\/lirapopularxix\/wp-json\/wp\/v2\/media?parent=12528"}],"curies":[{"name":"wp","href":"https:\/\/api.w.org\/{rel}","templated":true}]}}