{"id":12484,"date":"2020-09-23T20:21:41","date_gmt":"2020-09-24T00:21:41","guid":{"rendered":"https:\/\/www.lirapopular.cl\/lirapopularxix\/?page_id=12484"},"modified":"2020-09-23T20:21:41","modified_gmt":"2020-09-24T00:21:41","slug":"dialogo-entre-el-rotito-del-norte","status":"publish","type":"page","link":"https:\/\/www.lirapopular.cl\/lirapopularxix\/dialogo-entre-el-rotito-del-norte\/","title":{"rendered":"Di\u00e1logo entre el rotito del norte i el del sur tocante a pol\u00edtica <br>La peruana que se envenen\u00f3 por el amor en Santiago i la ni\u00f1a que \u00faltimo <br>a otra a pu\u00f1aladas de picada"},"content":{"rendered":"<div class=\"wp-block-image\">\n<figure class=\"alignright size-medium\"><a href=\"https:\/\/www.lirapopular.cl\/lirapopularxix\/wp-content\/uploads\/2020\/09\/LO0012253.jpg\"><img loading=\"lazy\" decoding=\"async\" width=\"210\" height=\"300\" src=\"https:\/\/www.lirapopular.cl\/lirapopularxix\/wp-content\/uploads\/2020\/09\/LO0012253-210x300.jpg\" alt=\"\" class=\"wp-image-12486\" srcset=\"https:\/\/www.lirapopular.cl\/lirapopularxix\/wp-content\/uploads\/2020\/09\/LO0012253-210x300.jpg 210w, https:\/\/www.lirapopular.cl\/lirapopularxix\/wp-content\/uploads\/2020\/09\/LO0012253.jpg 700w\" sizes=\"auto, (max-width: 210px) 100vw, 210px\" \/><\/a><figcaption class=\"wp-element-caption\">Archivo de Literatura Oral<br>Fondo Rodolfo Lenz<\/figcaption><\/figure>\n<\/div>\n\n\n<p>Autor: Daniel Meneses. Poeta nortino, Morand\u00e9, 8-A<br>Impresor: Imprenta Moneda,<br>Tama\u00f1o: 53 x 39 cm<br>Clasificaci\u00f3n: BN C\u00f3digo:&nbsp;LO0012253, BN C\u00f3digo:&nbsp;LO0012348<\/p>\n\n\n\n<ul class=\"wp-block-list\">\n<li><a href=\"https:\/\/www.lirapopular.cl\/lirapopularxix\/2020\/09\/24\/versosdedicados-al-poeta-pequenpor-venir-desafiandolos-a-todos\/\">Versos dedicados al poeta Pequ\u00e9n por venir desafi\u00e1ndolos a todos<\/a><\/li>\n\n\n\n<li><a href=\"https:\/\/www.lirapopular.cl\/lirapopularxix\/2020\/09\/24\/versos-de-puro-amor-14\/\">Versos de puro amor<\/a><\/li>\n\n\n\n<li><a href=\"https:\/\/www.lirapopular.cl\/lirapopularxix\/2020\/09\/24\/versos-humanosquien-supiera-lo-que-le-puedepasar-de-un-dia-a-otro\/\">Versos humanos. Qui\u00e9n supiera lo que le puede pasar de un d\u00eda a otro<\/a><\/li>\n\n\n\n<li><a href=\"https:\/\/www.lirapopular.cl\/lirapopularxix\/2020\/09\/24\/dialogo-entre-el-rotitodel-norte-i-el-de-surtocante-a-politica\/\">Di\u00e1logo entre el rotito del norte y el del sur tocante a pol\u00edtica<\/a><\/li>\n\n\n\n<li><a href=\"https:\/\/www.lirapopular.cl\/lirapopularxix\/2020\/09\/24\/la-peruana-que-se-enveneno\/\">La peruana que se envenen\u00f3 por el amor en Santiago y la ni\u00f1a que ultim\u00f3 a otra a pu\u00f1aladas, de picada<\/a><\/li>\n\n\n\n<li><a href=\"https:\/\/www.lirapopular.cl\/lirapopularxix\/2020\/09\/24\/el-crimende-la-calle-del-cementerio\/\">El cr\u00edmen de la calle del cementerio<\/a><\/li>\n<\/ul>\n\n\n<div class=\"wp-block-image\">\n<figure class=\"alignright size-medium\"><a href=\"https:\/\/www.lirapopular.cl\/lirapopularxix\/wp-content\/uploads\/2020\/09\/LO0012348.jpg\"><img loading=\"lazy\" decoding=\"async\" width=\"300\" height=\"192\" src=\"https:\/\/www.lirapopular.cl\/lirapopularxix\/wp-content\/uploads\/2020\/09\/LO0012348-300x192.jpg\" alt=\"\" class=\"wp-image-12487\" srcset=\"https:\/\/www.lirapopular.cl\/lirapopularxix\/wp-content\/uploads\/2020\/09\/LO0012348-300x192.jpg 300w, https:\/\/www.lirapopular.cl\/lirapopularxix\/wp-content\/uploads\/2020\/09\/LO0012348-768x492.jpg 768w, https:\/\/www.lirapopular.cl\/lirapopularxix\/wp-content\/uploads\/2020\/09\/LO0012348.jpg 1000w\" sizes=\"auto, (max-width: 300px) 100vw, 300px\" \/><\/a><figcaption class=\"wp-element-caption\">Archivo de Literatura Oral<br>Colecci\u00f3n Alamiro de \u00c1vila<\/figcaption><\/figure>\n<\/div>\n\n\n<p>Nota: El 1er ejemplar tiene escrito a mano con l\u00e1piz rojo \u201c-47-\u201d, con l\u00e1piz grafito &#8220;1897&#8221;, &#8220;86&#8221; y con un timbre &#8220;456&#8221;.<br>El 2\u00ba ejemplar tiene escrito a mano con plum\u00f3n \u201c21\u201d y por el reverso con l\u00e1piz &#8220;253&#8221;.<br>Documentos optimizados digitalmente.<\/p>\n","protected":false},"excerpt":{"rendered":"<p>Autor: Daniel Meneses. Poeta nortino, Morand\u00e9, 8-AImpresor: Imprenta Moneda,Tama\u00f1o: 53 x 39 cmClasificaci\u00f3n: BN C\u00f3digo:&nbsp;LO0012253, BN C\u00f3digo:&nbsp;LO0012348 Nota: El 1er ejemplar tiene escrito a mano con l\u00e1piz rojo \u201c-47-\u201d, con l\u00e1piz grafito &#8220;1897&#8221;, &#8220;86&#8221; y con un timbre &#8220;456&#8221;.El 2\u00ba ejemplar tiene escrito a mano con plum\u00f3n \u201c21\u201d y por el reverso con l\u00e1piz &#8220;253&#8221;.Documentos [&hellip;]<\/p>\n","protected":false},"author":1,"featured_media":0,"parent":0,"menu_order":0,"comment_status":"closed","ping_status":"closed","template":"","meta":{"footnotes":""},"class_list":["post-12484","page","type-page","status-publish","hentry"],"jetpack_sharing_enabled":true,"_links":{"self":[{"href":"https:\/\/www.lirapopular.cl\/lirapopularxix\/wp-json\/wp\/v2\/pages\/12484","targetHints":{"allow":["GET"]}}],"collection":[{"href":"https:\/\/www.lirapopular.cl\/lirapopularxix\/wp-json\/wp\/v2\/pages"}],"about":[{"href":"https:\/\/www.lirapopular.cl\/lirapopularxix\/wp-json\/wp\/v2\/types\/page"}],"author":[{"embeddable":true,"href":"https:\/\/www.lirapopular.cl\/lirapopularxix\/wp-json\/wp\/v2\/users\/1"}],"replies":[{"embeddable":true,"href":"https:\/\/www.lirapopular.cl\/lirapopularxix\/wp-json\/wp\/v2\/comments?post=12484"}],"version-history":[{"count":0,"href":"https:\/\/www.lirapopular.cl\/lirapopularxix\/wp-json\/wp\/v2\/pages\/12484\/revisions"}],"wp:attachment":[{"href":"https:\/\/www.lirapopular.cl\/lirapopularxix\/wp-json\/wp\/v2\/media?parent=12484"}],"curies":[{"name":"wp","href":"https:\/\/api.w.org\/{rel}","templated":true}]}}