{"id":12428,"date":"2020-09-21T19:03:15","date_gmt":"2020-09-21T23:03:15","guid":{"rendered":"https:\/\/www.lirapopular.cl\/lirapopularxix\/?page_id=12428"},"modified":"2020-09-21T19:03:15","modified_gmt":"2020-09-21T23:03:15","slug":"crimen-salvaje-en-illapel","status":"publish","type":"page","link":"https:\/\/www.lirapopular.cl\/lirapopularxix\/crimen-salvaje-en-illapel\/","title":{"rendered":"Cr\u00edmen salvaje en Illapel <br>El zapatero que ultim\u00f3 a la esposa a martillazos porque le neg\u00f3 un veinte para emborracharse"},"content":{"rendered":"\n<div class=\"wp-block-image\"><figure class=\"alignright size-medium\"><a href=\"https:\/\/www.lirapopular.cl\/lirapopularxix\/wp-content\/uploads\/2020\/09\/LO0012340.jpg\"><img loading=\"lazy\" decoding=\"async\" width=\"300\" height=\"198\" src=\"https:\/\/www.lirapopular.cl\/lirapopularxix\/wp-content\/uploads\/2020\/09\/LO0012340-300x198.jpg\" alt=\"\" class=\"wp-image-12429\" srcset=\"https:\/\/www.lirapopular.cl\/lirapopularxix\/wp-content\/uploads\/2020\/09\/LO0012340-300x198.jpg 300w, https:\/\/www.lirapopular.cl\/lirapopularxix\/wp-content\/uploads\/2020\/09\/LO0012340-768x506.jpg 768w, https:\/\/www.lirapopular.cl\/lirapopularxix\/wp-content\/uploads\/2020\/09\/LO0012340.jpg 1000w\" sizes=\"auto, (max-width: 300px) 100vw, 300px\" \/><\/a><figcaption>Archivo de Literatura Oral<br>Colecci\u00f3n Alamiro de \u00c1vila<\/figcaption><\/figure><\/div>\n\n\n\n<p>Autor: Daniel Meneses. Poeta nacional chileno. Quebrada de M\u00e1rquez, N\u00fam. 114<br>Impresor: Imp. G. Weidmann, Valp.<br>Tama\u00f1o: 55 x 39 cm<br>Clasificaci\u00f3n: BN C\u00f3digo:\u00a0LO0012340<\/p>\n\n\n\n<ul class=\"wp-block-list\"><li><a href=\"https:\/\/www.lirapopular.cl\/lirapopularxix\/2020\/09\/22\/versos-biblicos-a-lo-divinola-venta-de-jose-por-sushermanos\/\">Versos b\u00edblicos a lo divino. La venta de Jos\u00e9 por sus hermanos<\/a><\/li><li><a href=\"https:\/\/www.lirapopular.cl\/lirapopularxix\/2020\/09\/22\/versos-de-puro-amor-12\/\">Versos de puro amor<\/a><\/li><li><a href=\"https:\/\/www.lirapopular.cl\/lirapopularxix\/2020\/09\/22\/lapaloma-inconstante\/\">La paloma inconstante<\/a><\/li><li><a href=\"https:\/\/www.lirapopular.cl\/lirapopularxix\/2020\/09\/22\/contrapuntode-un-policial-con-un-borracho\/\">Contrapunto de un policial con un borracho<\/a><\/li><li><a href=\"https:\/\/www.lirapopular.cl\/lirapopularxix\/2020\/09\/22\/contesta-el-borracho\/\">Contesta el borracho<\/a><\/li><li><a href=\"https:\/\/www.lirapopular.cl\/lirapopularxix\/2020\/09\/22\/crimen-salvajeen-illapel\/\">Crimen salvaje en Illapel<\/a><\/li><\/ul>\n\n\n\n<p>Nota: Este ejemplar tiene escrito a mano con plum\u00f3n &#8220;13\u201d.<br>Documento optimizado digitalmente.<\/p>\n","protected":false},"excerpt":{"rendered":"<p>Autor: Daniel Meneses. Poeta nacional chileno. Quebrada de M\u00e1rquez, N\u00fam. 114Impresor: Imp. G. Weidmann, Valp.Tama\u00f1o: 55 x 39 cmClasificaci\u00f3n: BN C\u00f3digo:\u00a0LO0012340 Versos b\u00edblicos a lo divino. La venta de Jos\u00e9 por sus hermanos Versos de puro amor La paloma inconstante Contrapunto de un policial con un borracho Contesta el borracho Crimen salvaje en Illapel Nota: [&hellip;]<\/p>\n","protected":false},"author":1,"featured_media":0,"parent":0,"menu_order":0,"comment_status":"closed","ping_status":"closed","template":"","meta":{"footnotes":""},"class_list":["post-12428","page","type-page","status-publish","hentry"],"jetpack_sharing_enabled":true,"_links":{"self":[{"href":"https:\/\/www.lirapopular.cl\/lirapopularxix\/wp-json\/wp\/v2\/pages\/12428","targetHints":{"allow":["GET"]}}],"collection":[{"href":"https:\/\/www.lirapopular.cl\/lirapopularxix\/wp-json\/wp\/v2\/pages"}],"about":[{"href":"https:\/\/www.lirapopular.cl\/lirapopularxix\/wp-json\/wp\/v2\/types\/page"}],"author":[{"embeddable":true,"href":"https:\/\/www.lirapopular.cl\/lirapopularxix\/wp-json\/wp\/v2\/users\/1"}],"replies":[{"embeddable":true,"href":"https:\/\/www.lirapopular.cl\/lirapopularxix\/wp-json\/wp\/v2\/comments?post=12428"}],"version-history":[{"count":0,"href":"https:\/\/www.lirapopular.cl\/lirapopularxix\/wp-json\/wp\/v2\/pages\/12428\/revisions"}],"wp:attachment":[{"href":"https:\/\/www.lirapopular.cl\/lirapopularxix\/wp-json\/wp\/v2\/media?parent=12428"}],"curies":[{"name":"wp","href":"https:\/\/api.w.org\/{rel}","templated":true}]}}