{"id":12368,"date":"2020-09-17T14:44:34","date_gmt":"2020-09-17T18:44:34","guid":{"rendered":"https:\/\/www.lirapopular.cl\/lirapopularxix\/?page_id=12368"},"modified":"2020-09-17T14:44:34","modified_gmt":"2020-09-17T18:44:34","slug":"crimen-horrendo-un-doble-asesinato-en-talca","status":"publish","type":"page","link":"https:\/\/www.lirapopular.cl\/lirapopularxix\/crimen-horrendo-un-doble-asesinato-en-talca\/","title":{"rendered":"CR\u00cdMEN HORRENDO <br>UN DOBLE ASESINATO EN TALCA <br>UN HOMBRE MAT\u00d3 A DOS"},"content":{"rendered":"\n<div class=\"wp-block-image\"><figure class=\"alignright size-medium\"><a href=\"https:\/\/www.lirapopular.cl\/lirapopularxix\/wp-content\/uploads\/2020\/09\/LO0012241.jpg\"><img decoding=\"async\" src=\"https:\/\/www.lirapopular.cl\/lirapopularxix\/wp-content\/uploads\/2020\/09\/LO0012241-208x300.jpg\" alt=\"\" class=\"wp-image-12370\"\/><\/a><figcaption>Archivo de Literatura Oral<br>Fondo Rodolfo Lenz<\/figcaption><\/figure><\/div>\n\n\n\n<p>Autor: Daniel Meneses.<br>Impresor: Sin informaci\u00f3n<br>Tama\u00f1o: 56 x 39 cm<br>Clasificaci\u00f3n: BN C\u00f3digo:\u00a0LO0012241<\/p>\n\n\n\n<ul class=\"wp-block-list\"><li><a href=\"https:\/\/www.lirapopular.cl\/lirapopularxix\/2020\/09\/17\/contestacional-poeta-reyescontrarrestado\/\">Contestaci\u00f3n al poeta Reyes, contrarrestado<\/a><\/li><li><a href=\"https:\/\/www.lirapopular.cl\/lirapopularxix\/2020\/09\/17\/el-contrarresto-2\/\">El contrarresto<\/a><\/li><li><a href=\"https:\/\/www.lirapopular.cl\/lirapopularxix\/2020\/09\/17\/crimen-horrendoun-doble-asesinato-en-talcaun-hombre-mato-a-dos\/\">Crimen horrendo. Un doble asesinato en Talca, un hombre mat\u00f3 a dos<\/a><\/li><li><a href=\"https:\/\/www.lirapopular.cl\/lirapopularxix\/2020\/09\/17\/versos-dedicadosa-los-tramposos-i-tramposas\/\">Versos dedicados a los tramposos y tramposas<\/a><\/li><li><a href=\"https:\/\/www.lirapopular.cl\/lirapopularxix\/2020\/09\/17\/las-ultimas-poesiasescritas-en-tiempo-de-ladictadura\/\">Las \u00faltimas poes\u00edas escritas en tiempo de la dictadura<\/a><\/li><li><a href=\"https:\/\/www.lirapopular.cl\/lirapopularxix\/2020\/09\/17\/versos-por-astronomia\/\">Versos por astronom\u00eda<\/a><\/li><\/ul>\n\n\n\n<p>Nota: Este ejemplar tiene escrito a mano con l\u00e1piz azul \u201c-35-\u201d, con rojo &#8220;9&#8221;, con l\u00e1piz grafito &#8220;1891?&#8221;, &#8220;35&#8221;, con pluma numeraci\u00f3n de las d\u00e9cimas y con un timbre &#8220;0226&#8221;.<br>Documento optimizado digitalmente.<\/p>\n","protected":false},"excerpt":{"rendered":"<p>Autor: Daniel Meneses.Impresor: Sin informaci\u00f3nTama\u00f1o: 56 x 39 cmClasificaci\u00f3n: BN C\u00f3digo:\u00a0LO0012241 Contestaci\u00f3n al poeta Reyes, contrarrestado El contrarresto Crimen horrendo. Un doble asesinato en Talca, un hombre mat\u00f3 a dos Versos dedicados a los tramposos y tramposas Las \u00faltimas poes\u00edas escritas en tiempo de la dictadura Versos por astronom\u00eda Nota: Este ejemplar tiene escrito a [&hellip;]<\/p>\n","protected":false},"author":1,"featured_media":0,"parent":0,"menu_order":0,"comment_status":"closed","ping_status":"closed","template":"","meta":{"footnotes":""},"class_list":["post-12368","page","type-page","status-publish","hentry"],"jetpack_sharing_enabled":true,"_links":{"self":[{"href":"https:\/\/www.lirapopular.cl\/lirapopularxix\/wp-json\/wp\/v2\/pages\/12368","targetHints":{"allow":["GET"]}}],"collection":[{"href":"https:\/\/www.lirapopular.cl\/lirapopularxix\/wp-json\/wp\/v2\/pages"}],"about":[{"href":"https:\/\/www.lirapopular.cl\/lirapopularxix\/wp-json\/wp\/v2\/types\/page"}],"author":[{"embeddable":true,"href":"https:\/\/www.lirapopular.cl\/lirapopularxix\/wp-json\/wp\/v2\/users\/1"}],"replies":[{"embeddable":true,"href":"https:\/\/www.lirapopular.cl\/lirapopularxix\/wp-json\/wp\/v2\/comments?post=12368"}],"version-history":[{"count":0,"href":"https:\/\/www.lirapopular.cl\/lirapopularxix\/wp-json\/wp\/v2\/pages\/12368\/revisions"}],"wp:attachment":[{"href":"https:\/\/www.lirapopular.cl\/lirapopularxix\/wp-json\/wp\/v2\/media?parent=12368"}],"curies":[{"name":"wp","href":"https:\/\/api.w.org\/{rel}","templated":true}]}}