{"id":12292,"date":"2020-09-14T16:01:05","date_gmt":"2020-09-14T20:01:05","guid":{"rendered":"https:\/\/www.lirapopular.cl\/lirapopularxix\/?page_id=12292"},"modified":"2020-09-14T16:01:05","modified_gmt":"2020-09-14T20:01:05","slug":"crimen-atroz-en-tucuman","status":"publish","type":"page","link":"https:\/\/www.lirapopular.cl\/lirapopularxix\/crimen-atroz-en-tucuman\/","title":{"rendered":"Cr\u00edmen atroz en Tucuman <br>La hija que mat\u00f3 al padre y a la madre <br>y a 2 hermanitos mas .\u2014 UN REO condenado a muerte"},"content":{"rendered":"\n<div class=\"wp-block-image\"><figure class=\"alignright size-medium\"><a href=\"https:\/\/www.lirapopular.cl\/lirapopularxix\/wp-content\/uploads\/2020\/09\/LO0012443.jpg\"><img loading=\"lazy\" decoding=\"async\" width=\"300\" height=\"200\" src=\"https:\/\/www.lirapopular.cl\/lirapopularxix\/wp-content\/uploads\/2020\/09\/LO0012443-300x200.jpg\" alt=\"\" class=\"wp-image-12293\" srcset=\"https:\/\/www.lirapopular.cl\/lirapopularxix\/wp-content\/uploads\/2020\/09\/LO0012443-300x200.jpg 300w, https:\/\/www.lirapopular.cl\/lirapopularxix\/wp-content\/uploads\/2020\/09\/LO0012443-768x513.jpg 768w, https:\/\/www.lirapopular.cl\/lirapopularxix\/wp-content\/uploads\/2020\/09\/LO0012443.jpg 1000w\" sizes=\"auto, (max-width: 300px) 100vw, 300px\" \/><\/a><figcaption>Archivo de Literatura Oral<br>Colecci\u00f3n Alamiro de \u00c1vila<\/figcaption><\/figure><\/div>\n\n\n\n<p>Autor: Daniel Meneses. Poeta nacional chileno.<br>Impresor: Imp. Le\u00f3n V\u00edctor Caldera.\u2014Bandera 919<br>Tama\u00f1o: 51 x 36\u00a0 cm<br>Clasificaci\u00f3n: BN C\u00f3digo:\u00a0LO0012443<\/p>\n\n\n\n<ul class=\"wp-block-list\"><li><a href=\"https:\/\/www.lirapopular.cl\/lirapopularxix\/2020\/09\/14\/versos-historicosgrandes-conquistas-de-alejan-dro-rei-de-la-macedonia\/\">Versos hist\u00f3ricos : grandes conquistas de Alejandro, rey de la Macedonia<\/a><\/li><li><a href=\"https:\/\/www.lirapopular.cl\/lirapopularxix\/2020\/09\/14\/ofertasde-un-enamoradoa-la-duena-de-su-corazon\/\">Ofertas de un enamorado a la due\u00f1a de su coraz\u00f3n<\/a><\/li><li><a href=\"https:\/\/www.lirapopular.cl\/lirapopularxix\/2020\/09\/14\/el-agricultori-el-enemigo-malo\/\">El agricultor y el enemigo malo<\/a><\/li><li><a href=\"https:\/\/www.lirapopular.cl\/lirapopularxix\/2020\/09\/14\/contrapunto-guerreroentre-los-dos-emperadoresel-mikado-del-japon-i-el-czarde-rusia\/\">Contrapunto guerrero entre los dos emperadores. El Mikado del Jap\u00f3n y el zar de Rusia<\/a><\/li><li><a href=\"https:\/\/www.lirapopular.cl\/lirapopularxix\/2020\/09\/14\/crimen-atrozen-tucumanla-hija-que-mato-al-padre-i-lamadre-i-a-dos-hermanitosmas-i-un-reo-condenado-amuerte\/\">Crimen atroz en Tucum\u00e1n. La hija que mat\u00f3 al padre y la madre y a dos hermanitos m\u00e1s y un reo condenado a muerte<\/a><\/li><li><a href=\"https:\/\/www.lirapopular.cl\/lirapopularxix\/2020\/09\/14\/la-violacion-de-una-hija\/\">La violaci\u00f3n de una hija<\/a><\/li><\/ul>\n\n\n\n<p>Nota: Este ejemplar tiene escrito a mano con plum\u00f3n \u201c117\u201d, por el reverso con l\u00e1piz &#8220;133&#8221;.<br>Documento optimizado digitalmente.<\/p>\n","protected":false},"excerpt":{"rendered":"<p>Autor: Daniel Meneses. Poeta nacional chileno.Impresor: Imp. Le\u00f3n V\u00edctor Caldera.\u2014Bandera 919Tama\u00f1o: 51 x 36\u00a0 cmClasificaci\u00f3n: BN C\u00f3digo:\u00a0LO0012443 Versos hist\u00f3ricos : grandes conquistas de Alejandro, rey de la Macedonia Ofertas de un enamorado a la due\u00f1a de su coraz\u00f3n El agricultor y el enemigo malo Contrapunto guerrero entre los dos emperadores. El Mikado del Jap\u00f3n y [&hellip;]<\/p>\n","protected":false},"author":1,"featured_media":0,"parent":0,"menu_order":0,"comment_status":"closed","ping_status":"closed","template":"","meta":{"footnotes":""},"class_list":["post-12292","page","type-page","status-publish","hentry"],"jetpack_sharing_enabled":true,"_links":{"self":[{"href":"https:\/\/www.lirapopular.cl\/lirapopularxix\/wp-json\/wp\/v2\/pages\/12292","targetHints":{"allow":["GET"]}}],"collection":[{"href":"https:\/\/www.lirapopular.cl\/lirapopularxix\/wp-json\/wp\/v2\/pages"}],"about":[{"href":"https:\/\/www.lirapopular.cl\/lirapopularxix\/wp-json\/wp\/v2\/types\/page"}],"author":[{"embeddable":true,"href":"https:\/\/www.lirapopular.cl\/lirapopularxix\/wp-json\/wp\/v2\/users\/1"}],"replies":[{"embeddable":true,"href":"https:\/\/www.lirapopular.cl\/lirapopularxix\/wp-json\/wp\/v2\/comments?post=12292"}],"version-history":[{"count":0,"href":"https:\/\/www.lirapopular.cl\/lirapopularxix\/wp-json\/wp\/v2\/pages\/12292\/revisions"}],"wp:attachment":[{"href":"https:\/\/www.lirapopular.cl\/lirapopularxix\/wp-json\/wp\/v2\/media?parent=12292"}],"curies":[{"name":"wp","href":"https:\/\/api.w.org\/{rel}","templated":true}]}}