{"id":12247,"date":"2020-09-11T17:42:32","date_gmt":"2020-09-11T21:42:32","guid":{"rendered":"https:\/\/www.lirapopular.cl\/lirapopularxix\/?page_id=12247"},"modified":"2020-09-11T17:42:32","modified_gmt":"2020-09-11T21:42:32","slug":"recuerdo-del-triste-fin","status":"publish","type":"page","link":"https:\/\/www.lirapopular.cl\/lirapopularxix\/recuerdo-del-triste-fin\/","title":{"rendered":"Recuerdo del triste fin del sub-inspector Letelier donde fu\u00e9 asesinado <br>CONMEMORACION DE LAS GRANDES BATALLAS"},"content":{"rendered":"\n<div class=\"wp-block-image\"><figure class=\"alignright size-medium\"><a href=\"https:\/\/www.lirapopular.cl\/lirapopularxix\/wp-content\/uploads\/2020\/09\/LO0012357.jpg\"><img loading=\"lazy\" decoding=\"async\" width=\"300\" height=\"199\" src=\"https:\/\/www.lirapopular.cl\/lirapopularxix\/wp-content\/uploads\/2020\/09\/LO0012357-300x199.jpg\" alt=\"\" class=\"wp-image-12248\" srcset=\"https:\/\/www.lirapopular.cl\/lirapopularxix\/wp-content\/uploads\/2020\/09\/LO0012357-300x199.jpg 300w, https:\/\/www.lirapopular.cl\/lirapopularxix\/wp-content\/uploads\/2020\/09\/LO0012357-768x509.jpg 768w, https:\/\/www.lirapopular.cl\/lirapopularxix\/wp-content\/uploads\/2020\/09\/LO0012357.jpg 1000w\" sizes=\"auto, (max-width: 300px) 100vw, 300px\" \/><\/a><figcaption>Archivo de Literatura Oral<br>Colecci\u00f3n Alamiro de \u00c1vila<\/figcaption><\/figure><\/div>\n\n\n\n<p>Autor: Daniel Meneses. Poeta nacional chileno.\u2014Calle Morand\u00e9, N\u00fam. 955<br>Impresor: Imp. Moneda, 843<br>Tama\u00f1o: 55 x 39 cm<br>Clasificaci\u00f3n: BN C\u00f3digo:\u00a0LO0012357<\/p>\n\n\n\n<ul class=\"wp-block-list\"><li><a href=\"https:\/\/www.lirapopular.cl\/lirapopularxix\/2020\/09\/12\/las-senas-de-mi-querida\/\">Las se\u00f1as de mi querida<\/a><\/li><li><a href=\"https:\/\/www.lirapopular.cl\/lirapopularxix\/2020\/09\/12\/la-solitaria-avecilla\/\">La solitaria avecilla<\/a><\/li><li><a href=\"https:\/\/www.lirapopular.cl\/lirapopularxix\/2020\/09\/12\/composicion-literariala-desgracia-de-chile\/\">Composici\u00f3n literaria. La desgracia de Chile<\/a><\/li><li><a href=\"https:\/\/www.lirapopular.cl\/lirapopularxix\/2020\/09\/12\/conmemoracionde-las-grandes\/\">Conmemoraci\u00f3n de las grandes batallas que tuvo Chile para hacerse independiente, la valent\u00eda de los chilenos<\/a><\/li><li><a href=\"https:\/\/www.lirapopular.cl\/lirapopularxix\/2020\/09\/12\/cancion-nacional-chilenanueva-composicion\/\">Canci\u00f3n nacional chilena. Nueva composici\u00f3n<\/a><\/li><li><a href=\"https:\/\/www.lirapopular.cl\/lirapopularxix\/2020\/09\/12\/cuadrillazo-poeticoa-juan-bautista-peralta\/\">Cuadrillazo po\u00e9tico a Juan Bautista Peralta<\/a><\/li><li><a href=\"https:\/\/www.lirapopular.cl\/lirapopularxix\/2020\/09\/12\/recuerdodel-triste-fin\/\">Recuerdo del triste fin del sub-inspector Letelier donde fu\u00e9 asesinado por equivocacion por un honrado morador<\/a><\/li><\/ul>\n\n\n\n<p>Nota: Este ejemplar tiene escrito a mano con l\u00e1piz azul \u201c2\u201d y con plum\u00f3n&#8221;30&#8243;, por el reverso con l\u00e1piz&#8221;142&#8243;.<br>Documento optimizado digitalmente.<\/p>\n","protected":false},"excerpt":{"rendered":"<p>Autor: Daniel Meneses. Poeta nacional chileno.\u2014Calle Morand\u00e9, N\u00fam. 955Impresor: Imp. Moneda, 843Tama\u00f1o: 55 x 39 cmClasificaci\u00f3n: BN C\u00f3digo:\u00a0LO0012357 Las se\u00f1as de mi querida La solitaria avecilla Composici\u00f3n literaria. La desgracia de Chile Conmemoraci\u00f3n de las grandes batallas que tuvo Chile para hacerse independiente, la valent\u00eda de los chilenos Canci\u00f3n nacional chilena. Nueva composici\u00f3n Cuadrillazo po\u00e9tico [&hellip;]<\/p>\n","protected":false},"author":1,"featured_media":0,"parent":0,"menu_order":0,"comment_status":"closed","ping_status":"closed","template":"","meta":{"footnotes":""},"class_list":["post-12247","page","type-page","status-publish","hentry"],"jetpack_sharing_enabled":true,"_links":{"self":[{"href":"https:\/\/www.lirapopular.cl\/lirapopularxix\/wp-json\/wp\/v2\/pages\/12247","targetHints":{"allow":["GET"]}}],"collection":[{"href":"https:\/\/www.lirapopular.cl\/lirapopularxix\/wp-json\/wp\/v2\/pages"}],"about":[{"href":"https:\/\/www.lirapopular.cl\/lirapopularxix\/wp-json\/wp\/v2\/types\/page"}],"author":[{"embeddable":true,"href":"https:\/\/www.lirapopular.cl\/lirapopularxix\/wp-json\/wp\/v2\/users\/1"}],"replies":[{"embeddable":true,"href":"https:\/\/www.lirapopular.cl\/lirapopularxix\/wp-json\/wp\/v2\/comments?post=12247"}],"version-history":[{"count":0,"href":"https:\/\/www.lirapopular.cl\/lirapopularxix\/wp-json\/wp\/v2\/pages\/12247\/revisions"}],"wp:attachment":[{"href":"https:\/\/www.lirapopular.cl\/lirapopularxix\/wp-json\/wp\/v2\/media?parent=12247"}],"curies":[{"name":"wp","href":"https:\/\/api.w.org\/{rel}","templated":true}]}}