{"id":1224,"date":"2019-06-23T21:37:04","date_gmt":"2019-06-24T01:37:04","guid":{"rendered":"https:\/\/www.lirapopular.cl\/lirapopularxix\/?page_id=1224"},"modified":"2019-06-23T21:37:04","modified_gmt":"2019-06-24T01:37:04","slug":"la-guardia-nacional","status":"publish","type":"page","link":"https:\/\/www.lirapopular.cl\/lirapopularxix\/la-guardia-nacional\/","title":{"rendered":"La Guardia Nacional"},"content":{"rendered":"\n<div class=\"wp-block-image\"><figure class=\"alignright\"><a href=\"https:\/\/www.lirapopular.cl\/lirapopularxix\/wp-content\/uploads\/2019\/06\/685Faltante.jpg\"><img loading=\"lazy\" decoding=\"async\" width=\"211\" height=\"300\" src=\"https:\/\/www.lirapopular.cl\/lirapopularxix\/wp-content\/uploads\/2019\/06\/685Faltante-211x300.jpg\" alt=\"\" class=\"wp-image-1225\" srcset=\"https:\/\/www.lirapopular.cl\/lirapopularxix\/wp-content\/uploads\/2019\/06\/685Faltante-211x300.jpg 211w, https:\/\/www.lirapopular.cl\/lirapopularxix\/wp-content\/uploads\/2019\/06\/685Faltante.jpg 704w\" sizes=\"auto, (max-width: 211px) 100vw, 211px\" \/><\/a><figcaption>Colecci\u00f3n Lira Popular de la Universidad de Chile<\/figcaption><\/figure><\/div>\n\n\n\n<p>Autor: An\u00f3nimo<br>Impresor: Imp. del Comercio<br>Tama\u00f1o: 52,8 x 37,3 cm<br>Clasificaci\u00f3n: 685 G914 Caja N\u00b012a<\/p>\n\n\n\n<ul class=\"wp-block-list\"><li><a href=\"https:\/\/www.lirapopular.cl\/lirapopularxix\/2019\/06\/23\/la-guardia-nacional\/\">La Guardia Nacional<\/a><\/li><li><a href=\"https:\/\/www.lirapopular.cl\/lirapopularxix\/2019\/06\/23\/el-payador-cuyano-y-el-chileno\/\">El Payador cuyano y el Chileno<\/a><\/li><li><a href=\"https:\/\/www.lirapopular.cl\/lirapopularxix\/2019\/06\/23\/adios\/\">\u00a1Adios!<\/a><\/li><li><a href=\"https:\/\/www.lirapopular.cl\/lirapopularxix\/2019\/06\/23\/carta-de-amor-de-un-pequenero\/\">Carta de amor de un pequenero<\/a><\/li><li><a href=\"https:\/\/www.lirapopular.cl\/lirapopularxix\/2019\/06\/23\/a-cuba\/\">A Cuba<\/a><\/li><\/ul>\n\n\n\n<p>Nota: Este ejemplar tiene escrito a mano con l\u00e1piz rojo \u201c685\u201d<\/p>\n","protected":false},"excerpt":{"rendered":"<p>Autor: An\u00f3nimoImpresor: Imp. del ComercioTama\u00f1o: 52,8 x 37,3 cmClasificaci\u00f3n: 685 G914 Caja N\u00b012a La Guardia Nacional El Payador cuyano y el Chileno \u00a1Adios! Carta de amor de un pequenero A Cuba Nota: Este ejemplar tiene escrito a mano con l\u00e1piz rojo \u201c685\u201d<\/p>\n","protected":false},"author":1,"featured_media":0,"parent":0,"menu_order":0,"comment_status":"closed","ping_status":"closed","template":"","meta":{"footnotes":""},"class_list":["post-1224","page","type-page","status-publish","hentry"],"jetpack_sharing_enabled":true,"_links":{"self":[{"href":"https:\/\/www.lirapopular.cl\/lirapopularxix\/wp-json\/wp\/v2\/pages\/1224","targetHints":{"allow":["GET"]}}],"collection":[{"href":"https:\/\/www.lirapopular.cl\/lirapopularxix\/wp-json\/wp\/v2\/pages"}],"about":[{"href":"https:\/\/www.lirapopular.cl\/lirapopularxix\/wp-json\/wp\/v2\/types\/page"}],"author":[{"embeddable":true,"href":"https:\/\/www.lirapopular.cl\/lirapopularxix\/wp-json\/wp\/v2\/users\/1"}],"replies":[{"embeddable":true,"href":"https:\/\/www.lirapopular.cl\/lirapopularxix\/wp-json\/wp\/v2\/comments?post=1224"}],"version-history":[{"count":0,"href":"https:\/\/www.lirapopular.cl\/lirapopularxix\/wp-json\/wp\/v2\/pages\/1224\/revisions"}],"wp:attachment":[{"href":"https:\/\/www.lirapopular.cl\/lirapopularxix\/wp-json\/wp\/v2\/media?parent=1224"}],"curies":[{"name":"wp","href":"https:\/\/api.w.org\/{rel}","templated":true}]}}