{"id":12227,"date":"2020-09-10T20:05:34","date_gmt":"2020-09-11T00:05:34","guid":{"rendered":"https:\/\/www.lirapopular.cl\/lirapopularxix\/?page_id=12227"},"modified":"2020-09-10T20:05:34","modified_gmt":"2020-09-11T00:05:34","slug":"completos-detalles-2","status":"publish","type":"page","link":"https:\/\/www.lirapopular.cl\/lirapopularxix\/completos-detalles-2\/","title":{"rendered":"COMPLETOS DETALLES <br>del nefando cr\u00edmen del cerro Baron"},"content":{"rendered":"\n<div class=\"wp-block-image\"><figure class=\"alignright size-medium\"><a href=\"https:\/\/www.lirapopular.cl\/lirapopularxix\/wp-content\/uploads\/2020\/09\/LO0012385.jpg\"><img loading=\"lazy\" decoding=\"async\" width=\"300\" height=\"198\" src=\"https:\/\/www.lirapopular.cl\/lirapopularxix\/wp-content\/uploads\/2020\/09\/LO0012385-300x198.jpg\" alt=\"\" class=\"wp-image-12228\" srcset=\"https:\/\/www.lirapopular.cl\/lirapopularxix\/wp-content\/uploads\/2020\/09\/LO0012385-300x198.jpg 300w, https:\/\/www.lirapopular.cl\/lirapopularxix\/wp-content\/uploads\/2020\/09\/LO0012385-768x507.jpg 768w, https:\/\/www.lirapopular.cl\/lirapopularxix\/wp-content\/uploads\/2020\/09\/LO0012385.jpg 1000w\" sizes=\"auto, (max-width: 300px) 100vw, 300px\" \/><\/a><figcaption>Archivo de Literatura Oral<br>Colecci\u00f3n Alamiro de \u00c1vila<\/figcaption><\/figure><\/div>\n\n\n\n<p>Autor: Daniel Meneses. Poeta nacional chileno. Quebrada de M\u00e1rquez N\u00ba 57<br>Impresor: Imp. y Lit. de G. A. Rohde y Ca.-Valp.<br>Tama\u00f1o: 55 x 39 cm<br>Clasificaci\u00f3n: BN C\u00f3digo:\u00a0LO0012385<\/p>\n\n\n\n<ul class=\"wp-block-list\"><li><a href=\"https:\/\/www.lirapopular.cl\/lirapopularxix\/2020\/09\/11\/continua-el-verso-delalcoholismo\/\">Contin\u00faa el verso del alcoholismo<\/a><\/li><li><a href=\"https:\/\/www.lirapopular.cl\/lirapopularxix\/2020\/09\/11\/versos-por-carlos-magnola-llegada-de-los-sieteembajadores-a-la-torre\/\">Versos por Carlo Magno. La llegada de los siete embajadores a la torre<\/a><\/li><li><a href=\"https:\/\/www.lirapopular.cl\/lirapopularxix\/2020\/09\/11\/ofertas-por-el-amor-2\/\">Ofertas por el amor<\/a><\/li><li><a href=\"https:\/\/www.lirapopular.cl\/lirapopularxix\/2020\/09\/11\/suceso-por-el-alcoho-lismola-mujer-que-amaneciomuerta-en-la-callepor-borracha\/\">Suceso por el alcoholismo. La mujer que amaneci\u00f3 muerta en la calle por borracha<\/a><\/li><li><a href=\"https:\/\/www.lirapopular.cl\/lirapopularxix\/2020\/09\/11\/completos-detalles-delnefando-crimen-delcerro-del-baron\/\">Completos detalles del nefando crimen del cerro del Bar\u00f3n<\/a><\/li><li><a href=\"https:\/\/www.lirapopular.cl\/lirapopularxix\/2020\/09\/11\/sigue-mi-lei-en-contra-delalcoholismo\/\">Sigue mi ley en contra del alcoholismo<\/a><\/li><\/ul>\n\n\n\n<p>Nota: Este ejemplar tiene escrito a mano con l\u00e1piz azul \u201c9\u201d con plum\u00f3n &#8220;59&#8221; y por el reverso sobre un papel &#8220;7&#8221;.<br>Documento optimizado digitalmente.<\/p>\n","protected":false},"excerpt":{"rendered":"<p>Autor: Daniel Meneses. Poeta nacional chileno. Quebrada de M\u00e1rquez N\u00ba 57Impresor: Imp. y Lit. de G. A. Rohde y Ca.-Valp.Tama\u00f1o: 55 x 39 cmClasificaci\u00f3n: BN C\u00f3digo:\u00a0LO0012385 Contin\u00faa el verso del alcoholismo Versos por Carlo Magno. La llegada de los siete embajadores a la torre Ofertas por el amor Suceso por el alcoholismo. La mujer que [&hellip;]<\/p>\n","protected":false},"author":1,"featured_media":0,"parent":0,"menu_order":0,"comment_status":"closed","ping_status":"closed","template":"","meta":{"footnotes":""},"class_list":["post-12227","page","type-page","status-publish","hentry"],"jetpack_sharing_enabled":true,"_links":{"self":[{"href":"https:\/\/www.lirapopular.cl\/lirapopularxix\/wp-json\/wp\/v2\/pages\/12227","targetHints":{"allow":["GET"]}}],"collection":[{"href":"https:\/\/www.lirapopular.cl\/lirapopularxix\/wp-json\/wp\/v2\/pages"}],"about":[{"href":"https:\/\/www.lirapopular.cl\/lirapopularxix\/wp-json\/wp\/v2\/types\/page"}],"author":[{"embeddable":true,"href":"https:\/\/www.lirapopular.cl\/lirapopularxix\/wp-json\/wp\/v2\/users\/1"}],"replies":[{"embeddable":true,"href":"https:\/\/www.lirapopular.cl\/lirapopularxix\/wp-json\/wp\/v2\/comments?post=12227"}],"version-history":[{"count":0,"href":"https:\/\/www.lirapopular.cl\/lirapopularxix\/wp-json\/wp\/v2\/pages\/12227\/revisions"}],"wp:attachment":[{"href":"https:\/\/www.lirapopular.cl\/lirapopularxix\/wp-json\/wp\/v2\/media?parent=12227"}],"curies":[{"name":"wp","href":"https:\/\/api.w.org\/{rel}","templated":true}]}}