{"id":12177,"date":"2020-09-10T12:42:00","date_gmt":"2020-09-10T16:42:00","guid":{"rendered":"https:\/\/www.lirapopular.cl\/lirapopularxix\/?page_id=12177"},"modified":"2020-09-10T12:42:00","modified_gmt":"2020-09-10T16:42:00","slug":"completos-detalles-del-crimen-5","status":"publish","type":"page","link":"https:\/\/www.lirapopular.cl\/lirapopularxix\/completos-detalles-del-crimen-5\/","title":{"rendered":"Completos detalles del cr\u00edmen salvaje en Olmu\u00e9 <br>La se\u00f1ora Ojeda con 16 pu\u00f1aladas asesinada y otra ni\u00f1ita mas"},"content":{"rendered":"\n<div class=\"wp-block-image\"><figure class=\"alignright size-medium\"><a href=\"https:\/\/www.lirapopular.cl\/lirapopularxix\/wp-content\/uploads\/2020\/09\/LO0012355.jpg\"><img loading=\"lazy\" decoding=\"async\" width=\"300\" height=\"200\" src=\"https:\/\/www.lirapopular.cl\/lirapopularxix\/wp-content\/uploads\/2020\/09\/LO0012355-300x200.jpg\" alt=\"\" class=\"wp-image-12178\" srcset=\"https:\/\/www.lirapopular.cl\/lirapopularxix\/wp-content\/uploads\/2020\/09\/LO0012355-300x200.jpg 300w, https:\/\/www.lirapopular.cl\/lirapopularxix\/wp-content\/uploads\/2020\/09\/LO0012355-768x513.jpg 768w, https:\/\/www.lirapopular.cl\/lirapopularxix\/wp-content\/uploads\/2020\/09\/LO0012355.jpg 1000w\" sizes=\"auto, (max-width: 300px) 100vw, 300px\" \/><\/a><figcaption>Archivo de Literatura Oral<br>Colecci\u00f3n Alamiro de \u00c1vila<\/figcaption><\/figure><\/div>\n\n\n\n<p>Autor: Daniel Meneses. Poeta nacional chileno. Quebrada de M\u00e1rquez N\u00ba 114<br>Impresor: Imp. G. Weidmann, Valp<br>Tama\u00f1o: 55 x 38\u00a0 cm<br>Clasificaci\u00f3n: BN C\u00f3digo:\u00a0LO0012355.<\/p>\n\n\n\n<ul class=\"wp-block-list\"><li><a href=\"https:\/\/www.lirapopular.cl\/lirapopularxix\/2020\/09\/10\/mi-proposito-en-el-canto\/\">Mi prop\u00f3sito en el canto<\/a><\/li><li><a href=\"https:\/\/www.lirapopular.cl\/lirapopularxix\/2020\/09\/10\/versos-esdrujulospara-losinvalidos-en-la-pluma\/\">Versos esdr\u00fajulos para los inv\u00e1lidos en la pluma<\/a><\/li><li><a href=\"https:\/\/www.lirapopular.cl\/lirapopularxix\/2020\/09\/10\/dedicatoriaa-la-autora-de-lacitara-santiaguina\/\">Dedicatoria a la autora de la C\u00edtara Santiaguina<\/a><\/li><li><a href=\"https:\/\/www.lirapopular.cl\/lirapopularxix\/2020\/09\/10\/manifestaciona-losmarinos-brasilerospor-haberos-visitado-gustosamente\/\">Manifestaci\u00f3n a los marinos brasileros por habernos visitados gustosamente<\/a><\/li><li><a href=\"https:\/\/www.lirapopular.cl\/lirapopularxix\/2020\/09\/10\/las-peripecias-de-lospampinosen-lassaliteras-del-norte\/\">Las peripecias de los pampinos en las salitreras del norte<\/a><\/li><li><a href=\"https:\/\/www.lirapopular.cl\/lirapopularxix\/2020\/09\/10\/horrible-crimenen-olmue\/\">Horrible crimen en Olmu\u00e9<\/a><\/li><\/ul>\n\n\n\n<p>Nota: Este ejemplar tiene escrito a mano con l\u00e1piz azul \u201c25\u201d y con plum\u00f3n &#8220;28&#8221;, por el reverso &#8220;143&#8221;.<br>Ejemplar coloreado a mano.<br>Documento optimizado digitalmente.<\/p>\n","protected":false},"excerpt":{"rendered":"<p>Autor: Daniel Meneses. Poeta nacional chileno. Quebrada de M\u00e1rquez N\u00ba 114Impresor: Imp. G. Weidmann, ValpTama\u00f1o: 55 x 38\u00a0 cmClasificaci\u00f3n: BN C\u00f3digo:\u00a0LO0012355. Mi prop\u00f3sito en el canto Versos esdr\u00fajulos para los inv\u00e1lidos en la pluma Dedicatoria a la autora de la C\u00edtara Santiaguina Manifestaci\u00f3n a los marinos brasileros por habernos visitados gustosamente Las peripecias de los [&hellip;]<\/p>\n","protected":false},"author":1,"featured_media":0,"parent":0,"menu_order":0,"comment_status":"closed","ping_status":"closed","template":"","meta":{"footnotes":""},"class_list":["post-12177","page","type-page","status-publish","hentry"],"jetpack_sharing_enabled":true,"_links":{"self":[{"href":"https:\/\/www.lirapopular.cl\/lirapopularxix\/wp-json\/wp\/v2\/pages\/12177","targetHints":{"allow":["GET"]}}],"collection":[{"href":"https:\/\/www.lirapopular.cl\/lirapopularxix\/wp-json\/wp\/v2\/pages"}],"about":[{"href":"https:\/\/www.lirapopular.cl\/lirapopularxix\/wp-json\/wp\/v2\/types\/page"}],"author":[{"embeddable":true,"href":"https:\/\/www.lirapopular.cl\/lirapopularxix\/wp-json\/wp\/v2\/users\/1"}],"replies":[{"embeddable":true,"href":"https:\/\/www.lirapopular.cl\/lirapopularxix\/wp-json\/wp\/v2\/comments?post=12177"}],"version-history":[{"count":0,"href":"https:\/\/www.lirapopular.cl\/lirapopularxix\/wp-json\/wp\/v2\/pages\/12177\/revisions"}],"wp:attachment":[{"href":"https:\/\/www.lirapopular.cl\/lirapopularxix\/wp-json\/wp\/v2\/media?parent=12177"}],"curies":[{"name":"wp","href":"https:\/\/api.w.org\/{rel}","templated":true}]}}