{"id":12157,"date":"2020-09-10T10:13:29","date_gmt":"2020-09-10T14:13:29","guid":{"rendered":"https:\/\/www.lirapopular.cl\/lirapopularxix\/?page_id=12157"},"modified":"2020-09-10T10:13:29","modified_gmt":"2020-09-10T14:13:29","slug":"completos-detalles-del-crimen-4","status":"publish","type":"page","link":"https:\/\/www.lirapopular.cl\/lirapopularxix\/completos-detalles-del-crimen-4\/","title":{"rendered":"COMPLETOS DETALLES DEL CR\u00cdMEN EN VALPARAISO <br>Del oficial de la 1\u00aa. Comisaria <br>PRISION DE LA CRIMINAL"},"content":{"rendered":"\n<div class=\"wp-block-image\"><figure class=\"alignright size-medium\"><a href=\"https:\/\/www.lirapopular.cl\/lirapopularxix\/wp-content\/uploads\/2020\/09\/LO0012409.jpg\"><img loading=\"lazy\" decoding=\"async\" width=\"300\" height=\"200\" src=\"https:\/\/www.lirapopular.cl\/lirapopularxix\/wp-content\/uploads\/2020\/09\/LO0012409-300x200.jpg\" alt=\"\" class=\"wp-image-12158\" srcset=\"https:\/\/www.lirapopular.cl\/lirapopularxix\/wp-content\/uploads\/2020\/09\/LO0012409-300x200.jpg 300w, https:\/\/www.lirapopular.cl\/lirapopularxix\/wp-content\/uploads\/2020\/09\/LO0012409-768x512.jpg 768w, https:\/\/www.lirapopular.cl\/lirapopularxix\/wp-content\/uploads\/2020\/09\/LO0012409.jpg 1000w\" sizes=\"auto, (max-width: 300px) 100vw, 300px\" \/><\/a><figcaption>Archivo de Literatura Oral<br>Colecci\u00f3n Alamiro de \u00c1vila<\/figcaption><\/figure><\/div>\n\n\n\n<p>Autor: Daniel Meneses. Poeta nacional chileno. Calle de Sama 1068<br>Impresor: Imprenta de El Correo, 21 de Mayo 835, frente al Mercado Central<br>Tama\u00f1o: 55 x 39 cm<br>Clasificaci\u00f3n: BN C\u00f3digo: LO0012409<\/p>\n\n\n\n<ul class=\"wp-block-list\"><li><a href=\"https:\/\/www.lirapopular.cl\/lirapopularxix\/2020\/09\/10\/contestacion-al-criticastrosabio-hondo-juan-bautistaperalta\/\">Contestaci\u00f3n al criticastro sabio hondo Juan Bautista Peralta<\/a><\/li><li><a href=\"https:\/\/www.lirapopular.cl\/lirapopularxix\/2020\/09\/10\/la-vuelta-de-jenoveva-alcastillo-no\/\">La vuelta de Jenoveva al Castillo N\u00ba<\/a><\/li><li><a href=\"https:\/\/www.lirapopular.cl\/lirapopularxix\/2020\/09\/10\/los-doce-caballeros-francesesen-la-torre-del-almirante\/\">Los doce caballeros franceses en la Torre del Almirante<\/a><\/li><li><a href=\"https:\/\/www.lirapopular.cl\/lirapopularxix\/2020\/09\/10\/versos-de-puro-amor-11\/\">Versos de puro amor<\/a><\/li><li><a href=\"https:\/\/www.lirapopular.cl\/lirapopularxix\/2020\/09\/10\/completos-detalles-del-crimen-deloficial-de-la-primera-comisariai-prision-de-la-criminal\/\">Completos detalles del crimen del oficial de la primera comisaria y prisi\u00f3n de la criminal<\/a><\/li><li><a href=\"https:\/\/www.lirapopular.cl\/lirapopularxix\/2020\/09\/10\/crimen-horrendo-en-angolel-marido-que-prendio-fuego-a-lamujer-por-causa-de-los-celos\/\">Crimen horrendo en Angol el marido que prendi\u00f3 fuego a la mujer por causa de celos.<\/a><\/li><\/ul>\n\n\n\n<p>Nota: Este ejemplar tiene escrito a mano con plum\u00f3n \u201c34\u201d, por el reverso con l\u00e1piz &#8220;134&#8221;.<br>Documento optimizado digitalmente.<\/p>\n","protected":false},"excerpt":{"rendered":"<p>Autor: Daniel Meneses. Poeta nacional chileno. Calle de Sama 1068Impresor: Imprenta de El Correo, 21 de Mayo 835, frente al Mercado CentralTama\u00f1o: 55 x 39 cmClasificaci\u00f3n: BN C\u00f3digo: LO0012409 Contestaci\u00f3n al criticastro sabio hondo Juan Bautista Peralta La vuelta de Jenoveva al Castillo N\u00ba Los doce caballeros franceses en la Torre del Almirante Versos de [&hellip;]<\/p>\n","protected":false},"author":1,"featured_media":0,"parent":0,"menu_order":0,"comment_status":"closed","ping_status":"closed","template":"","meta":{"footnotes":""},"class_list":["post-12157","page","type-page","status-publish","hentry"],"jetpack_sharing_enabled":true,"_links":{"self":[{"href":"https:\/\/www.lirapopular.cl\/lirapopularxix\/wp-json\/wp\/v2\/pages\/12157","targetHints":{"allow":["GET"]}}],"collection":[{"href":"https:\/\/www.lirapopular.cl\/lirapopularxix\/wp-json\/wp\/v2\/pages"}],"about":[{"href":"https:\/\/www.lirapopular.cl\/lirapopularxix\/wp-json\/wp\/v2\/types\/page"}],"author":[{"embeddable":true,"href":"https:\/\/www.lirapopular.cl\/lirapopularxix\/wp-json\/wp\/v2\/users\/1"}],"replies":[{"embeddable":true,"href":"https:\/\/www.lirapopular.cl\/lirapopularxix\/wp-json\/wp\/v2\/comments?post=12157"}],"version-history":[{"count":0,"href":"https:\/\/www.lirapopular.cl\/lirapopularxix\/wp-json\/wp\/v2\/pages\/12157\/revisions"}],"wp:attachment":[{"href":"https:\/\/www.lirapopular.cl\/lirapopularxix\/wp-json\/wp\/v2\/media?parent=12157"}],"curies":[{"name":"wp","href":"https:\/\/api.w.org\/{rel}","templated":true}]}}