{"id":12135,"date":"2020-09-09T18:05:10","date_gmt":"2020-09-09T22:05:10","guid":{"rendered":"https:\/\/www.lirapopular.cl\/lirapopularxix\/?page_id=12135"},"modified":"2020-09-09T18:05:10","modified_gmt":"2020-09-09T22:05:10","slug":"completos-detalles-del-crimen-3","status":"publish","type":"page","link":"https:\/\/www.lirapopular.cl\/lirapopularxix\/completos-detalles-del-crimen-3\/","title":{"rendered":"Completos detalles del cr\u00edmen de los Placeres<br>El marido borracho que apu\u00f1ale\u00f3 a la esposa y le di\u00f3 <br>muerte por celos"},"content":{"rendered":"\n<div class=\"wp-block-image\"><figure class=\"alignright size-medium\"><a href=\"https:\/\/www.lirapopular.cl\/lirapopularxix\/wp-content\/uploads\/2020\/09\/LO0012361.jpg\"><img loading=\"lazy\" decoding=\"async\" width=\"300\" height=\"196\" src=\"https:\/\/www.lirapopular.cl\/lirapopularxix\/wp-content\/uploads\/2020\/09\/LO0012361-300x196.jpg\" alt=\"\" class=\"wp-image-12136\" srcset=\"https:\/\/www.lirapopular.cl\/lirapopularxix\/wp-content\/uploads\/2020\/09\/LO0012361-300x196.jpg 300w, https:\/\/www.lirapopular.cl\/lirapopularxix\/wp-content\/uploads\/2020\/09\/LO0012361-768x502.jpg 768w, https:\/\/www.lirapopular.cl\/lirapopularxix\/wp-content\/uploads\/2020\/09\/LO0012361.jpg 1000w\" sizes=\"auto, (max-width: 300px) 100vw, 300px\" \/><\/a><figcaption>Archivo de Literatura Oral<br>Colecci\u00f3n Alamiro de \u00c1vila<\/figcaption><\/figure><\/div>\n\n\n\n<p>Autor: Daniel Meneses. Poeta popular chileno, calle Za\u00f1artu, N\u00fam. 1070<br>Impresor: Imp. Moneda, 1027<br>Tama\u00f1o: 53 x 38 cm<br>Clasificaci\u00f3n: BN C\u00f3digo:\u00a0LO0012361<\/p>\n\n\n\n<ul class=\"wp-block-list\"><li><a href=\"https:\/\/www.lirapopular.cl\/lirapopularxix\/2020\/09\/09\/dedicatoriaa-los-lectores-de-mis-versos\/\">Dedicatoria a los lectores de mis versos<\/a><\/li><li><a href=\"https:\/\/www.lirapopular.cl\/lirapopularxix\/2020\/09\/09\/ilusionesde-un-sonador-imitandoal-verso-viejo\/\">Ilusiones de un so\u00f1ador, imitando al verso viejo<\/a><\/li><li><a href=\"https:\/\/www.lirapopular.cl\/lirapopularxix\/2020\/09\/09\/versos-de-literatura-27\/\">Versos de Literatura<\/a><\/li><li><a href=\"https:\/\/www.lirapopular.cl\/lirapopularxix\/2020\/09\/09\/el-borrachoi-muchos-mas\/\">El borracho y muchos m\u00e1s<\/a><\/li><li><a href=\"https:\/\/www.lirapopular.cl\/lirapopularxix\/2020\/09\/09\/la-fuga-de-quince-reosde-la-carcel-de-casablanca\/\">La fuga de quince reos<\/a><\/li><li><a href=\"https:\/\/www.lirapopular.cl\/lirapopularxix\/2020\/09\/09\/una-madremas-que-salvaje\/\">Una madre m\u00e1s que salvaje<\/a><\/li><li><a href=\"https:\/\/www.lirapopular.cl\/lirapopularxix\/2020\/09\/09\/con-una-rabia-espantosa\/\">El marido borracho que apu\u00f1ale\u00f3 a la esposa y le dio muerte por celos<\/a><\/li><\/ul>\n\n\n\n<p>Nota: Este ejemplar tiene escrito a mano con plum\u00f3n \u201c34\u201d, por el reverso con l\u00e1piz &#8220;134&#8221;.<br>Documento optimizado digitalmente.<\/p>\n","protected":false},"excerpt":{"rendered":"<p>Autor: Daniel Meneses. Poeta popular chileno, calle Za\u00f1artu, N\u00fam. 1070Impresor: Imp. Moneda, 1027Tama\u00f1o: 53 x 38 cmClasificaci\u00f3n: BN C\u00f3digo:\u00a0LO0012361 Dedicatoria a los lectores de mis versos Ilusiones de un so\u00f1ador, imitando al verso viejo Versos de Literatura El borracho y muchos m\u00e1s La fuga de quince reos Una madre m\u00e1s que salvaje El marido borracho [&hellip;]<\/p>\n","protected":false},"author":1,"featured_media":0,"parent":0,"menu_order":0,"comment_status":"closed","ping_status":"closed","template":"","meta":{"footnotes":""},"class_list":["post-12135","page","type-page","status-publish","hentry"],"jetpack_sharing_enabled":true,"_links":{"self":[{"href":"https:\/\/www.lirapopular.cl\/lirapopularxix\/wp-json\/wp\/v2\/pages\/12135","targetHints":{"allow":["GET"]}}],"collection":[{"href":"https:\/\/www.lirapopular.cl\/lirapopularxix\/wp-json\/wp\/v2\/pages"}],"about":[{"href":"https:\/\/www.lirapopular.cl\/lirapopularxix\/wp-json\/wp\/v2\/types\/page"}],"author":[{"embeddable":true,"href":"https:\/\/www.lirapopular.cl\/lirapopularxix\/wp-json\/wp\/v2\/users\/1"}],"replies":[{"embeddable":true,"href":"https:\/\/www.lirapopular.cl\/lirapopularxix\/wp-json\/wp\/v2\/comments?post=12135"}],"version-history":[{"count":0,"href":"https:\/\/www.lirapopular.cl\/lirapopularxix\/wp-json\/wp\/v2\/pages\/12135\/revisions"}],"wp:attachment":[{"href":"https:\/\/www.lirapopular.cl\/lirapopularxix\/wp-json\/wp\/v2\/media?parent=12135"}],"curies":[{"name":"wp","href":"https:\/\/api.w.org\/{rel}","templated":true}]}}