{"id":12116,"date":"2020-09-08T16:27:56","date_gmt":"2020-09-08T20:27:56","guid":{"rendered":"https:\/\/www.lirapopular.cl\/lirapopularxix\/?page_id=12116"},"modified":"2020-09-08T16:27:56","modified_gmt":"2020-09-08T20:27:56","slug":"completos-detalles-del-crimen-2","status":"publish","type":"page","link":"https:\/\/www.lirapopular.cl\/lirapopularxix\/completos-detalles-del-crimen-2\/","title":{"rendered":"COMPLETOS DETALLES <br>del crimen de la Comuna de Santa Mar\u00eda. El municipal que dicen que <br>fu\u00e9 muerto por la horda Monttina"},"content":{"rendered":"\n<div class=\"wp-block-image\"><figure class=\"alignright size-medium\"><a href=\"https:\/\/www.lirapopular.cl\/lirapopularxix\/wp-content\/uploads\/2020\/09\/LO0012435.jpg\"><img loading=\"lazy\" decoding=\"async\" width=\"300\" height=\"208\" src=\"https:\/\/www.lirapopular.cl\/lirapopularxix\/wp-content\/uploads\/2020\/09\/LO0012435-300x208.jpg\" alt=\"\" class=\"wp-image-12117\" srcset=\"https:\/\/www.lirapopular.cl\/lirapopularxix\/wp-content\/uploads\/2020\/09\/LO0012435-300x208.jpg 300w, https:\/\/www.lirapopular.cl\/lirapopularxix\/wp-content\/uploads\/2020\/09\/LO0012435-768x532.jpg 768w, https:\/\/www.lirapopular.cl\/lirapopularxix\/wp-content\/uploads\/2020\/09\/LO0012435.jpg 1000w\" sizes=\"auto, (max-width: 300px) 100vw, 300px\" \/><\/a><figcaption>Archivo de Literatura Oral<br>Colecci\u00f3n Alamiro de \u00c1vila<\/figcaption><\/figure><\/div>\n\n\n\n<p>Autor: Daniel Meneses. Poeta nacional chileno. Calle Santo Domingo N\u00ba 17, Santiago<br>Impresor: Imp. Sud-Americana.\u2014 Tacna con Bolivar<br>Tama\u00f1o: 52 x 35 cm<br>Clasificaci\u00f3n: BN C\u00f3digo:\u00a0LO0012435<\/p>\n\n\n\n<ul class=\"wp-block-list\"><li><a href=\"https:\/\/www.lirapopular.cl\/lirapopularxix\/2020\/09\/09\/lo-que-le-pasoa-un-joven-por-querera-una-vieja\/\">Lo que le pas\u00f3 a un joven por querer a una vieja<\/a><\/li><li><a href=\"https:\/\/www.lirapopular.cl\/lirapopularxix\/2020\/09\/09\/estrivillo-de-lo-que-lepaso-a-vila\/\">Estribillo de lo que le pas\u00f3 a Vila<\/a><\/li><li><a href=\"https:\/\/www.lirapopular.cl\/lirapopularxix\/2020\/09\/09\/el-retrocesode-chile-por-causa-delfanatismo\/\">El retroceso de Chile por causa del fanatismo<\/a><\/li><li><a href=\"https:\/\/www.lirapopular.cl\/lirapopularxix\/2020\/09\/09\/celebre-contrapunte-entre-unriesquista-y-un-montt-varis-ta-cada-uno-apoyando-sucandidatura\/\">C\u00e9lebre contrapunto entre un riesquista y un montt-varista. Cada uno apoyando su candidatura<\/a><\/li><li><a href=\"https:\/\/www.lirapopular.cl\/lirapopularxix\/2020\/09\/09\/completos-detalles-del-crimende-la-comuna-de-santa-ma-ria-el-municipal-que-di-cen-que-fue-muerto-por-lahorda-monttina\/\">Completos detalles del crimen de la comuna de Santa Mar\u00eda. El municipal que dicen que fue muerto por la horda monttina<\/a><\/li><li><a href=\"https:\/\/www.lirapopular.cl\/lirapopularxix\/2020\/09\/09\/triunfo-seguro-de-donpedro-montt\/\">Triunfo seguro de don Pedro Montt<\/a><\/li><\/ul>\n\n\n\n<p>Nota: Este ejemplar tiene escrito a mano con plum\u00f3n azul \u201c109\u201d, por el reverso con l\u00e1piz &#8220;132&#8221;.<br>Documento optimizado digitalmente.<\/p>\n","protected":false},"excerpt":{"rendered":"<p>Autor: Daniel Meneses. Poeta nacional chileno. Calle Santo Domingo N\u00ba 17, SantiagoImpresor: Imp. Sud-Americana.\u2014 Tacna con BolivarTama\u00f1o: 52 x 35 cmClasificaci\u00f3n: BN C\u00f3digo:\u00a0LO0012435 Lo que le pas\u00f3 a un joven por querer a una vieja Estribillo de lo que le pas\u00f3 a Vila El retroceso de Chile por causa del fanatismo C\u00e9lebre contrapunto entre un [&hellip;]<\/p>\n","protected":false},"author":1,"featured_media":0,"parent":0,"menu_order":0,"comment_status":"closed","ping_status":"closed","template":"","meta":{"footnotes":""},"class_list":["post-12116","page","type-page","status-publish","hentry"],"jetpack_sharing_enabled":true,"_links":{"self":[{"href":"https:\/\/www.lirapopular.cl\/lirapopularxix\/wp-json\/wp\/v2\/pages\/12116","targetHints":{"allow":["GET"]}}],"collection":[{"href":"https:\/\/www.lirapopular.cl\/lirapopularxix\/wp-json\/wp\/v2\/pages"}],"about":[{"href":"https:\/\/www.lirapopular.cl\/lirapopularxix\/wp-json\/wp\/v2\/types\/page"}],"author":[{"embeddable":true,"href":"https:\/\/www.lirapopular.cl\/lirapopularxix\/wp-json\/wp\/v2\/users\/1"}],"replies":[{"embeddable":true,"href":"https:\/\/www.lirapopular.cl\/lirapopularxix\/wp-json\/wp\/v2\/comments?post=12116"}],"version-history":[{"count":0,"href":"https:\/\/www.lirapopular.cl\/lirapopularxix\/wp-json\/wp\/v2\/pages\/12116\/revisions"}],"wp:attachment":[{"href":"https:\/\/www.lirapopular.cl\/lirapopularxix\/wp-json\/wp\/v2\/media?parent=12116"}],"curies":[{"name":"wp","href":"https:\/\/api.w.org\/{rel}","templated":true}]}}