{"id":12096,"date":"2020-09-08T10:31:35","date_gmt":"2020-09-08T14:31:35","guid":{"rendered":"https:\/\/www.lirapopular.cl\/lirapopularxix\/?page_id=12096"},"modified":"2020-09-08T10:31:35","modified_gmt":"2020-09-08T14:31:35","slug":"completos-detalles-del-crimen-de-antofagasta","status":"publish","type":"page","link":"https:\/\/www.lirapopular.cl\/lirapopularxix\/completos-detalles-del-crimen-de-antofagasta\/","title":{"rendered":"Completos detalles del crimen de Antofagasta <br>El cr\u00edmen de la mujer que asesin\u00f3 a su Marido"},"content":{"rendered":"\n<div class=\"wp-block-image\"><figure class=\"alignright size-medium\"><a href=\"https:\/\/www.lirapopular.cl\/lirapopularxix\/wp-content\/uploads\/2020\/09\/LO0012400.jpg\"><img loading=\"lazy\" decoding=\"async\" width=\"300\" height=\"194\" src=\"https:\/\/www.lirapopular.cl\/lirapopularxix\/wp-content\/uploads\/2020\/09\/LO0012400-300x194.jpg\" alt=\"\" class=\"wp-image-12097\" srcset=\"https:\/\/www.lirapopular.cl\/lirapopularxix\/wp-content\/uploads\/2020\/09\/LO0012400-300x194.jpg 300w, https:\/\/www.lirapopular.cl\/lirapopularxix\/wp-content\/uploads\/2020\/09\/LO0012400-768x495.jpg 768w, https:\/\/www.lirapopular.cl\/lirapopularxix\/wp-content\/uploads\/2020\/09\/LO0012400.jpg 1000w\" sizes=\"auto, (max-width: 300px) 100vw, 300px\" \/><\/a><figcaption>Archivo de Literatura Oral<br>Colecci\u00f3n Alamiro de \u00c1vila<\/figcaption><\/figure><\/div>\n\n\n\n<p>Autor: Daniel Meneses. Poeta nacional chileno<br>Impresor: Imp. \u00abEl Comercio\u00bb, Antofagasta<br>Tama\u00f1o: 53 x 38 cm<br>Clasificaci\u00f3n: BN C\u00f3digo:&nbsp;LO0012400<\/p>\n\n\n\n<ul class=\"wp-block-list\"><li><a href=\"https:\/\/www.lirapopular.cl\/lirapopularxix\/2020\/09\/08\/sus-primeras-hazanas-dejoaquin-murietael-bandido-chileno-encalifornia\/\">Sus primeras haza\u00f1as de Joaquin Murieta. El bandido chileno en California<\/a><\/li><li><a href=\"https:\/\/www.lirapopular.cl\/lirapopularxix\/2020\/09\/08\/versos-de-amor-puros\/\">Versos de amor puros<\/a><\/li><li><a href=\"https:\/\/www.lirapopular.cl\/lirapopularxix\/2020\/09\/08\/al-torito-de-taltal\/\">Al torito de Taltal<\/a><\/li><li><a href=\"https:\/\/www.lirapopular.cl\/lirapopularxix\/2020\/09\/08\/brindis-distintos-6\/\">Brindis distintos<\/a><\/li><li><a href=\"https:\/\/www.lirapopular.cl\/lirapopularxix\/2020\/09\/08\/ametralladara-poeticafuego-graneando-a-juanbautista-peraltai-a-juan-mauro-bio-bio\/\">Ametralladora po\u00e9tica. Fuego graneado a Juan Bautista Peralta y a Juan Mauro Bio-Bio<\/a><\/li><li><a href=\"https:\/\/www.lirapopular.cl\/lirapopularxix\/2020\/09\/08\/crimen-en-montevideola-esposa-que-asesino-almarido-por-vago-i-malentretenido-i-no-le-dabaun-centavo-para-los-hijos\/\">Crimen en Montevideo. La esposa que asesin\u00f3 al marido, por vago y mal entretenido y no le daba un centavo para los hijos<\/a><\/li><li><a href=\"https:\/\/www.lirapopular.cl\/lirapopularxix\/2020\/09\/08\/completos-detalles-del-grancrimen-de-la-calle-del14-de-pebrero-i-cap-tura-de-algunoscriminales\/\">Completos detalles del gran crimen de la calle del 14 de febrero y captura de algunos criminales<\/a><\/li><\/ul>\n\n\n\n<p>Nota: Este ejemplar tiene escrito a mano con l\u00e1piz rojo \u201c74\u201d, por el reverso con l\u00e1piz &#8220;193&#8221;.<br>Documento optimizado digitalmente.<\/p>\n","protected":false},"excerpt":{"rendered":"<p>Autor: Daniel Meneses. Poeta nacional chilenoImpresor: Imp. \u00abEl Comercio\u00bb, AntofagastaTama\u00f1o: 53 x 38 cmClasificaci\u00f3n: BN C\u00f3digo:&nbsp;LO0012400 Sus primeras haza\u00f1as de Joaquin Murieta. El bandido chileno en California Versos de amor puros Al torito de Taltal Brindis distintos Ametralladora po\u00e9tica. Fuego graneado a Juan Bautista Peralta y a Juan Mauro Bio-Bio Crimen en Montevideo. La esposa [&hellip;]<\/p>\n","protected":false},"author":1,"featured_media":0,"parent":0,"menu_order":0,"comment_status":"closed","ping_status":"closed","template":"","meta":{"footnotes":""},"class_list":["post-12096","page","type-page","status-publish","hentry"],"jetpack_sharing_enabled":true,"_links":{"self":[{"href":"https:\/\/www.lirapopular.cl\/lirapopularxix\/wp-json\/wp\/v2\/pages\/12096","targetHints":{"allow":["GET"]}}],"collection":[{"href":"https:\/\/www.lirapopular.cl\/lirapopularxix\/wp-json\/wp\/v2\/pages"}],"about":[{"href":"https:\/\/www.lirapopular.cl\/lirapopularxix\/wp-json\/wp\/v2\/types\/page"}],"author":[{"embeddable":true,"href":"https:\/\/www.lirapopular.cl\/lirapopularxix\/wp-json\/wp\/v2\/users\/1"}],"replies":[{"embeddable":true,"href":"https:\/\/www.lirapopular.cl\/lirapopularxix\/wp-json\/wp\/v2\/comments?post=12096"}],"version-history":[{"count":0,"href":"https:\/\/www.lirapopular.cl\/lirapopularxix\/wp-json\/wp\/v2\/pages\/12096\/revisions"}],"wp:attachment":[{"href":"https:\/\/www.lirapopular.cl\/lirapopularxix\/wp-json\/wp\/v2\/media?parent=12096"}],"curies":[{"name":"wp","href":"https:\/\/api.w.org\/{rel}","templated":true}]}}