{"id":12078,"date":"2020-09-07T18:07:47","date_gmt":"2020-09-07T22:07:47","guid":{"rendered":"https:\/\/www.lirapopular.cl\/lirapopularxix\/?page_id=12078"},"modified":"2020-09-07T18:07:47","modified_gmt":"2020-09-07T22:07:47","slug":"completos-detallesdel-crimen","status":"publish","type":"page","link":"https:\/\/www.lirapopular.cl\/lirapopularxix\/completos-detallesdel-crimen\/","title":{"rendered":"Completos detalles<br>Del crimen cometido en el se\u00f1or de Challe i captura del criminal"},"content":{"rendered":"<div class=\"wp-block-image\">\n<figure class=\"alignright size-medium\"><a href=\"https:\/\/www.lirapopular.cl\/lirapopularxix\/wp-content\/uploads\/2020\/09\/LO0012260.jpg\"><img loading=\"lazy\" decoding=\"async\" width=\"212\" height=\"300\" src=\"https:\/\/www.lirapopular.cl\/lirapopularxix\/wp-content\/uploads\/2020\/09\/LO0012260-212x300.jpg\" alt=\"\" class=\"wp-image-12079\" srcset=\"https:\/\/www.lirapopular.cl\/lirapopularxix\/wp-content\/uploads\/2020\/09\/LO0012260-212x300.jpg 212w, https:\/\/www.lirapopular.cl\/lirapopularxix\/wp-content\/uploads\/2020\/09\/LO0012260.jpg 706w\" sizes=\"auto, (max-width: 212px) 100vw, 212px\" \/><\/a><figcaption>Archivo de Literatura Oral<br>Fondo Rodolfo Lenz<\/figcaption><\/figure>\n<\/div>\n\n\n<p>Autor: Daniel Meneses. Poeta nacional chileno, Maruri 523<br>Impresor: Imp. de El Correo, San Pablo 1056<br>Tama\u00f1o: 53 x 38 cm<br>Clasificaci\u00f3n: BN C\u00f3digo:&nbsp;LO0012260<\/p>\n\n\n\n<ul class=\"wp-block-list\"><li><a href=\"https:\/\/www.lirapopular.cl\/lirapopularxix\/2020\/09\/08\/contestacion-al-saludo-queme-hizo-el-poetajusto-pastor-robles\/\">Contestacion al saludo que me hizo el poeta Justo Pastor Robles<\/a><\/li><li><a href=\"https:\/\/www.lirapopular.cl\/lirapopularxix\/2020\/09\/08\/versosde-literatura\/\">Versos de literatura<\/a><\/li><li><a href=\"https:\/\/www.lirapopular.cl\/lirapopularxix\/2020\/09\/08\/versosde-amor\/\">Versos de amor<\/a><\/li><li><a href=\"https:\/\/www.lirapopular.cl\/lirapopularxix\/2020\/09\/08\/la-opinion-de-los-farsantesen-contra-mia\/\">La opini\u00f3n de los farsantes en contra m\u00eda<\/a><\/li><li><a href=\"https:\/\/www.lirapopular.cl\/lirapopularxix\/2020\/09\/08\/completos-detallesdel-crimen-cometido-en-el-senor-challecaptura-del-criminal\/\">Completos detalles del crimen cometido en el se\u00f1or Challe, captura del criminal<\/a><\/li><li><a href=\"https:\/\/www.lirapopular.cl\/lirapopularxix\/2020\/09\/08\/el-horrible-crimendel-cerro-de-yungai-donde-un-sar-jento-fue-muerto-a-punaladas\/\">El horrible crimen del cerro de Yungay donde un sargento fue muerto a pu\u00f1aladas<\/a><\/li><\/ul>\n\n\n\n<p>Nota: Este ejemplar tiene escrito a mano con l\u00e1piz azul \u201c54\u201d, con l\u00e1piz grafito &#8220;1. VII 1906&#8221; &#8220;79&#8221; y con un timbre &#8220;489&#8221;.<br>Documento optimizado digitalmente.<\/p>\n","protected":false},"excerpt":{"rendered":"<p>Autor: Daniel Meneses. Poeta nacional chileno, Maruri 523Impresor: Imp. de El Correo, San Pablo 1056Tama\u00f1o: 53 x 38 cmClasificaci\u00f3n: BN C\u00f3digo:&nbsp;LO0012260 Contestacion al saludo que me hizo el poeta Justo Pastor Robles Versos de literatura Versos de amor La opini\u00f3n de los farsantes en contra m\u00eda Completos detalles del crimen cometido en el se\u00f1or Challe, [&hellip;]<\/p>\n","protected":false},"author":1,"featured_media":0,"parent":0,"menu_order":0,"comment_status":"closed","ping_status":"closed","template":"","meta":{"footnotes":""},"class_list":["post-12078","page","type-page","status-publish","hentry"],"jetpack_sharing_enabled":true,"_links":{"self":[{"href":"https:\/\/www.lirapopular.cl\/lirapopularxix\/wp-json\/wp\/v2\/pages\/12078","targetHints":{"allow":["GET"]}}],"collection":[{"href":"https:\/\/www.lirapopular.cl\/lirapopularxix\/wp-json\/wp\/v2\/pages"}],"about":[{"href":"https:\/\/www.lirapopular.cl\/lirapopularxix\/wp-json\/wp\/v2\/types\/page"}],"author":[{"embeddable":true,"href":"https:\/\/www.lirapopular.cl\/lirapopularxix\/wp-json\/wp\/v2\/users\/1"}],"replies":[{"embeddable":true,"href":"https:\/\/www.lirapopular.cl\/lirapopularxix\/wp-json\/wp\/v2\/comments?post=12078"}],"version-history":[{"count":0,"href":"https:\/\/www.lirapopular.cl\/lirapopularxix\/wp-json\/wp\/v2\/pages\/12078\/revisions"}],"wp:attachment":[{"href":"https:\/\/www.lirapopular.cl\/lirapopularxix\/wp-json\/wp\/v2\/media?parent=12078"}],"curies":[{"name":"wp","href":"https:\/\/api.w.org\/{rel}","templated":true}]}}