{"id":12025,"date":"2020-09-05T20:28:17","date_gmt":"2020-09-06T00:28:17","guid":{"rendered":"https:\/\/www.lirapopular.cl\/lirapopularxix\/?page_id=12025"},"modified":"2020-09-05T20:28:17","modified_gmt":"2020-09-06T00:28:17","slug":"celebre-contrapunto-amoroso","status":"publish","type":"page","link":"https:\/\/www.lirapopular.cl\/lirapopularxix\/celebre-contrapunto-amoroso\/","title":{"rendered":"Celebre contrapunto amoroso"},"content":{"rendered":"\n<div class=\"wp-block-image\"><figure class=\"alignright size-medium\"><a href=\"https:\/\/www.lirapopular.cl\/lirapopularxix\/wp-content\/uploads\/2020\/09\/LO0012446.jpg\"><img loading=\"lazy\" decoding=\"async\" width=\"300\" height=\"200\" src=\"https:\/\/www.lirapopular.cl\/lirapopularxix\/wp-content\/uploads\/2020\/09\/LO0012446-300x200.jpg\" alt=\"\" class=\"wp-image-12027\" srcset=\"https:\/\/www.lirapopular.cl\/lirapopularxix\/wp-content\/uploads\/2020\/09\/LO0012446-300x200.jpg 300w, https:\/\/www.lirapopular.cl\/lirapopularxix\/wp-content\/uploads\/2020\/09\/LO0012446-768x511.jpg 768w, https:\/\/www.lirapopular.cl\/lirapopularxix\/wp-content\/uploads\/2020\/09\/LO0012446.jpg 1000w\" sizes=\"auto, (max-width: 300px) 100vw, 300px\" \/><\/a><figcaption>Archivo de Literatura Oral<br>Colecci\u00f3n Alamiro de \u00c1vila<\/figcaption><\/figure><\/div>\n\n\n\n<p>Autor: Naniel Meneses. Poeta nacional<br>Impresor: Sin informaci\u00f3n<br>Tama\u00f1o: 39 x 27 cm<br>Clasificaci\u00f3n: BN C\u00f3digo:\u00a0LO0012446<\/p>\n\n\n\n<ul class=\"wp-block-list\"><li><a href=\"https:\/\/www.lirapopular.cl\/lirapopularxix\/2020\/09\/06\/los-motivos-por-donde-joa-quin-murieta-entro-debandido\/\">Los motivos por donde Joaqu\u00edn Murieta entr\u00f3 de bandido<\/a><\/li><li><a href=\"https:\/\/www.lirapopular.cl\/lirapopularxix\/2020\/09\/06\/celebre-contrapunto-entreun-militar-con-la-queridaal-separarse-de-ella-parairse-a-enganchar\/\">C\u00e9lebre contrapunto entre un militar con la querida, al separarse de ella para irse \u00e1 enganchar<\/a><\/li><li><a href=\"https:\/\/www.lirapopular.cl\/lirapopularxix\/2020\/09\/06\/contesta-la-querida\/\">Contesta la querida<\/a><\/li><li><a href=\"https:\/\/www.lirapopular.cl\/lirapopularxix\/2020\/09\/06\/el-choque-de-la-tierra-conel-co\/\">El choque de la tierra con el Cometa Biela. Anunciado por un astr\u00f3nomo que muy poco dice verdad<\/a><\/li><\/ul>\n\n\n\n<p>Nota: Este ejemplar tiene escrito a mano con plum\u00f3n \u201c120\u201d, por el reverso con l\u00e1piz &#8220;203&#8221;.<br>Documento optimizado digitalmente.<\/p>\n","protected":false},"excerpt":{"rendered":"<p>Autor: Naniel Meneses. Poeta nacionalImpresor: Sin informaci\u00f3nTama\u00f1o: 39 x 27 cmClasificaci\u00f3n: BN C\u00f3digo:\u00a0LO0012446 Los motivos por donde Joaqu\u00edn Murieta entr\u00f3 de bandido C\u00e9lebre contrapunto entre un militar con la querida, al separarse de ella para irse \u00e1 enganchar Contesta la querida El choque de la tierra con el Cometa Biela. Anunciado por un astr\u00f3nomo que [&hellip;]<\/p>\n","protected":false},"author":1,"featured_media":0,"parent":0,"menu_order":0,"comment_status":"closed","ping_status":"closed","template":"","meta":{"footnotes":""},"class_list":["post-12025","page","type-page","status-publish","hentry"],"jetpack_sharing_enabled":true,"_links":{"self":[{"href":"https:\/\/www.lirapopular.cl\/lirapopularxix\/wp-json\/wp\/v2\/pages\/12025","targetHints":{"allow":["GET"]}}],"collection":[{"href":"https:\/\/www.lirapopular.cl\/lirapopularxix\/wp-json\/wp\/v2\/pages"}],"about":[{"href":"https:\/\/www.lirapopular.cl\/lirapopularxix\/wp-json\/wp\/v2\/types\/page"}],"author":[{"embeddable":true,"href":"https:\/\/www.lirapopular.cl\/lirapopularxix\/wp-json\/wp\/v2\/users\/1"}],"replies":[{"embeddable":true,"href":"https:\/\/www.lirapopular.cl\/lirapopularxix\/wp-json\/wp\/v2\/comments?post=12025"}],"version-history":[{"count":0,"href":"https:\/\/www.lirapopular.cl\/lirapopularxix\/wp-json\/wp\/v2\/pages\/12025\/revisions"}],"wp:attachment":[{"href":"https:\/\/www.lirapopular.cl\/lirapopularxix\/wp-json\/wp\/v2\/media?parent=12025"}],"curies":[{"name":"wp","href":"https:\/\/api.w.org\/{rel}","templated":true}]}}