{"id":11976,"date":"2020-09-03T20:59:28","date_gmt":"2020-09-04T00:59:28","guid":{"rendered":"https:\/\/www.lirapopular.cl\/lirapopularxix\/?page_id=11976"},"modified":"2020-09-03T20:59:28","modified_gmt":"2020-09-04T00:59:28","slug":"atroz-i-horrible-ecatombe","status":"publish","type":"page","link":"https:\/\/www.lirapopular.cl\/lirapopularxix\/atroz-i-horrible-ecatombe\/","title":{"rendered":"Atroz i horrible ecatombe <br>EN UNA TERTULIA EN EL BRASIL EL NOVI\u00d3 QUE ASESINO A LA NOVIA"},"content":{"rendered":"\n<div class=\"wp-block-image\"><figure class=\"alignright size-medium\"><a href=\"https:\/\/www.lirapopular.cl\/lirapopularxix\/wp-content\/uploads\/2020\/09\/LO0012329.jpg\"><img loading=\"lazy\" decoding=\"async\" width=\"300\" height=\"194\" src=\"https:\/\/www.lirapopular.cl\/lirapopularxix\/wp-content\/uploads\/2020\/09\/LO0012329-300x194.jpg\" alt=\"\" class=\"wp-image-11977\" srcset=\"https:\/\/www.lirapopular.cl\/lirapopularxix\/wp-content\/uploads\/2020\/09\/LO0012329-300x194.jpg 300w, https:\/\/www.lirapopular.cl\/lirapopularxix\/wp-content\/uploads\/2020\/09\/LO0012329-768x497.jpg 768w, https:\/\/www.lirapopular.cl\/lirapopularxix\/wp-content\/uploads\/2020\/09\/LO0012329.jpg 1000w\" sizes=\"auto, (max-width: 300px) 100vw, 300px\" \/><\/a><figcaption>Archivo de Literatura Oral<br>Colecci\u00f3n Alamiro de \u00c1vila<\/figcaption><\/figure><\/div>\n\n\n\n<p>Autor: Daniel Meneses. Poeta nacional chileno. Quebrada de M\u00e1rquez N\u00ba 57<br>Impresor: Imp. y Lit. de G. A. Rohde y Ca.- Valp.<br>Tama\u00f1o: 54 x 39 cm<br>Clasificaci\u00f3n: BN C\u00f3digo:\u00a0LO0012329<\/p>\n\n\n\n<ul class=\"wp-block-list\"><li><a href=\"https:\/\/www.lirapopular.cl\/lirapopularxix\/2020\/09\/04\/arreglos-completos\/\">Arreglos completos sobre los asuntos internacionales entre Chile y la Arjentina<\/a><\/li><li><a href=\"https:\/\/www.lirapopular.cl\/lirapopularxix\/2020\/09\/04\/jenoveva-en-la-prision\/\">Jenoveva en la prisi\u00f3n<\/a><\/li><li><a href=\"https:\/\/www.lirapopular.cl\/lirapopularxix\/2020\/09\/04\/la-embajada-de-recartede-normandiaal-palacio-del-emperadorcarlos-magno\/\">La embajada de Recarte de Normadia al palacio del Emperador Carlos Magno<\/a><\/li><li><a href=\"https:\/\/www.lirapopular.cl\/lirapopularxix\/2020\/09\/04\/versos-dedicados-aemilio-oyarzunpor-recopilador-depoesias-ajena\/\">Versos dedicados a Emilio Oyarz\u00fan por recopilador de poes\u00edas ajenas<\/a><\/li><li><a href=\"https:\/\/www.lirapopular.cl\/lirapopularxix\/atroz-i-horrible-ecatombe\/\">Atroz y horrible hecatombe en una tertulia, en el Brasil, el novio que asesin\u00f3 a la novia, y el pap\u00e1 de ella asesin\u00f3 al novio y el pap\u00e1 del novio asesin\u00f3 a padre de la novia<\/a><\/li><li><a href=\"https:\/\/www.lirapopular.cl\/lirapopularxix\/2020\/09\/04\/la-injusticia-en-chilecontra-lalei-del-alcoholismo\/\">La injusticia en Chile contra la ley del alcoholismo<\/a><\/li><\/ul>\n\n\n\n<p>Nota: Este ejemplar tiene escrito a mano con plum\u00f3n \u201c2\u201d.<br>Documento optimizado digitalmente.<\/p>\n","protected":false},"excerpt":{"rendered":"<p>Autor: Daniel Meneses. Poeta nacional chileno. Quebrada de M\u00e1rquez N\u00ba 57Impresor: Imp. y Lit. de G. A. Rohde y Ca.- Valp.Tama\u00f1o: 54 x 39 cmClasificaci\u00f3n: BN C\u00f3digo:\u00a0LO0012329 Arreglos completos sobre los asuntos internacionales entre Chile y la Arjentina Jenoveva en la prisi\u00f3n La embajada de Recarte de Normadia al palacio del Emperador Carlos Magno Versos [&hellip;]<\/p>\n","protected":false},"author":1,"featured_media":0,"parent":0,"menu_order":0,"comment_status":"closed","ping_status":"closed","template":"","meta":{"footnotes":""},"class_list":["post-11976","page","type-page","status-publish","hentry"],"jetpack_sharing_enabled":true,"_links":{"self":[{"href":"https:\/\/www.lirapopular.cl\/lirapopularxix\/wp-json\/wp\/v2\/pages\/11976","targetHints":{"allow":["GET"]}}],"collection":[{"href":"https:\/\/www.lirapopular.cl\/lirapopularxix\/wp-json\/wp\/v2\/pages"}],"about":[{"href":"https:\/\/www.lirapopular.cl\/lirapopularxix\/wp-json\/wp\/v2\/types\/page"}],"author":[{"embeddable":true,"href":"https:\/\/www.lirapopular.cl\/lirapopularxix\/wp-json\/wp\/v2\/users\/1"}],"replies":[{"embeddable":true,"href":"https:\/\/www.lirapopular.cl\/lirapopularxix\/wp-json\/wp\/v2\/comments?post=11976"}],"version-history":[{"count":0,"href":"https:\/\/www.lirapopular.cl\/lirapopularxix\/wp-json\/wp\/v2\/pages\/11976\/revisions"}],"wp:attachment":[{"href":"https:\/\/www.lirapopular.cl\/lirapopularxix\/wp-json\/wp\/v2\/media?parent=11976"}],"curies":[{"name":"wp","href":"https:\/\/api.w.org\/{rel}","templated":true}]}}