{"id":11917,"date":"2020-09-01T16:53:18","date_gmt":"2020-09-01T20:53:18","guid":{"rendered":"https:\/\/www.lirapopular.cl\/lirapopularxix\/?page_id=11917"},"modified":"2020-09-01T16:53:18","modified_gmt":"2020-09-01T20:53:18","slug":"2-horrorosos-crimenes","status":"publish","type":"page","link":"https:\/\/www.lirapopular.cl\/lirapopularxix\/2-horrorosos-crimenes\/","title":{"rendered":"2 Horrorosos Cr\u00edmenes<br>UNO EN VALPARAISO I OTRO EN SANTIAGO"},"content":{"rendered":"\n<div class=\"wp-block-image\"><figure class=\"alignright size-medium\"><a href=\"https:\/\/www.lirapopular.cl\/lirapopularxix\/wp-content\/uploads\/2020\/09\/LO0012397.jpg\"><img loading=\"lazy\" decoding=\"async\" width=\"300\" height=\"198\" src=\"https:\/\/www.lirapopular.cl\/lirapopularxix\/wp-content\/uploads\/2020\/09\/LO0012397-300x198.jpg\" alt=\"\" class=\"wp-image-11918\" srcset=\"https:\/\/www.lirapopular.cl\/lirapopularxix\/wp-content\/uploads\/2020\/09\/LO0012397-300x198.jpg 300w, https:\/\/www.lirapopular.cl\/lirapopularxix\/wp-content\/uploads\/2020\/09\/LO0012397-768x508.jpg 768w, https:\/\/www.lirapopular.cl\/lirapopularxix\/wp-content\/uploads\/2020\/09\/LO0012397.jpg 1000w\" sizes=\"auto, (max-width: 300px) 100vw, 300px\" \/><\/a><figcaption>Archivo de Literatura Oral<br>Colecci\u00f3n Alamiro de \u00c1vila<\/figcaption><\/figure><\/div>\n\n\n\n<p>Autor: Daniel Meneses. Poeta nacional chileno<br>Impresor: Imp. Leon V\u00edctor Caldera.\u2014Bandera, 919<br>Tama\u00f1o: 51 x 36 cm<br>Clasificaci\u00f3n: BN C\u00f3digo:&nbsp;LO0012397<\/p>\n\n\n\n<ul class=\"wp-block-list\"><li><a href=\"https:\/\/www.lirapopular.cl\/lirapopularxix\/2020\/09\/03\/versos-a-lo-divinodedicados-a-la-virjende-andacollo\/\">Versos a lo divino. Dedicados a la Virgen de Andacollo<\/a><\/li><li><a href=\"https:\/\/www.lirapopular.cl\/lirapopularxix\/2020\/09\/03\/mis-pensamientosen-el-sueno\/\">Mis pensamientos en el sue\u00f1o<\/a><\/li><li><a href=\"https:\/\/www.lirapopular.cl\/lirapopularxix\/2020\/09\/03\/cantos-para-los-nueve-dias-de-la-no-vena-del-nino-dios\/\">Cantos para los nueve d\u00edas de la novena del Ni\u00f1o Dios<\/a><\/li><li><a href=\"https:\/\/www.lirapopular.cl\/lirapopularxix\/2020\/09\/03\/el-crimen-de-la-callesanta-rosa\/\">El crimen de la Calle Santa Rosa<\/a><\/li><li><a href=\"https:\/\/www.lirapopular.cl\/lirapopularxix\/2020\/09\/03\/el-crimen-del-cerrode-la-cordillera\/\">El crimen del Cerro de la Cordillera<\/a><\/li><\/ul>\n\n\n\n<p>Nota: Este ejemplar tiene escrito a mano con plum\u00f3n \u201c71\u201d, por el reverso con bol\u00edgrafo &#8220;216&#8221;.<br>Documento optimizado digitalmente.<\/p>\n","protected":false},"excerpt":{"rendered":"<p>Autor: Daniel Meneses. Poeta nacional chilenoImpresor: Imp. Leon V\u00edctor Caldera.\u2014Bandera, 919Tama\u00f1o: 51 x 36 cmClasificaci\u00f3n: BN C\u00f3digo:&nbsp;LO0012397 Versos a lo divino. Dedicados a la Virgen de Andacollo Mis pensamientos en el sue\u00f1o Cantos para los nueve d\u00edas de la novena del Ni\u00f1o Dios El crimen de la Calle Santa Rosa El crimen del Cerro de [&hellip;]<\/p>\n","protected":false},"author":1,"featured_media":0,"parent":0,"menu_order":0,"comment_status":"closed","ping_status":"closed","template":"","meta":{"footnotes":""},"class_list":["post-11917","page","type-page","status-publish","hentry"],"jetpack_sharing_enabled":true,"_links":{"self":[{"href":"https:\/\/www.lirapopular.cl\/lirapopularxix\/wp-json\/wp\/v2\/pages\/11917","targetHints":{"allow":["GET"]}}],"collection":[{"href":"https:\/\/www.lirapopular.cl\/lirapopularxix\/wp-json\/wp\/v2\/pages"}],"about":[{"href":"https:\/\/www.lirapopular.cl\/lirapopularxix\/wp-json\/wp\/v2\/types\/page"}],"author":[{"embeddable":true,"href":"https:\/\/www.lirapopular.cl\/lirapopularxix\/wp-json\/wp\/v2\/users\/1"}],"replies":[{"embeddable":true,"href":"https:\/\/www.lirapopular.cl\/lirapopularxix\/wp-json\/wp\/v2\/comments?post=11917"}],"version-history":[{"count":0,"href":"https:\/\/www.lirapopular.cl\/lirapopularxix\/wp-json\/wp\/v2\/pages\/11917\/revisions"}],"wp:attachment":[{"href":"https:\/\/www.lirapopular.cl\/lirapopularxix\/wp-json\/wp\/v2\/media?parent=11917"}],"curies":[{"name":"wp","href":"https:\/\/api.w.org\/{rel}","templated":true}]}}