{"id":11896,"date":"2020-08-31T20:55:07","date_gmt":"2020-09-01T00:55:07","guid":{"rendered":"https:\/\/www.lirapopular.cl\/lirapopularxix\/?page_id=11896"},"modified":"2020-08-31T20:55:07","modified_gmt":"2020-09-01T00:55:07","slug":"triste-ejecucion-del-reo-aburto","status":"publish","type":"page","link":"https:\/\/www.lirapopular.cl\/lirapopularxix\/triste-ejecucion-del-reo-aburto\/","title":{"rendered":"Triste ejecucion del reo Aburto"},"content":{"rendered":"\n<div class=\"wp-block-image\"><figure class=\"alignright size-medium\"><a href=\"https:\/\/www.lirapopular.cl\/lirapopularxix\/wp-content\/uploads\/2020\/08\/LO0012633.jpg\"><img loading=\"lazy\" decoding=\"async\" width=\"300\" height=\"98\" src=\"https:\/\/www.lirapopular.cl\/lirapopularxix\/wp-content\/uploads\/2020\/08\/LO0012633-300x98.jpg\" alt=\"\" class=\"wp-image-11897\" srcset=\"https:\/\/www.lirapopular.cl\/lirapopularxix\/wp-content\/uploads\/2020\/08\/LO0012633-300x98.jpg 300w, https:\/\/www.lirapopular.cl\/lirapopularxix\/wp-content\/uploads\/2020\/08\/LO0012633-768x250.jpg 768w, https:\/\/www.lirapopular.cl\/lirapopularxix\/wp-content\/uploads\/2020\/08\/LO0012633.jpg 1000w\" sizes=\"auto, (max-width: 300px) 100vw, 300px\" \/><\/a><figcaption>Archivo de Literatura Oral<br>Colecci\u00f3n Alamiro de \u00c1vila<\/figcaption><\/figure><\/div>\n\n\n\n<p>Autor: Felicito Mart\u00ednez, El Quillotano<br>Impresor: Sin informaci\u00f3n<br>Tama\u00f1o: 38 x 54 cm<br>Clasificaci\u00f3n: BN C\u00f3digo:\u00a0LO0012633<\/p>\n\n\n\n<ul class=\"wp-block-list\"><li><a href=\"https:\/\/www.lirapopular.cl\/lirapopularxix\/2020\/09\/01\/triste-ejecuciondel-reo-aburto\/\">Triste ejecuci\u00f3n del reo Aburto<\/a><\/li><li><a href=\"https:\/\/www.lirapopular.cl\/lirapopularxix\/2020\/09\/01\/el-reo-aburto\/\">El reo Aburto<\/a><\/li><li><a href=\"https:\/\/www.lirapopular.cl\/lirapopularxix\/2020\/09\/01\/el-reo-se-despidede-su-querida-hermana\/\">El reo se despide de su querida hermana<\/a><\/li><li><a href=\"https:\/\/www.lirapopular.cl\/lirapopularxix\/2020\/09\/01\/la-sentenciadel-parricida-de-talca\/\">La sentencia del parricida de Talca<\/a><\/li><li><a href=\"https:\/\/www.lirapopular.cl\/lirapopularxix\/2020\/09\/01\/regalos-a-una-mujer\/\">Regalos a una mujer<\/a><\/li><\/ul>\n\n\n\n<p>Nota: Este ejemplar tiene escrito a mano con plum\u00f3n\u201c307\u201d y por el reverso sobre un papel &#8220;85&#8221;.<br>Documento optimizado digitalmente.<\/p>\n","protected":false},"excerpt":{"rendered":"<p>Autor: Felicito Mart\u00ednez, El QuillotanoImpresor: Sin informaci\u00f3nTama\u00f1o: 38 x 54 cmClasificaci\u00f3n: BN C\u00f3digo:\u00a0LO0012633 Triste ejecuci\u00f3n del reo Aburto El reo Aburto El reo se despide de su querida hermana La sentencia del parricida de Talca Regalos a una mujer Nota: Este ejemplar tiene escrito a mano con plum\u00f3n\u201c307\u201d y por el reverso sobre un papel [&hellip;]<\/p>\n","protected":false},"author":1,"featured_media":0,"parent":0,"menu_order":0,"comment_status":"closed","ping_status":"closed","template":"","meta":{"footnotes":""},"class_list":["post-11896","page","type-page","status-publish","hentry"],"jetpack_sharing_enabled":true,"_links":{"self":[{"href":"https:\/\/www.lirapopular.cl\/lirapopularxix\/wp-json\/wp\/v2\/pages\/11896","targetHints":{"allow":["GET"]}}],"collection":[{"href":"https:\/\/www.lirapopular.cl\/lirapopularxix\/wp-json\/wp\/v2\/pages"}],"about":[{"href":"https:\/\/www.lirapopular.cl\/lirapopularxix\/wp-json\/wp\/v2\/types\/page"}],"author":[{"embeddable":true,"href":"https:\/\/www.lirapopular.cl\/lirapopularxix\/wp-json\/wp\/v2\/users\/1"}],"replies":[{"embeddable":true,"href":"https:\/\/www.lirapopular.cl\/lirapopularxix\/wp-json\/wp\/v2\/comments?post=11896"}],"version-history":[{"count":0,"href":"https:\/\/www.lirapopular.cl\/lirapopularxix\/wp-json\/wp\/v2\/pages\/11896\/revisions"}],"wp:attachment":[{"href":"https:\/\/www.lirapopular.cl\/lirapopularxix\/wp-json\/wp\/v2\/media?parent=11896"}],"curies":[{"name":"wp","href":"https:\/\/api.w.org\/{rel}","templated":true}]}}