{"id":11408,"date":"2020-08-17T22:53:41","date_gmt":"2020-08-18T02:53:41","guid":{"rendered":"https:\/\/www.lirapopular.cl\/lirapopularxix\/?page_id=11408"},"modified":"2020-08-17T22:53:41","modified_gmt":"2020-08-18T02:53:41","slug":"versos-misticos-3","status":"publish","type":"page","link":"https:\/\/www.lirapopular.cl\/lirapopularxix\/versos-misticos-3\/","title":{"rendered":"VERSOS MISTICOS"},"content":{"rendered":"\n<div class=\"wp-block-image\"><figure class=\"alignright size-medium\"><a href=\"https:\/\/www.lirapopular.cl\/lirapopularxix\/wp-content\/uploads\/2020\/08\/LO0012302.jpg\"><img loading=\"lazy\" decoding=\"async\" width=\"219\" height=\"300\" src=\"https:\/\/www.lirapopular.cl\/lirapopularxix\/wp-content\/uploads\/2020\/08\/LO0012302-219x300.jpg\" alt=\"\" class=\"wp-image-11413\" srcset=\"https:\/\/www.lirapopular.cl\/lirapopularxix\/wp-content\/uploads\/2020\/08\/LO0012302-219x300.jpg 219w, https:\/\/www.lirapopular.cl\/lirapopularxix\/wp-content\/uploads\/2020\/08\/LO0012302.jpg 729w\" sizes=\"auto, (max-width: 219px) 100vw, 219px\" \/><\/a><figcaption>Archivo de Literatura Oral<br>Fondo Rodolfo Lenz<\/figcaption><\/figure><\/div>\n\n\n\n<p>Autor: Es propiedad de Nicasio Garc\u00eda<br>Impresor: Sin informaci\u00f3n<br>Tama\u00f1o: 38 x 28 cm<br>Clasificaci\u00f3n: BN C\u00f3digo:\u00a0LO0012302<\/p>\n\n\n\n<ul class=\"wp-block-list\"><li><a href=\"https:\/\/www.lirapopular.cl\/lirapopularxix\/2020\/08\/18\/principio-de-canto-2\/\">Principio de canto<\/a><\/li><li><a href=\"https:\/\/www.lirapopular.cl\/lirapopularxix\/2020\/08\/18\/la-princesa-arrepentida\/\">La princesa arrepentida<\/a><\/li><li><a href=\"https:\/\/www.lirapopular.cl\/lirapopularxix\/2020\/08\/18\/la-obra-del-creador-2\/\">La obra del Creador<\/a><\/li><li><a href=\"https:\/\/www.lirapopular.cl\/lirapopularxix\/2020\/08\/18\/el-senor-a-adan-2\/\">El Se\u00f1or a Ad\u00e1n<\/a><\/li><\/ul>\n\n\n\n<p>Nota: Este ejemplar tiene escrito a mano con l\u00e1piz rojo \u201c-10-\u201d, con un timbre: &#8220;Dr. Rodolfo Lenz, Casilla 844, Santiago de Chile&#8221; y &#8220;140&#8221;.<br>Este ejemplar contiene los mismos versos que <a href=\"https:\/\/www.lirapopular.cl\/lirapopularxix\/versos-misticos\/\">este.<\/a><br>Documento optimizado digitalmente.<\/p>\n","protected":false},"excerpt":{"rendered":"<p>Autor: Es propiedad de Nicasio Garc\u00edaImpresor: Sin informaci\u00f3nTama\u00f1o: 38 x 28 cmClasificaci\u00f3n: BN C\u00f3digo:\u00a0LO0012302 Principio de canto La princesa arrepentida La obra del Creador El Se\u00f1or a Ad\u00e1n Nota: Este ejemplar tiene escrito a mano con l\u00e1piz rojo \u201c-10-\u201d, con un timbre: &#8220;Dr. Rodolfo Lenz, Casilla 844, Santiago de Chile&#8221; y &#8220;140&#8221;.Este ejemplar contiene los [&hellip;]<\/p>\n","protected":false},"author":1,"featured_media":0,"parent":0,"menu_order":0,"comment_status":"closed","ping_status":"closed","template":"","meta":{"footnotes":""},"class_list":["post-11408","page","type-page","status-publish","hentry"],"jetpack_sharing_enabled":true,"_links":{"self":[{"href":"https:\/\/www.lirapopular.cl\/lirapopularxix\/wp-json\/wp\/v2\/pages\/11408","targetHints":{"allow":["GET"]}}],"collection":[{"href":"https:\/\/www.lirapopular.cl\/lirapopularxix\/wp-json\/wp\/v2\/pages"}],"about":[{"href":"https:\/\/www.lirapopular.cl\/lirapopularxix\/wp-json\/wp\/v2\/types\/page"}],"author":[{"embeddable":true,"href":"https:\/\/www.lirapopular.cl\/lirapopularxix\/wp-json\/wp\/v2\/users\/1"}],"replies":[{"embeddable":true,"href":"https:\/\/www.lirapopular.cl\/lirapopularxix\/wp-json\/wp\/v2\/comments?post=11408"}],"version-history":[{"count":0,"href":"https:\/\/www.lirapopular.cl\/lirapopularxix\/wp-json\/wp\/v2\/pages\/11408\/revisions"}],"wp:attachment":[{"href":"https:\/\/www.lirapopular.cl\/lirapopularxix\/wp-json\/wp\/v2\/media?parent=11408"}],"curies":[{"name":"wp","href":"https:\/\/api.w.org\/{rel}","templated":true}]}}