{"id":11378,"date":"2020-08-17T21:03:51","date_gmt":"2020-08-18T01:03:51","guid":{"rendered":"https:\/\/www.lirapopular.cl\/lirapopularxix\/?page_id=11378"},"modified":"2020-08-17T21:03:51","modified_gmt":"2020-08-18T01:03:51","slug":"los-chilenos-cautivos-vendidos-por-daza-2","status":"publish","type":"page","link":"https:\/\/www.lirapopular.cl\/lirapopularxix\/los-chilenos-cautivos-vendidos-por-daza-2\/","title":{"rendered":"Los chilenos cautivos vendidos por Daza"},"content":{"rendered":"\n<div class=\"wp-block-image\"><figure class=\"alignright size-medium\"><a href=\"https:\/\/www.lirapopular.cl\/lirapopularxix\/wp-content\/uploads\/2020\/08\/LO0012303.jpg\"><img loading=\"lazy\" decoding=\"async\" width=\"300\" height=\"225\" src=\"https:\/\/www.lirapopular.cl\/lirapopularxix\/wp-content\/uploads\/2020\/08\/LO0012303-300x225.jpg\" alt=\"\" class=\"wp-image-11379\" srcset=\"https:\/\/www.lirapopular.cl\/lirapopularxix\/wp-content\/uploads\/2020\/08\/LO0012303-300x225.jpg 300w, https:\/\/www.lirapopular.cl\/lirapopularxix\/wp-content\/uploads\/2020\/08\/LO0012303-768x576.jpg 768w, https:\/\/www.lirapopular.cl\/lirapopularxix\/wp-content\/uploads\/2020\/08\/LO0012303.jpg 1000w\" sizes=\"auto, (max-width: 300px) 100vw, 300px\" \/><\/a><figcaption>Archivo de Literatura Oral<br>Fondo Rodolfo Lenz<\/figcaption><\/figure><\/div>\n\n\n\n<p>Autor: Es propiedad de Nicasio Garc\u00eda<br>Impresor: Sin informaci\u00f3n<br>Tama\u00f1o: 27 x 38 cm<br>Clasificaci\u00f3n: BN C\u00f3digo:\u00a0LO0012303<\/p>\n\n\n\n<ul class=\"wp-block-list\"><li><a href=\"https:\/\/www.lirapopular.cl\/lirapopularxix\/2020\/08\/17\/los-chilenos-cautivos-vendi-dos-por-daza\/\">Los chilenos cautivos vendidos por Daza<\/a><\/li><li><a href=\"https:\/\/www.lirapopular.cl\/lirapopularxix\/2020\/08\/17\/mas-detalles-de-los-cautivos-2\/\">M\u00e1s detalles de los cautivos<\/a><\/li><li><a href=\"https:\/\/www.lirapopular.cl\/lirapopularxix\/2020\/08\/17\/un-prometimiento-2\/\">El prometimiento<\/a><\/li><li><a href=\"https:\/\/www.lirapopular.cl\/lirapopularxix\/2020\/08\/17\/la-influenza-3\/\">La influenza<\/a><\/li><\/ul>\n\n\n\n<p>Nota: Este ejemplar tiene escrito a mano con l\u00e1piz rojo \u201c-11-\u201d, con l\u00e1piz grafito &#8220;49&#8221;, &#8220;1&#8221;, &#8220;2&#8221;, &#8220;13&#8221;, &#8220;gorgona&#8221; y con un timbre &#8220;159&#8221;.<br>Este documento es el original copiado por <a href=\"https:\/\/www.lirapopular.cl\/lirapopularxix\/los-chilenos-cautivos-vendidos-por-daza\/\">esta lira<\/a> an\u00f3nima.<br>Documento optimizado digitalmente.<\/p>\n","protected":false},"excerpt":{"rendered":"<p>Autor: Es propiedad de Nicasio Garc\u00edaImpresor: Sin informaci\u00f3nTama\u00f1o: 27 x 38 cmClasificaci\u00f3n: BN C\u00f3digo:\u00a0LO0012303 Los chilenos cautivos vendidos por Daza M\u00e1s detalles de los cautivos El prometimiento La influenza Nota: Este ejemplar tiene escrito a mano con l\u00e1piz rojo \u201c-11-\u201d, con l\u00e1piz grafito &#8220;49&#8221;, &#8220;1&#8221;, &#8220;2&#8221;, &#8220;13&#8221;, &#8220;gorgona&#8221; y con un timbre &#8220;159&#8221;.Este documento es [&hellip;]<\/p>\n","protected":false},"author":1,"featured_media":0,"parent":0,"menu_order":0,"comment_status":"closed","ping_status":"closed","template":"","meta":{"footnotes":""},"class_list":["post-11378","page","type-page","status-publish","hentry"],"jetpack_sharing_enabled":true,"_links":{"self":[{"href":"https:\/\/www.lirapopular.cl\/lirapopularxix\/wp-json\/wp\/v2\/pages\/11378","targetHints":{"allow":["GET"]}}],"collection":[{"href":"https:\/\/www.lirapopular.cl\/lirapopularxix\/wp-json\/wp\/v2\/pages"}],"about":[{"href":"https:\/\/www.lirapopular.cl\/lirapopularxix\/wp-json\/wp\/v2\/types\/page"}],"author":[{"embeddable":true,"href":"https:\/\/www.lirapopular.cl\/lirapopularxix\/wp-json\/wp\/v2\/users\/1"}],"replies":[{"embeddable":true,"href":"https:\/\/www.lirapopular.cl\/lirapopularxix\/wp-json\/wp\/v2\/comments?post=11378"}],"version-history":[{"count":0,"href":"https:\/\/www.lirapopular.cl\/lirapopularxix\/wp-json\/wp\/v2\/pages\/11378\/revisions"}],"wp:attachment":[{"href":"https:\/\/www.lirapopular.cl\/lirapopularxix\/wp-json\/wp\/v2\/media?parent=11378"}],"curies":[{"name":"wp","href":"https:\/\/api.w.org\/{rel}","templated":true}]}}