{"id":1136,"date":"2019-06-22T16:07:10","date_gmt":"2019-06-22T20:07:10","guid":{"rendered":"https:\/\/www.lirapopular.cl\/lirapopularxix\/?page_id=1136"},"modified":"2019-06-22T16:07:10","modified_gmt":"2019-06-22T20:07:10","slug":"el-culebron-que-se-comio-un-ninito","status":"publish","type":"page","link":"https:\/\/www.lirapopular.cl\/lirapopularxix\/el-culebron-que-se-comio-un-ninito\/","title":{"rendered":"El culebr\u00f3n que se comi\u00f3 un ni\u00f1ito"},"content":{"rendered":"\n<div class=\"wp-block-image\"><figure class=\"alignright\"><a href=\"https:\/\/www.lirapopular.cl\/lirapopularxix\/wp-content\/uploads\/2019\/06\/260M.jpg\"><img loading=\"lazy\" decoding=\"async\" width=\"300\" height=\"223\" src=\"https:\/\/www.lirapopular.cl\/lirapopularxix\/wp-content\/uploads\/2019\/06\/260M-300x223.jpg\" alt=\"\" class=\"wp-image-1137\" srcset=\"https:\/\/www.lirapopular.cl\/lirapopularxix\/wp-content\/uploads\/2019\/06\/260M-300x223.jpg 300w, https:\/\/www.lirapopular.cl\/lirapopularxix\/wp-content\/uploads\/2019\/06\/260M-768x571.jpg 768w, https:\/\/www.lirapopular.cl\/lirapopularxix\/wp-content\/uploads\/2019\/06\/260M.jpg 1000w\" sizes=\"auto, (max-width: 300px) 100vw, 300px\" \/><\/a><figcaption>Colecci\u00f3n Lira Popular de la <br>Universidad de Chile<\/figcaption><\/figure><\/div>\n\n\n\n<p>Autor: El poeta Pequ\u00e9n<br>Impresor: Sin informaci\u00f3n<br>Tama\u00f1o: 53 x 37,2 cm.<br>Clasificaci\u00f3n: 260 P419c Caja N\u00b010, 539 P419c Caja N\u00b010a, BN C\u00f3digo:&nbsp;LO0012017<\/p>\n\n\n\n<ul class=\"wp-block-list\"><li><a href=\"https:\/\/www.lirapopular.cl\/lirapopularxix\/2019\/06\/22\/el-culebron-que-se-comio-un-ninito\/\">El culebr\u00f3n que se comi\u00f3 un ni\u00f1ito<\/a><\/li><li><a href=\"https:\/\/www.lirapopular.cl\/lirapopularxix\/2019\/06\/22\/la-fuga-de-vergara-de-la-penitenciaria\/\">La fuga de Vergara de la Penitenciar\u00eda<\/a><\/li><li><a href=\"https:\/\/www.lirapopular.cl\/lirapopularxix\/2019\/06\/22\/el-ultimo-detalle-del-crimen-de-talca\/\">El \u00faltimo detalle del crimen de Talca<\/a><\/li><li><a href=\"https:\/\/www.lirapopular.cl\/lirapopularxix\/2019\/06\/22\/contrapunto-entre-el-poeta-parra-y-la-poetiza\/\">Contrapunto entre el poeta Parra y la poetiza<\/a><\/li><\/ul>\n\n\n\n<div class=\"wp-block-image\"><figure class=\"alignright size-medium\"><a href=\"https:\/\/www.lirapopular.cl\/lirapopularxix\/wp-content\/uploads\/2019\/10\/539.jpg\"><img loading=\"lazy\" decoding=\"async\" width=\"300\" height=\"215\" src=\"https:\/\/www.lirapopular.cl\/lirapopularxix\/wp-content\/uploads\/2019\/10\/539-300x215.jpg\" alt=\"\" class=\"wp-image-4406\" srcset=\"https:\/\/www.lirapopular.cl\/lirapopularxix\/wp-content\/uploads\/2019\/10\/539-300x215.jpg 300w, https:\/\/www.lirapopular.cl\/lirapopularxix\/wp-content\/uploads\/2019\/10\/539-768x551.jpg 768w, https:\/\/www.lirapopular.cl\/lirapopularxix\/wp-content\/uploads\/2019\/10\/539.jpg 1000w\" sizes=\"auto, (max-width: 300px) 100vw, 300px\" \/><\/a><figcaption>Colecci\u00f3n Lira Popular de la<br>Universidad de Chile<\/figcaption><\/figure><\/div>\n\n\n\n<p>Nota: El documento no tiene t\u00edtulo, hemos usado el de su primer verso.<br>El 1er ejemplar tiene escritos con lapicera que borran el nombre del autor y lo reemplaza por &#8220;Rolak&#8221;, tambi\u00e9n escribe sobre &#8220;contrapunto&#8221; la palabra &#8220;ajeno&#8221; dos veces.<br>El 2\u00ba ejemplar tiene escrito a mano con l\u00e1piz rojo \u201c539\u201d<br>El 3er ejemplar tiene escrito a mano con l\u00e1piz rojo \u201c-17-\u201d y con un timbre poco n\u00edtido &#8220;450&#8221;.<br>Documentos optimizados digitalmente.<\/p>\n\n\n\n<div class=\"wp-block-image\"><figure class=\"alignright size-medium\"><a href=\"https:\/\/www.lirapopular.cl\/lirapopularxix\/wp-content\/uploads\/2020\/08\/LO0012017.jpg\"><img loading=\"lazy\" decoding=\"async\" width=\"300\" height=\"210\" src=\"https:\/\/www.lirapopular.cl\/lirapopularxix\/wp-content\/uploads\/2020\/08\/LO0012017-300x210.jpg\" alt=\"\" class=\"wp-image-11306\" srcset=\"https:\/\/www.lirapopular.cl\/lirapopularxix\/wp-content\/uploads\/2020\/08\/LO0012017-300x210.jpg 300w, https:\/\/www.lirapopular.cl\/lirapopularxix\/wp-content\/uploads\/2020\/08\/LO0012017-768x538.jpg 768w, https:\/\/www.lirapopular.cl\/lirapopularxix\/wp-content\/uploads\/2020\/08\/LO0012017.jpg 1000w\" sizes=\"auto, (max-width: 300px) 100vw, 300px\" \/><\/a><figcaption>Archivo de Literatura Oral<br>Fondo Rodolfo Lenz<\/figcaption><\/figure><\/div>\n\n\n\n<p><br><\/p>\n","protected":false},"excerpt":{"rendered":"<p>Autor: El poeta Pequ\u00e9nImpresor: Sin informaci\u00f3nTama\u00f1o: 53 x 37,2 cm.Clasificaci\u00f3n: 260 P419c Caja N\u00b010, 539 P419c Caja N\u00b010a, BN C\u00f3digo:&nbsp;LO0012017 El culebr\u00f3n que se comi\u00f3 un ni\u00f1ito La fuga de Vergara de la Penitenciar\u00eda El \u00faltimo detalle del crimen de Talca Contrapunto entre el poeta Parra y la poetiza Nota: El documento no tiene t\u00edtulo, [&hellip;]<\/p>\n","protected":false},"author":1,"featured_media":0,"parent":0,"menu_order":0,"comment_status":"closed","ping_status":"closed","template":"","meta":{"footnotes":""},"class_list":["post-1136","page","type-page","status-publish","hentry"],"jetpack_sharing_enabled":true,"_links":{"self":[{"href":"https:\/\/www.lirapopular.cl\/lirapopularxix\/wp-json\/wp\/v2\/pages\/1136","targetHints":{"allow":["GET"]}}],"collection":[{"href":"https:\/\/www.lirapopular.cl\/lirapopularxix\/wp-json\/wp\/v2\/pages"}],"about":[{"href":"https:\/\/www.lirapopular.cl\/lirapopularxix\/wp-json\/wp\/v2\/types\/page"}],"author":[{"embeddable":true,"href":"https:\/\/www.lirapopular.cl\/lirapopularxix\/wp-json\/wp\/v2\/users\/1"}],"replies":[{"embeddable":true,"href":"https:\/\/www.lirapopular.cl\/lirapopularxix\/wp-json\/wp\/v2\/comments?post=1136"}],"version-history":[{"count":0,"href":"https:\/\/www.lirapopular.cl\/lirapopularxix\/wp-json\/wp\/v2\/pages\/1136\/revisions"}],"wp:attachment":[{"href":"https:\/\/www.lirapopular.cl\/lirapopularxix\/wp-json\/wp\/v2\/media?parent=1136"}],"curies":[{"name":"wp","href":"https:\/\/api.w.org\/{rel}","templated":true}]}}