{"id":11278,"date":"2020-08-14T11:27:22","date_gmt":"2020-08-14T15:27:22","guid":{"rendered":"https:\/\/www.lirapopular.cl\/lirapopularxix\/?page_id=11278"},"modified":"2024-07-15T17:59:31","modified_gmt":"2024-07-15T20:59:31","slug":"contra-punto-de-tahuada","status":"publish","type":"page","link":"https:\/\/www.lirapopular.cl\/lirapopularxix\/contra-punto-de-tahuada\/","title":{"rendered":"CONTRA-PUNTO DE TAHUADA <br>CON DON <br>JAVIER DE LA ROSA <BR>EN PALLA DE CUATRO LINEAS DE PREGUNTAS CON RESPUESTAS <br>Recojido una parte, i compuesto lo demas <br>por el que suscribe, venciendo don Javier de la Rosa"},"content":{"rendered":"<div class=\"wp-block-image\">\n<figure class=\"alignright size-medium\"><a href=\"https:\/\/www.lirapopular.cl\/lirapopularxix\/wp-content\/uploads\/2020\/08\/LO0012304.jpg\"><img loading=\"lazy\" decoding=\"async\" width=\"206\" height=\"300\" src=\"https:\/\/www.lirapopular.cl\/lirapopularxix\/wp-content\/uploads\/2020\/08\/LO0012304-206x300.jpg\" alt=\"\" class=\"wp-image-11315\" srcset=\"https:\/\/www.lirapopular.cl\/lirapopularxix\/wp-content\/uploads\/2020\/08\/LO0012304-206x300.jpg 206w, https:\/\/www.lirapopular.cl\/lirapopularxix\/wp-content\/uploads\/2020\/08\/LO0012304.jpg 686w\" sizes=\"auto, (max-width: 206px) 100vw, 206px\" \/><\/a><figcaption class=\"wp-element-caption\">Archivo de Literatura Oral<br>Fondo Rodolfo Lenz<\/figcaption><\/figure>\n<\/div>\n\n\n<p>Autor: Es propiedad del autor. Nicasio Garc\u00eda<br>Impresor: 6659\u2013Imp. Victoria San Diego 71<br>Tama\u00f1o: 40 x 27&nbsp; cm<br>Clasificaci\u00f3n: BN C\u00f3digo:&nbsp;LO0012304<\/p>\n\n\n\n<ul class=\"wp-block-list\">\n<li><a href=\"https:\/\/www.lirapopular.cl\/lirapopularxix\/2024\/07\/15\/en-palla-de-cuatro-lineas-de-preguntas-con-respuestas-recojido-una-parte-i-compuesto-lo-demas-por-el-que-suscribe-venciendo-don-javier-de-la-rosa\/\">Contra-punto de Tahuada con don Javier de la Rosa en palla de cuatro l\u00edneas de preguntas con respuestas recogido una parte, y compuesto lo dem\u00e1s por el que suscribe, venciendo don Javier de la Rosa<\/a><\/li>\n<\/ul>\n\n\n\n<p>Nota: Este documento es una edici\u00f3n diferente de <a href=\"https:\/\/www.lirapopular.cl\/lirapopularxix\/contra-puntode-tahuada-con-don-javier-de-la-rosa\/\">este<\/a>.<br>Este ejemplar tiene escrito a mano con l\u00e1piz rojo \u201c-12-\u201d &#8220;1&#8221; &#8220;6&#8221; y con un timbre &#8220;145&#8221;.<br>Marginalias poco legibles.<br>Documento optimizado digitalmente.<\/p>\n","protected":false},"excerpt":{"rendered":"<p>Autor: Es propiedad del autor. Nicasio Garc\u00edaImpresor: 6659\u2013Imp. Victoria San Diego 71Tama\u00f1o: 40 x 27&nbsp; cmClasificaci\u00f3n: BN C\u00f3digo:&nbsp;LO0012304 Nota: Este documento es una edici\u00f3n diferente de este.Este ejemplar tiene escrito a mano con l\u00e1piz rojo \u201c-12-\u201d &#8220;1&#8221; &#8220;6&#8221; y con un timbre &#8220;145&#8221;.Marginalias poco legibles.Documento optimizado digitalmente.<\/p>\n","protected":false},"author":1,"featured_media":0,"parent":0,"menu_order":0,"comment_status":"closed","ping_status":"closed","template":"","meta":{"footnotes":""},"class_list":["post-11278","page","type-page","status-publish","hentry"],"jetpack_sharing_enabled":true,"_links":{"self":[{"href":"https:\/\/www.lirapopular.cl\/lirapopularxix\/wp-json\/wp\/v2\/pages\/11278","targetHints":{"allow":["GET"]}}],"collection":[{"href":"https:\/\/www.lirapopular.cl\/lirapopularxix\/wp-json\/wp\/v2\/pages"}],"about":[{"href":"https:\/\/www.lirapopular.cl\/lirapopularxix\/wp-json\/wp\/v2\/types\/page"}],"author":[{"embeddable":true,"href":"https:\/\/www.lirapopular.cl\/lirapopularxix\/wp-json\/wp\/v2\/users\/1"}],"replies":[{"embeddable":true,"href":"https:\/\/www.lirapopular.cl\/lirapopularxix\/wp-json\/wp\/v2\/comments?post=11278"}],"version-history":[{"count":2,"href":"https:\/\/www.lirapopular.cl\/lirapopularxix\/wp-json\/wp\/v2\/pages\/11278\/revisions"}],"predecessor-version":[{"id":28507,"href":"https:\/\/www.lirapopular.cl\/lirapopularxix\/wp-json\/wp\/v2\/pages\/11278\/revisions\/28507"}],"wp:attachment":[{"href":"https:\/\/www.lirapopular.cl\/lirapopularxix\/wp-json\/wp\/v2\/media?parent=11278"}],"curies":[{"name":"wp","href":"https:\/\/api.w.org\/{rel}","templated":true}]}}