{"id":1120,"date":"2019-06-22T14:57:23","date_gmt":"2019-06-22T18:57:23","guid":{"rendered":"https:\/\/www.lirapopular.cl\/lirapopularxix\/?page_id=1120"},"modified":"2019-06-22T14:57:23","modified_gmt":"2019-06-22T18:57:23","slug":"los-tres-asesinatos","status":"publish","type":"page","link":"https:\/\/www.lirapopular.cl\/lirapopularxix\/los-tres-asesinatos\/","title":{"rendered":"Los tres asesinatos"},"content":{"rendered":"\n<div class=\"wp-block-image\"><figure class=\"alignright\"><a href=\"https:\/\/www.lirapopular.cl\/lirapopularxix\/wp-content\/uploads\/2019\/06\/617.jpg\"><img loading=\"lazy\" decoding=\"async\" width=\"220\" height=\"300\" src=\"https:\/\/www.lirapopular.cl\/lirapopularxix\/wp-content\/uploads\/2019\/06\/617-220x300.jpg\" alt=\"\" class=\"wp-image-1121\" srcset=\"https:\/\/www.lirapopular.cl\/lirapopularxix\/wp-content\/uploads\/2019\/06\/617-220x300.jpg 220w, https:\/\/www.lirapopular.cl\/lirapopularxix\/wp-content\/uploads\/2019\/06\/617.jpg 732w\" sizes=\"auto, (max-width: 220px) 100vw, 220px\" \/><\/a><figcaption>Colecci\u00f3n Lira Popular de la <br>Universidad de Chile<\/figcaption><\/figure><\/div>\n\n\n\n<p>Autor: Alazor, Se venden Puente Calicanto N\u00ba 7<br>Impresor: Sin informaci\u00f3n<br>Tama\u00f1o: 34,7 x 26 cm.<br>Clasificaci\u00f3n: 617 A324t Caja N\u00b02a, BN C\u00f3digo:\u00a0LO0012265<\/p>\n\n\n\n<ul class=\"wp-block-list\"><li><a href=\"https:\/\/www.lirapopular.cl\/lirapopularxix\/2019\/06\/22\/los-tres-asesinatos-dos-mujeres-i-un-inmigrante\/\">Los tres asesinatos<\/a><\/li><li><a href=\"https:\/\/www.lirapopular.cl\/lirapopularxix\/2019\/06\/22\/carta-de-un-hijo-a-su-padre-2\/\">Carta de un hijo a su padre<\/a><\/li><li><a href=\"https:\/\/www.lirapopular.cl\/lirapopularxix\/2019\/06\/22\/contestacion-2\/\">Contestaci\u00f3n<\/a><\/li><\/ul>\n\n\n\n<p>Nota: El 1er ejemplar tiene escrito a mano con l\u00e1piz rojo \u201c617\u201d.<br>El 2\u00ba ejemplar tiene escrito a mano con l\u00e1piz rojo \u201c-3-\u201d y con azul &#8220;53&#8221;.<br>Documentos optimizados digitalmente.<\/p>\n\n\n\n<p><span class=\"has-inline-color has-white-color\">.<\/span><\/p>\n\n\n\n<div class=\"wp-block-image is-style-default\"><figure class=\"alignright size-medium\"><a href=\"https:\/\/www.lirapopular.cl\/lirapopularxix\/wp-content\/uploads\/2021\/11\/LO0012265.jpg\"><img loading=\"lazy\" decoding=\"async\" width=\"224\" height=\"300\" src=\"https:\/\/www.lirapopular.cl\/lirapopularxix\/wp-content\/uploads\/2021\/11\/LO0012265-224x300.jpg\" alt=\"\" class=\"wp-image-26740\" srcset=\"https:\/\/www.lirapopular.cl\/lirapopularxix\/wp-content\/uploads\/2021\/11\/LO0012265-224x300.jpg 224w, https:\/\/www.lirapopular.cl\/lirapopularxix\/wp-content\/uploads\/2021\/11\/LO0012265.jpg 747w\" sizes=\"auto, (max-width: 224px) 100vw, 224px\" \/><\/a><figcaption>Archivo de Literatura Oral<br>Fondo Rodolfo Lenz<\/figcaption><\/figure><\/div>\n","protected":false},"excerpt":{"rendered":"<p>Autor: Alazor, Se venden Puente Calicanto N\u00ba 7Impresor: Sin informaci\u00f3nTama\u00f1o: 34,7 x 26 cm.Clasificaci\u00f3n: 617 A324t Caja N\u00b02a, BN C\u00f3digo:\u00a0LO0012265 Los tres asesinatos Carta de un hijo a su padre Contestaci\u00f3n Nota: El 1er ejemplar tiene escrito a mano con l\u00e1piz rojo \u201c617\u201d.El 2\u00ba ejemplar tiene escrito a mano con l\u00e1piz rojo \u201c-3-\u201d y con [&hellip;]<\/p>\n","protected":false},"author":1,"featured_media":0,"parent":0,"menu_order":0,"comment_status":"closed","ping_status":"closed","template":"","meta":{"footnotes":""},"class_list":["post-1120","page","type-page","status-publish","hentry"],"jetpack_sharing_enabled":true,"_links":{"self":[{"href":"https:\/\/www.lirapopular.cl\/lirapopularxix\/wp-json\/wp\/v2\/pages\/1120","targetHints":{"allow":["GET"]}}],"collection":[{"href":"https:\/\/www.lirapopular.cl\/lirapopularxix\/wp-json\/wp\/v2\/pages"}],"about":[{"href":"https:\/\/www.lirapopular.cl\/lirapopularxix\/wp-json\/wp\/v2\/types\/page"}],"author":[{"embeddable":true,"href":"https:\/\/www.lirapopular.cl\/lirapopularxix\/wp-json\/wp\/v2\/users\/1"}],"replies":[{"embeddable":true,"href":"https:\/\/www.lirapopular.cl\/lirapopularxix\/wp-json\/wp\/v2\/comments?post=1120"}],"version-history":[{"count":0,"href":"https:\/\/www.lirapopular.cl\/lirapopularxix\/wp-json\/wp\/v2\/pages\/1120\/revisions"}],"wp:attachment":[{"href":"https:\/\/www.lirapopular.cl\/lirapopularxix\/wp-json\/wp\/v2\/media?parent=1120"}],"curies":[{"name":"wp","href":"https:\/\/api.w.org\/{rel}","templated":true}]}}