{"id":1110,"date":"2019-06-22T13:43:54","date_gmt":"2019-06-22T17:43:54","guid":{"rendered":"https:\/\/www.lirapopular.cl\/lirapopularxix\/?page_id=1110"},"modified":"2019-06-22T13:43:54","modified_gmt":"2019-06-22T17:43:54","slug":"contrapunto-entre-un-loco-y-un-juez","status":"publish","type":"page","link":"https:\/\/www.lirapopular.cl\/lirapopularxix\/contrapunto-entre-un-loco-y-un-juez\/","title":{"rendered":"Contrapunto entre un loco y un juez"},"content":{"rendered":"\n<div class=\"wp-block-image\"><figure class=\"alignright\"><a href=\"https:\/\/www.lirapopular.cl\/lirapopularxix\/wp-content\/uploads\/2019\/06\/616.jpg\"><img loading=\"lazy\" decoding=\"async\" width=\"212\" height=\"300\" src=\"https:\/\/www.lirapopular.cl\/lirapopularxix\/wp-content\/uploads\/2019\/06\/616-212x300.jpg\" alt=\"\" class=\"wp-image-1111\" srcset=\"https:\/\/www.lirapopular.cl\/lirapopularxix\/wp-content\/uploads\/2019\/06\/616-212x300.jpg 212w, https:\/\/www.lirapopular.cl\/lirapopularxix\/wp-content\/uploads\/2019\/06\/616.jpg 707w\" sizes=\"auto, (max-width: 212px) 100vw, 212px\" \/><\/a><figcaption>Colecci\u00f3n Lira Popular de la<br>Universidad de Chile<\/figcaption><\/figure><\/div>\n\n\n\n<p>Autor: Alazor, Se venden Puente Galicanto N\u00ba 7<br>Impresor: Sin informaci\u00f3n<br>Tama\u00f1o: 21,5 x 30 cm.<br>Clasificaci\u00f3n: 616 A324c Caja N\u00b02a<\/p>\n\n\n\n<ul class=\"wp-block-list\"><li><a href=\"https:\/\/www.lirapopular.cl\/lirapopularxix\/2019\/06\/22\/contrapunto-entre-un-loco-y-un-juez\/\">Contrapunto entre un loco y un juez<\/a><\/li><\/ul>\n\n\n\n<p>Nota: Este ejemplar tiene escrito a mano con l\u00e1piz rojo \u201c616\u201d.<\/p>\n","protected":false},"excerpt":{"rendered":"<p>Autor: Alazor, Se venden Puente Galicanto N\u00ba 7Impresor: Sin informaci\u00f3nTama\u00f1o: 21,5 x 30 cm.Clasificaci\u00f3n: 616 A324c Caja N\u00b02a Contrapunto entre un loco y un juez Nota: Este ejemplar tiene escrito a mano con l\u00e1piz rojo \u201c616\u201d.<\/p>\n","protected":false},"author":1,"featured_media":0,"parent":0,"menu_order":0,"comment_status":"closed","ping_status":"closed","template":"","meta":{"footnotes":""},"class_list":["post-1110","page","type-page","status-publish","hentry"],"jetpack_sharing_enabled":true,"_links":{"self":[{"href":"https:\/\/www.lirapopular.cl\/lirapopularxix\/wp-json\/wp\/v2\/pages\/1110","targetHints":{"allow":["GET"]}}],"collection":[{"href":"https:\/\/www.lirapopular.cl\/lirapopularxix\/wp-json\/wp\/v2\/pages"}],"about":[{"href":"https:\/\/www.lirapopular.cl\/lirapopularxix\/wp-json\/wp\/v2\/types\/page"}],"author":[{"embeddable":true,"href":"https:\/\/www.lirapopular.cl\/lirapopularxix\/wp-json\/wp\/v2\/users\/1"}],"replies":[{"embeddable":true,"href":"https:\/\/www.lirapopular.cl\/lirapopularxix\/wp-json\/wp\/v2\/comments?post=1110"}],"version-history":[{"count":0,"href":"https:\/\/www.lirapopular.cl\/lirapopularxix\/wp-json\/wp\/v2\/pages\/1110\/revisions"}],"wp:attachment":[{"href":"https:\/\/www.lirapopular.cl\/lirapopularxix\/wp-json\/wp\/v2\/media?parent=1110"}],"curies":[{"name":"wp","href":"https:\/\/api.w.org\/{rel}","templated":true}]}}