{"id":11066,"date":"2020-08-08T18:42:30","date_gmt":"2020-08-08T22:42:30","guid":{"rendered":"https:\/\/www.lirapopular.cl\/lirapopularxix\/?page_id=11066"},"modified":"2020-08-08T18:42:30","modified_gmt":"2020-08-08T22:42:30","slug":"la-nina-vestida-de-hombre","status":"publish","type":"page","link":"https:\/\/www.lirapopular.cl\/lirapopularxix\/la-nina-vestida-de-hombre\/","title":{"rendered":"La ni\u00f1a vestida de hombre i que se cas\u00f3 con otra ni\u00f1a en Illapel <br> Guerra entre Chile i la Arjentina i los versos de Balmaceda"},"content":{"rendered":"\n<div class=\"wp-block-image\"><figure class=\"alignright size-medium\"><a href=\"https:\/\/www.lirapopular.cl\/lirapopularxix\/wp-content\/uploads\/2020\/08\/LO0012595.jpg\"><img loading=\"lazy\" decoding=\"async\" width=\"300\" height=\"200\" src=\"https:\/\/www.lirapopular.cl\/lirapopularxix\/wp-content\/uploads\/2020\/08\/LO0012595-300x200.jpg\" alt=\"\" class=\"wp-image-11067\" srcset=\"https:\/\/www.lirapopular.cl\/lirapopularxix\/wp-content\/uploads\/2020\/08\/LO0012595-300x200.jpg 300w, https:\/\/www.lirapopular.cl\/lirapopularxix\/wp-content\/uploads\/2020\/08\/LO0012595-768x512.jpg 768w, https:\/\/www.lirapopular.cl\/lirapopularxix\/wp-content\/uploads\/2020\/08\/LO0012595.jpg 1000w\" sizes=\"auto, (max-width: 300px) 100vw, 300px\" \/><\/a><figcaption>Archivo de Literatura Oral<br>Colecci\u00f3n Alamiro de \u00c1vila<\/figcaption><\/figure><\/div>\n\n\n\n<p>Autor: Jos\u00e9 Hip\u00f3lito Casas Cordero, Autor poeta de Santiago, Ech\u00e1urren 105.<br>Impresor: Taller Tipogr\u00e1fico Andr\u00e9s Bello 60 B<br>Tama\u00f1o: 55 x 39\u00a0 cm<br>Clasificaci\u00f3n: BN C\u00f3digo:\u00a0LO0012595<\/p>\n\n\n\n<ul class=\"wp-block-list\"><li><a href=\"https:\/\/www.lirapopular.cl\/lirapopularxix\/2020\/08\/09\/la-nina-vestida-de-hombre-que-se-caso-con-otra-nina-en-illapel\/\">La ni\u00f1a vestida de hombre que se cas\u00f3 con otra ni\u00f1a en Illapel<\/a><\/li><li><a href=\"https:\/\/www.lirapopular.cl\/lirapopularxix\/2020\/08\/09\/chile-i-la-arjentina\/\">Chile y la Argentina<\/a><\/li><li><a href=\"https:\/\/www.lirapopular.cl\/lirapopularxix\/2020\/08\/09\/versos-balmacedistas\/\">Versos balmacedistas<\/a><\/li><li><a href=\"https:\/\/www.lirapopular.cl\/lirapopularxix\/2020\/08\/09\/finos-amores\/\">Finos amores<\/a><\/li><li><a href=\"https:\/\/www.lirapopular.cl\/lirapopularxix\/2020\/08\/09\/glosas-i-cuecas-para-jovenes-i-ninas\/\">Glosas y cuecas para j\u00f3venes y ni\u00f1as.<\/a><\/li><\/ul>\n\n\n\n<p>Nota: Este ejemplar tiene escrito a mano con l\u00e1piz azul \u201c30\u201d y con plum\u00f3n &#8220;269&#8221;. Por el reverso sobre un papel &#8220;29&#8221;.<br>Documento optimizado digitalmente.<\/p>\n","protected":false},"excerpt":{"rendered":"<p>Autor: Jos\u00e9 Hip\u00f3lito Casas Cordero, Autor poeta de Santiago, Ech\u00e1urren 105.Impresor: Taller Tipogr\u00e1fico Andr\u00e9s Bello 60 BTama\u00f1o: 55 x 39\u00a0 cmClasificaci\u00f3n: BN C\u00f3digo:\u00a0LO0012595 La ni\u00f1a vestida de hombre que se cas\u00f3 con otra ni\u00f1a en Illapel Chile y la Argentina Versos balmacedistas Finos amores Glosas y cuecas para j\u00f3venes y ni\u00f1as. Nota: Este ejemplar tiene [&hellip;]<\/p>\n","protected":false},"author":1,"featured_media":0,"parent":0,"menu_order":0,"comment_status":"closed","ping_status":"closed","template":"","meta":{"footnotes":""},"class_list":["post-11066","page","type-page","status-publish","hentry"],"jetpack_sharing_enabled":true,"_links":{"self":[{"href":"https:\/\/www.lirapopular.cl\/lirapopularxix\/wp-json\/wp\/v2\/pages\/11066","targetHints":{"allow":["GET"]}}],"collection":[{"href":"https:\/\/www.lirapopular.cl\/lirapopularxix\/wp-json\/wp\/v2\/pages"}],"about":[{"href":"https:\/\/www.lirapopular.cl\/lirapopularxix\/wp-json\/wp\/v2\/types\/page"}],"author":[{"embeddable":true,"href":"https:\/\/www.lirapopular.cl\/lirapopularxix\/wp-json\/wp\/v2\/users\/1"}],"replies":[{"embeddable":true,"href":"https:\/\/www.lirapopular.cl\/lirapopularxix\/wp-json\/wp\/v2\/comments?post=11066"}],"version-history":[{"count":0,"href":"https:\/\/www.lirapopular.cl\/lirapopularxix\/wp-json\/wp\/v2\/pages\/11066\/revisions"}],"wp:attachment":[{"href":"https:\/\/www.lirapopular.cl\/lirapopularxix\/wp-json\/wp\/v2\/media?parent=11066"}],"curies":[{"name":"wp","href":"https:\/\/api.w.org\/{rel}","templated":true}]}}