{"id":10868,"date":"2020-07-28T22:20:31","date_gmt":"2020-07-29T02:20:31","guid":{"rendered":"https:\/\/www.lirapopular.cl\/lirapopularxix\/?page_id=10868"},"modified":"2020-07-28T22:20:31","modified_gmt":"2020-07-29T02:20:31","slug":"gran-catastrofe-en-mulchen","status":"publish","type":"page","link":"https:\/\/www.lirapopular.cl\/lirapopularxix\/gran-catastrofe-en-mulchen\/","title":{"rendered":"Gran cat\u00e1strofe en Mulchen: cinco ni\u00f1as ahogadas juntamente con sus tres hermanitos <br>La invasion de culebras en Carampangue <br>INEVITABLE CHOQUE DE LA TIERRA CON EL COMETA BIELA"},"content":{"rendered":"<div class=\"wp-block-image\">\n<figure class=\"alignright size-medium\"><a href=\"https:\/\/www.lirapopular.cl\/lirapopularxix\/wp-content\/uploads\/2020\/07\/LO0012610.jpg\"><img loading=\"lazy\" decoding=\"async\" width=\"300\" height=\"195\" src=\"https:\/\/www.lirapopular.cl\/lirapopularxix\/wp-content\/uploads\/2020\/07\/LO0012610-300x195.jpg\" alt=\"\" class=\"wp-image-10869\" srcset=\"https:\/\/www.lirapopular.cl\/lirapopularxix\/wp-content\/uploads\/2020\/07\/LO0012610-300x195.jpg 300w, https:\/\/www.lirapopular.cl\/lirapopularxix\/wp-content\/uploads\/2020\/07\/LO0012610-768x500.jpg 768w, https:\/\/www.lirapopular.cl\/lirapopularxix\/wp-content\/uploads\/2020\/07\/LO0012610.jpg 1000w\" sizes=\"auto, (max-width: 300px) 100vw, 300px\" \/><\/a><figcaption>Archivo de Literatura Oral<br>Colecci\u00f3n Alamiro de \u00c1vila<\/figcaption><\/figure>\n<\/div>\n\n\n<p>Autor: Jos\u00e9 Hip\u00f3lito Casas Cordero, Poeta santiaguino, Ech\u00e1urren, 607<br>Impresor: Imp. Barcelona<br>Tama\u00f1o: 54 x 39 cm<br>Clasificaci\u00f3n: BN C\u00f3digo:&nbsp;LO0012610<\/p>\n\n\n\n<ul class=\"wp-block-list\"><li><a href=\"https:\/\/www.lirapopular.cl\/lirapopularxix\/2020\/07\/30\/versos-de-la-catastrofe\/\">Versos de la cat\u00e1strofe de las cinco ni\u00f1as ahogadas con sus tres hermanitos en el r\u00edo Bureo, Mulch\u00e9n<\/a><\/li><li><a href=\"https:\/\/www.lirapopular.cl\/lirapopularxix\/2020\/07\/30\/la-gran-peste-de-la-llegada-de-las-cule-bras-al-pueblo-de-caram-pangue\/\">La gran peste de la llegada de las culebras al pueblo de Carampangue<\/a><\/li><li><a href=\"https:\/\/www.lirapopular.cl\/lirapopularxix\/2020\/07\/30\/el-astro-que-va-a-chocar-con-la-tierra-i-la-proxima-venida-del-ante-cristo\/\">El astro que va achocar con la Tierra y la pr\u00f3xima venida del Anti-Cristo<\/a><\/li><li><a href=\"https:\/\/www.lirapopular.cl\/lirapopularxix\/2020\/07\/30\/la-pulga-intrusa\/\">La pulga intrusa<\/a><\/li><li><a href=\"https:\/\/www.lirapopular.cl\/lirapopularxix\/2020\/07\/30\/gran-contrapunto-entre-un-conductor-de-tre-nes-i-un-pasajero\/\">Gran contrapunto entre un conductor de trenes y un pasajero<\/a><\/li><li><a href=\"https:\/\/www.lirapopular.cl\/lirapopularxix\/2020\/07\/30\/variados-brindis\/\">Variados brindis<\/a><\/li><\/ul>\n\n\n\n<p>Nota: En 1877 se pudo ver el cometa Biela en la noche del 27 de noviembre. Esa noche se observ\u00f3 una hermos\u00edsima lluvia de estrellas. No se ha vuelto a ver, se cree que se disgreg\u00f3 por completo.<br>Este ejemplar tiene escrito a mano con l\u00e1piz azul \u201c45\u201d y con plum\u00f3n &#8220;284&#8221;, por el reverso sobre un papel &#8220;50&#8221;, &#8220;8&#8221;.<br>Documento optimizado digitalmente.<\/p>\n","protected":false},"excerpt":{"rendered":"<p>Autor: Jos\u00e9 Hip\u00f3lito Casas Cordero, Poeta santiaguino, Ech\u00e1urren, 607Impresor: Imp. BarcelonaTama\u00f1o: 54 x 39 cmClasificaci\u00f3n: BN C\u00f3digo:&nbsp;LO0012610 Versos de la cat\u00e1strofe de las cinco ni\u00f1as ahogadas con sus tres hermanitos en el r\u00edo Bureo, Mulch\u00e9n La gran peste de la llegada de las culebras al pueblo de Carampangue El astro que va achocar con la [&hellip;]<\/p>\n","protected":false},"author":1,"featured_media":0,"parent":0,"menu_order":0,"comment_status":"closed","ping_status":"closed","template":"","meta":{"footnotes":""},"class_list":["post-10868","page","type-page","status-publish","hentry"],"jetpack_sharing_enabled":true,"_links":{"self":[{"href":"https:\/\/www.lirapopular.cl\/lirapopularxix\/wp-json\/wp\/v2\/pages\/10868","targetHints":{"allow":["GET"]}}],"collection":[{"href":"https:\/\/www.lirapopular.cl\/lirapopularxix\/wp-json\/wp\/v2\/pages"}],"about":[{"href":"https:\/\/www.lirapopular.cl\/lirapopularxix\/wp-json\/wp\/v2\/types\/page"}],"author":[{"embeddable":true,"href":"https:\/\/www.lirapopular.cl\/lirapopularxix\/wp-json\/wp\/v2\/users\/1"}],"replies":[{"embeddable":true,"href":"https:\/\/www.lirapopular.cl\/lirapopularxix\/wp-json\/wp\/v2\/comments?post=10868"}],"version-history":[{"count":0,"href":"https:\/\/www.lirapopular.cl\/lirapopularxix\/wp-json\/wp\/v2\/pages\/10868\/revisions"}],"wp:attachment":[{"href":"https:\/\/www.lirapopular.cl\/lirapopularxix\/wp-json\/wp\/v2\/media?parent=10868"}],"curies":[{"name":"wp","href":"https:\/\/api.w.org\/{rel}","templated":true}]}}