{"id":1085,"date":"2019-06-21T17:29:08","date_gmt":"2019-06-21T21:29:08","guid":{"rendered":"https:\/\/www.lirapopular.cl\/lirapopularxix\/?page_id=1085"},"modified":"2019-06-21T17:29:08","modified_gmt":"2019-06-21T21:29:08","slug":"lidia-entre-rolak-i-alazor","status":"publish","type":"page","link":"https:\/\/www.lirapopular.cl\/lirapopularxix\/lidia-entre-rolak-i-alazor\/","title":{"rendered":"Lidia entre Rolak i Alazor"},"content":{"rendered":"\n<div class=\"wp-block-image\"><figure class=\"alignright\"><a href=\"https:\/\/www.lirapopular.cl\/lirapopularxix\/wp-content\/uploads\/2019\/06\/615.jpg\"><img loading=\"lazy\" decoding=\"async\" width=\"215\" height=\"300\" src=\"https:\/\/www.lirapopular.cl\/lirapopularxix\/wp-content\/uploads\/2019\/06\/615-215x300.jpg\" alt=\"\" class=\"wp-image-1090\" srcset=\"https:\/\/www.lirapopular.cl\/lirapopularxix\/wp-content\/uploads\/2019\/06\/615-215x300.jpg 215w, https:\/\/www.lirapopular.cl\/lirapopularxix\/wp-content\/uploads\/2019\/06\/615.jpg 717w\" sizes=\"auto, (max-width: 215px) 100vw, 215px\" \/><\/a><figcaption>Colecci\u00f3n Lira Popular de la Universidad de Chile<\/figcaption><\/figure><\/div>\n\n\n\n<p>Autor: Alazor. Se venden Puente Calicanto N\u00ba 7<br>Impresor: Sin informaci\u00f3n<br>Tama\u00f1o: 25 x 35 cm.<br>Clasificaci\u00f3n: 615 A324 Caja N\u00b02a<\/p>\n\n\n\n<ul class=\"wp-block-list\"><li><a href=\"https:\/\/www.lirapopular.cl\/lirapopularxix\/2019\/06\/21\/lidia-entre-rolak-i-alazor\/\">Lidia entre Rolak i Alazor<\/a><\/li><li><a href=\"https:\/\/www.lirapopular.cl\/lirapopularxix\/2019\/06\/21\/carta-de-un-hijo-a-su-padre\/\">Carta de un hijo a su padre<\/a><\/li><li><a href=\"https:\/\/www.lirapopular.cl\/lirapopularxix\/2019\/06\/21\/contestacion\/\">Contestaci\u00f3n<\/a><\/li><\/ul>\n\n\n\n<p>Nota: Este ejemplar tiene escrito a mano con l\u00e1piz rojo \u201c615\u201d<br>La lira no tiene t\u00edtulo, usamos el de su primer verso.<\/p>\n","protected":false},"excerpt":{"rendered":"<p>Autor: Alazor. Se venden Puente Calicanto N\u00ba 7Impresor: Sin informaci\u00f3nTama\u00f1o: 25 x 35 cm.Clasificaci\u00f3n: 615 A324 Caja N\u00b02a Lidia entre Rolak i Alazor Carta de un hijo a su padre Contestaci\u00f3n Nota: Este ejemplar tiene escrito a mano con l\u00e1piz rojo \u201c615\u201dLa lira no tiene t\u00edtulo, usamos el de su primer verso.<\/p>\n","protected":false},"author":1,"featured_media":0,"parent":0,"menu_order":0,"comment_status":"closed","ping_status":"closed","template":"","meta":{"footnotes":""},"class_list":["post-1085","page","type-page","status-publish","hentry"],"jetpack_sharing_enabled":true,"_links":{"self":[{"href":"https:\/\/www.lirapopular.cl\/lirapopularxix\/wp-json\/wp\/v2\/pages\/1085","targetHints":{"allow":["GET"]}}],"collection":[{"href":"https:\/\/www.lirapopular.cl\/lirapopularxix\/wp-json\/wp\/v2\/pages"}],"about":[{"href":"https:\/\/www.lirapopular.cl\/lirapopularxix\/wp-json\/wp\/v2\/types\/page"}],"author":[{"embeddable":true,"href":"https:\/\/www.lirapopular.cl\/lirapopularxix\/wp-json\/wp\/v2\/users\/1"}],"replies":[{"embeddable":true,"href":"https:\/\/www.lirapopular.cl\/lirapopularxix\/wp-json\/wp\/v2\/comments?post=1085"}],"version-history":[{"count":0,"href":"https:\/\/www.lirapopular.cl\/lirapopularxix\/wp-json\/wp\/v2\/pages\/1085\/revisions"}],"wp:attachment":[{"href":"https:\/\/www.lirapopular.cl\/lirapopularxix\/wp-json\/wp\/v2\/media?parent=1085"}],"curies":[{"name":"wp","href":"https:\/\/api.w.org\/{rel}","templated":true}]}}