{"id":10816,"date":"2020-07-27T17:00:46","date_gmt":"2020-07-27T21:00:46","guid":{"rendered":"https:\/\/www.lirapopular.cl\/lirapopularxix\/?page_id=10816"},"modified":"2020-07-27T17:00:46","modified_gmt":"2020-07-27T21:00:46","slug":"espantoso-suceso-sensacional","status":"publish","type":"page","link":"https:\/\/www.lirapopular.cl\/lirapopularxix\/espantoso-suceso-sensacional\/","title":{"rendered":"ESPANTOSO SUCESO SENSACIONAL EN LA <br>CIUDAD DE RANCAGUA <br>DE UN CABALLERO QUE HIZO PACTO CON EL DIABLO"},"content":{"rendered":"\n<div class=\"wp-block-image\"><figure class=\"alignright size-medium\"><a href=\"https:\/\/www.lirapopular.cl\/lirapopularxix\/wp-content\/uploads\/2020\/07\/LO0012573.jpg\"><img loading=\"lazy\" decoding=\"async\" width=\"300\" height=\"204\" src=\"https:\/\/www.lirapopular.cl\/lirapopularxix\/wp-content\/uploads\/2020\/07\/LO0012573-300x204.jpg\" alt=\"\" class=\"wp-image-10817\" srcset=\"https:\/\/www.lirapopular.cl\/lirapopularxix\/wp-content\/uploads\/2020\/07\/LO0012573-300x204.jpg 300w, https:\/\/www.lirapopular.cl\/lirapopularxix\/wp-content\/uploads\/2020\/07\/LO0012573-768x523.jpg 768w, https:\/\/www.lirapopular.cl\/lirapopularxix\/wp-content\/uploads\/2020\/07\/LO0012573.jpg 1000w\" sizes=\"auto, (max-width: 300px) 100vw, 300px\" \/><\/a><figcaption>Archivo de Literatura Oral<br>Colecci\u00f3n Alamiro de \u00c1vila<\/figcaption><\/figure><\/div>\n\n\n\n<p>Autor: Jos\u00e9 Hip\u00f3lito Casas-Cordero. Autor. Poeta de Santiago. Ech\u00e1urren, 607.<br>Impresor: Imp. Albion. San Antonio 85.<br>Tama\u00f1o: 54 x 37\u00a0 cm<br>Clasificaci\u00f3n: BN C\u00f3digo:\u00a0LO0012573<\/p>\n\n\n\n<ul class=\"wp-block-list\"><li><a href=\"https:\/\/www.lirapopular.cl\/lirapopularxix\/2020\/07\/27\/el-caballero-que-hizo-pacto-con-el-diablo-en-rancagua\/\">El caballero que hizo pacto con el diablo en Rancagua<\/a><\/li><li><a href=\"https:\/\/www.lirapopular.cl\/lirapopularxix\/2020\/07\/27\/contrapunto-de-tagua-con-don-ja-vier-de-la-rosa\/\">Contrapunto de Tagu\u00e1 con don Javier de la Rosa<\/a><\/li><li><a href=\"https:\/\/www.lirapopular.cl\/lirapopularxix\/2020\/07\/27\/versos-de-amor-10\/\">Versos de amor<\/a><\/li><li><a href=\"https:\/\/www.lirapopular.cl\/lirapopularxix\/2020\/07\/27\/esquinazo-al-amanecer\/\">Esquinazo al amanecer<\/a><\/li><li><a href=\"https:\/\/www.lirapopular.cl\/lirapopularxix\/2020\/07\/27\/cueca-4\/\">Cueca<\/a><\/li><\/ul>\n\n\n\n<p>Nota: Este ejemplar tiene escrito a mano con l\u00e1piz azul \u201c8\u201d y con plum\u00f3n &#8220;247&#8221;. Por el reverso sobre un papel &#8220;32&#8221; y manuscrito: &#8220;[  ] Calle Elferro Carril&#8221;<br>Documento optimizado digitalmente.<\/p>\n","protected":false},"excerpt":{"rendered":"<p>Autor: Jos\u00e9 Hip\u00f3lito Casas-Cordero. Autor. Poeta de Santiago. Ech\u00e1urren, 607.Impresor: Imp. Albion. San Antonio 85.Tama\u00f1o: 54 x 37\u00a0 cmClasificaci\u00f3n: BN C\u00f3digo:\u00a0LO0012573 El caballero que hizo pacto con el diablo en Rancagua Contrapunto de Tagu\u00e1 con don Javier de la Rosa Versos de amor Esquinazo al amanecer Cueca Nota: Este ejemplar tiene escrito a mano con [&hellip;]<\/p>\n","protected":false},"author":1,"featured_media":0,"parent":0,"menu_order":0,"comment_status":"closed","ping_status":"closed","template":"","meta":{"footnotes":""},"class_list":["post-10816","page","type-page","status-publish","hentry"],"jetpack_sharing_enabled":true,"_links":{"self":[{"href":"https:\/\/www.lirapopular.cl\/lirapopularxix\/wp-json\/wp\/v2\/pages\/10816","targetHints":{"allow":["GET"]}}],"collection":[{"href":"https:\/\/www.lirapopular.cl\/lirapopularxix\/wp-json\/wp\/v2\/pages"}],"about":[{"href":"https:\/\/www.lirapopular.cl\/lirapopularxix\/wp-json\/wp\/v2\/types\/page"}],"author":[{"embeddable":true,"href":"https:\/\/www.lirapopular.cl\/lirapopularxix\/wp-json\/wp\/v2\/users\/1"}],"replies":[{"embeddable":true,"href":"https:\/\/www.lirapopular.cl\/lirapopularxix\/wp-json\/wp\/v2\/comments?post=10816"}],"version-history":[{"count":0,"href":"https:\/\/www.lirapopular.cl\/lirapopularxix\/wp-json\/wp\/v2\/pages\/10816\/revisions"}],"wp:attachment":[{"href":"https:\/\/www.lirapopular.cl\/lirapopularxix\/wp-json\/wp\/v2\/media?parent=10816"}],"curies":[{"name":"wp","href":"https:\/\/api.w.org\/{rel}","templated":true}]}}