{"id":10770,"date":"2020-07-26T20:26:53","date_gmt":"2020-07-27T00:26:53","guid":{"rendered":"https:\/\/www.lirapopular.cl\/lirapopularxix\/?page_id=10770"},"modified":"2020-07-26T20:26:53","modified_gmt":"2020-07-27T00:26:53","slug":"espantoso-suceso-de-la-espirituada","status":"publish","type":"page","link":"https:\/\/www.lirapopular.cl\/lirapopularxix\/espantoso-suceso-de-la-espirituada\/","title":{"rendered":"Espantoso suceso <br>de la <br>espirituada"},"content":{"rendered":"\n<div class=\"wp-block-image\"><figure class=\"alignright size-medium\"><a href=\"https:\/\/www.lirapopular.cl\/lirapopularxix\/wp-content\/uploads\/2020\/07\/LO0012049.jpg\"><img loading=\"lazy\" decoding=\"async\" width=\"209\" height=\"300\" src=\"https:\/\/www.lirapopular.cl\/lirapopularxix\/wp-content\/uploads\/2020\/07\/LO0012049-209x300.jpg\" alt=\"\" class=\"wp-image-10771\" srcset=\"https:\/\/www.lirapopular.cl\/lirapopularxix\/wp-content\/uploads\/2020\/07\/LO0012049-209x300.jpg 209w, https:\/\/www.lirapopular.cl\/lirapopularxix\/wp-content\/uploads\/2020\/07\/LO0012049.jpg 698w\" sizes=\"auto, (max-width: 209px) 100vw, 209px\" \/><\/a><figcaption>Archivo de Literatura Oral<br>Fondo Rodolfo Lenz<\/figcaption><\/figure><\/div>\n\n\n\n<p>Autor: Hip\u00f3lito Cordero<br>Impresor: Sin informaci\u00f3n<br>Tama\u00f1o: 56 x 39&nbsp; cm<br>Clasificaci\u00f3n: BN C\u00f3digo:&nbsp;LO0012049<\/p>\n\n\n\n<ul class=\"wp-block-list\"><li><a href=\"https:\/\/www.lirapopular.cl\/lirapopularxix\/2020\/07\/27\/la-nina-espirituada-2\/\">La ni\u00f1a espirituada<\/a><\/li><li><a href=\"https:\/\/www.lirapopular.cl\/lirapopularxix\/2020\/07\/27\/literatura-12\/\">Literatura<\/a><\/li><li><a href=\"https:\/\/www.lirapopular.cl\/lirapopularxix\/2020\/07\/27\/brindis-de-briceno-2\/\">Brindis de Brice\u00f1o<\/a><\/li><li><a href=\"https:\/\/www.lirapopular.cl\/lirapopularxix\/2020\/07\/27\/brindis-de-las-ninas-2\/\">Brindis de las ni\u00f1as<\/a><\/li><li><a href=\"https:\/\/www.lirapopular.cl\/lirapopularxix\/2020\/07\/27\/el-mundo-diferente\/\">El mundo diferente<\/a><\/li><li><a href=\"https:\/\/www.lirapopular.cl\/lirapopularxix\/2020\/07\/27\/el-huaso-5\/\">El huaso<\/a><\/li><\/ul>\n\n\n\n<p>Nota: Este ejemplar tiene escrito a mano con l\u00e1piz rojo \u201c20\u201d y encima con azul &#8220;-22-&#8221; y &#8220;\u00a1ojo el grabado!&#8221;, con grafito &#8220;19&#8221; y con un timbre &#8220;108&#8221;.<br>Documento optimizado digitalmente.<\/p>\n\n\n\n<p>Este documento se reimprimi\u00f3 con el t\u00edtulo: &#8220;Espantoso suceso de la ni\u00f1a espirituada&#8221; y con ambos hemos completado las zonas dudosas <a href=\"https:\/\/www.lirapopular.cl\/lirapopularxix\/espantoso-sucesode-la-nina-espirituada\/\">ver<\/a> respetando los peque\u00f1os cambios.<\/p>\n","protected":false},"excerpt":{"rendered":"<p>Autor: Hip\u00f3lito CorderoImpresor: Sin informaci\u00f3nTama\u00f1o: 56 x 39&nbsp; cmClasificaci\u00f3n: BN C\u00f3digo:&nbsp;LO0012049 La ni\u00f1a espirituada Literatura Brindis de Brice\u00f1o Brindis de las ni\u00f1as El mundo diferente El huaso Nota: Este ejemplar tiene escrito a mano con l\u00e1piz rojo \u201c20\u201d y encima con azul &#8220;-22-&#8221; y &#8220;\u00a1ojo el grabado!&#8221;, con grafito &#8220;19&#8221; y con un timbre &#8220;108&#8221;.Documento [&hellip;]<\/p>\n","protected":false},"author":1,"featured_media":0,"parent":0,"menu_order":0,"comment_status":"closed","ping_status":"closed","template":"","meta":{"footnotes":""},"class_list":["post-10770","page","type-page","status-publish","hentry"],"jetpack_sharing_enabled":true,"_links":{"self":[{"href":"https:\/\/www.lirapopular.cl\/lirapopularxix\/wp-json\/wp\/v2\/pages\/10770","targetHints":{"allow":["GET"]}}],"collection":[{"href":"https:\/\/www.lirapopular.cl\/lirapopularxix\/wp-json\/wp\/v2\/pages"}],"about":[{"href":"https:\/\/www.lirapopular.cl\/lirapopularxix\/wp-json\/wp\/v2\/types\/page"}],"author":[{"embeddable":true,"href":"https:\/\/www.lirapopular.cl\/lirapopularxix\/wp-json\/wp\/v2\/users\/1"}],"replies":[{"embeddable":true,"href":"https:\/\/www.lirapopular.cl\/lirapopularxix\/wp-json\/wp\/v2\/comments?post=10770"}],"version-history":[{"count":0,"href":"https:\/\/www.lirapopular.cl\/lirapopularxix\/wp-json\/wp\/v2\/pages\/10770\/revisions"}],"wp:attachment":[{"href":"https:\/\/www.lirapopular.cl\/lirapopularxix\/wp-json\/wp\/v2\/media?parent=10770"}],"curies":[{"name":"wp","href":"https:\/\/api.w.org\/{rel}","templated":true}]}}