{"id":1065,"date":"2019-06-21T12:17:25","date_gmt":"2019-06-21T16:17:25","guid":{"rendered":"https:\/\/www.lirapopular.cl\/lirapopularxix\/?page_id=1065"},"modified":"2019-06-21T12:17:25","modified_gmt":"2019-06-21T16:17:25","slug":"espantoso-suceso-en-la-casa-de-cartuchos","status":"publish","type":"page","link":"https:\/\/www.lirapopular.cl\/lirapopularxix\/espantoso-suceso-en-la-casa-de-cartuchos\/","title":{"rendered":"Espantoso suceso en la f\u00e1brica de cartuchos"},"content":{"rendered":"<div class=\"wp-block-image\">\n<figure class=\"alignright\"><a href=\"https:\/\/www.lirapopular.cl\/lirapopularxix\/wp-content\/uploads\/2019\/06\/378.jpg\"><img loading=\"lazy\" decoding=\"async\" width=\"213\" height=\"300\" src=\"https:\/\/www.lirapopular.cl\/lirapopularxix\/wp-content\/uploads\/2019\/06\/378-213x300.jpg\" alt=\"\" class=\"wp-image-1067\" srcset=\"https:\/\/www.lirapopular.cl\/lirapopularxix\/wp-content\/uploads\/2019\/06\/378-213x300.jpg 213w, https:\/\/www.lirapopular.cl\/lirapopularxix\/wp-content\/uploads\/2019\/06\/378.jpg 710w\" sizes=\"auto, (max-width: 213px) 100vw, 213px\" \/><\/a><figcaption>Colecci\u00f3n Lira Popular de la<br>Universidad de Chile<\/figcaption><\/figure>\n<\/div>\n\n\n<p>Autor: Jos\u00e9 Hip\u00f3lito Cordero, Ech\u00e1urren 105.<br>Impresor: Sin Informaci\u00f3n<br>Tama\u00f1o: 37,6 x 53,3 cm.<br>Clasificaci\u00f3n: 378 C794e Caja N\u00b04b, BN C\u00f3digo:&nbsp;LO0012040, BN C\u00f3digo:&nbsp;LO0012598<\/p>\n\n\n\n<ul class=\"wp-block-list\"><li><a href=\"https:\/\/www.lirapopular.cl\/lirapopularxix\/2019\/06\/21\/espantoso-suceso-en-la-fabrica-de-cartuchos\/\">Espantoso suceso en la F\u00e1brica de Cartuchos<\/a><\/li><li><a href=\"https:\/\/www.lirapopular.cl\/lirapopularxix\/2019\/06\/21\/el-huaso-que-enlazo-el-tren-en-la-linea-del-norte\/\">El huaso que enlaz\u00f3 el tren<\/a><\/li><li><a href=\"https:\/\/www.lirapopular.cl\/lirapopularxix\/2019\/06\/21\/padecimiento-de-job\/\">Padecimiento de Job<\/a><\/li><li><a href=\"https:\/\/www.lirapopular.cl\/lirapopularxix\/espantoso-suceso-en-la-casa-de-cartuchos\/\"><\/a><a href=\"https:\/\/www.lirapopular.cl\/lirapopularxix\/2019\/06\/21\/discordia-entre-los-partidos\/\">Discordia entre partidos<\/a><\/li><li><a href=\"https:\/\/www.lirapopular.cl\/lirapopularxix\/2019\/06\/21\/la-gran-lucha-del-chileno-con-el-argentino-en-aconcagua\/\">La gran lucha<\/a><\/li><\/ul>\n\n\n\n<p>Nota: La 1\u00aa explosi\u00f3n en la F\u00e1brica de Cartuchos ocurri\u00f3 el viernes 9 de marzo de 1894.<br>El 1er ejemplar tiene escrito a mano con l\u00e1piz rojo \u201c378\u201d<br>El 2\u00ba ejemplar tiene escrito a mano con l\u00e1piz rojo \u201c-11-\u201d sobre &#8220;23&#8221;, con grafito &#8220;20 repetido&#8221; y con timbre &#8220;128&#8221;<br>El 3er ejemplar tiene escrito a mano con l\u00e1piz azul \u201c33\u201d y con plum\u00f3n &#8220;272&#8221;, por el reverso sobre un papel &#8220;<s>226<\/s>&#8221; &#8220;230&#8221;.<br>Ejemplares optimizados digitalmente.<\/p>\n\n\n<div class=\"wp-block-image\">\n<figure class=\"alignright size-medium\"><a href=\"https:\/\/www.lirapopular.cl\/lirapopularxix\/wp-content\/uploads\/2020\/07\/LO0012040.jpg\"><img loading=\"lazy\" decoding=\"async\" width=\"207\" height=\"300\" src=\"https:\/\/www.lirapopular.cl\/lirapopularxix\/wp-content\/uploads\/2020\/07\/LO0012040-207x300.jpg\" alt=\"\" class=\"wp-image-10806\" srcset=\"https:\/\/www.lirapopular.cl\/lirapopularxix\/wp-content\/uploads\/2020\/07\/LO0012040-207x300.jpg 207w, https:\/\/www.lirapopular.cl\/lirapopularxix\/wp-content\/uploads\/2020\/07\/LO0012040.jpg 690w\" sizes=\"auto, (max-width: 207px) 100vw, 207px\" \/><\/a><figcaption>Archivo de Literatura Oral<br>Fondo Rodolfo Lenz<\/figcaption><\/figure>\n<\/div>\n\n\n<p><mark style=\"background-color:rgba(0, 0, 0, 0);color:#ffffff\" class=\"has-inline-color\">.<\/mark><\/p>\n\n\n\n<p><mark style=\"background-color:rgba(0, 0, 0, 0);color:#ffffff\" class=\"has-inline-color\">.<\/mark><\/p>\n\n\n\n<p><mark style=\"background-color:rgba(0, 0, 0, 0);color:#ffffff\" class=\"has-inline-color\">.<\/mark><\/p>\n\n\n\n<p><mark style=\"background-color:rgba(0, 0, 0, 0);color:#ffffff\" class=\"has-inline-color\">.<\/mark><\/p>\n\n\n\n<p><mark style=\"background-color:rgba(0, 0, 0, 0);color:#ffffff\" class=\"has-inline-color\">.<\/mark><\/p>\n\n\n\n<p><mark style=\"background-color:rgba(0, 0, 0, 0);color:#ffffff\" class=\"has-inline-color\">.<\/mark><\/p>\n\n\n\n<p><mark style=\"background-color:rgba(0, 0, 0, 0);color:#ffffff\" class=\"has-inline-color\">.<\/mark><\/p>\n\n\n\n<p><mark style=\"background-color:rgba(0, 0, 0, 0);color:#ffffff\" class=\"has-inline-color\">.<\/mark><\/p>\n\n\n\n<p><mark style=\"background-color:rgba(0, 0, 0, 0)\" class=\"has-inline-color has-white-color\">.<\/mark><\/p>\n\n\n<div class=\"wp-block-image\">\n<figure class=\"alignright size-medium\"><a href=\"https:\/\/www.lirapopular.cl\/lirapopularxix\/wp-content\/uploads\/2020\/07\/LO0012598.jpg\"><img loading=\"lazy\" decoding=\"async\" width=\"300\" height=\"203\" src=\"https:\/\/www.lirapopular.cl\/lirapopularxix\/wp-content\/uploads\/2020\/07\/LO0012598-300x203.jpg\" alt=\"\" class=\"wp-image-10807\" srcset=\"https:\/\/www.lirapopular.cl\/lirapopularxix\/wp-content\/uploads\/2020\/07\/LO0012598-300x203.jpg 300w, https:\/\/www.lirapopular.cl\/lirapopularxix\/wp-content\/uploads\/2020\/07\/LO0012598-768x519.jpg 768w, https:\/\/www.lirapopular.cl\/lirapopularxix\/wp-content\/uploads\/2020\/07\/LO0012598.jpg 1000w\" sizes=\"auto, (max-width: 300px) 100vw, 300px\" \/><\/a><figcaption>Archivo de Literatura Oral<br>Colecci\u00f3n Alamiro de \u00c1vila<\/figcaption><\/figure>\n<\/div>","protected":false},"excerpt":{"rendered":"<p>Autor: Jos\u00e9 Hip\u00f3lito Cordero, Ech\u00e1urren 105.Impresor: Sin Informaci\u00f3nTama\u00f1o: 37,6 x 53,3 cm.Clasificaci\u00f3n: 378 C794e Caja N\u00b04b, BN C\u00f3digo:&nbsp;LO0012040, BN C\u00f3digo:&nbsp;LO0012598 Espantoso suceso en la F\u00e1brica de Cartuchos El huaso que enlaz\u00f3 el tren Padecimiento de Job Discordia entre partidos La gran lucha Nota: La 1\u00aa explosi\u00f3n en la F\u00e1brica de Cartuchos ocurri\u00f3 el viernes 9 [&hellip;]<\/p>\n","protected":false},"author":1,"featured_media":0,"parent":0,"menu_order":0,"comment_status":"closed","ping_status":"closed","template":"","meta":{"footnotes":""},"class_list":["post-1065","page","type-page","status-publish","hentry"],"jetpack_sharing_enabled":true,"_links":{"self":[{"href":"https:\/\/www.lirapopular.cl\/lirapopularxix\/wp-json\/wp\/v2\/pages\/1065","targetHints":{"allow":["GET"]}}],"collection":[{"href":"https:\/\/www.lirapopular.cl\/lirapopularxix\/wp-json\/wp\/v2\/pages"}],"about":[{"href":"https:\/\/www.lirapopular.cl\/lirapopularxix\/wp-json\/wp\/v2\/types\/page"}],"author":[{"embeddable":true,"href":"https:\/\/www.lirapopular.cl\/lirapopularxix\/wp-json\/wp\/v2\/users\/1"}],"replies":[{"embeddable":true,"href":"https:\/\/www.lirapopular.cl\/lirapopularxix\/wp-json\/wp\/v2\/comments?post=1065"}],"version-history":[{"count":0,"href":"https:\/\/www.lirapopular.cl\/lirapopularxix\/wp-json\/wp\/v2\/pages\/1065\/revisions"}],"wp:attachment":[{"href":"https:\/\/www.lirapopular.cl\/lirapopularxix\/wp-json\/wp\/v2\/media?parent=1065"}],"curies":[{"name":"wp","href":"https:\/\/api.w.org\/{rel}","templated":true}]}}