{"id":1042,"date":"2019-06-21T10:51:52","date_gmt":"2019-06-21T14:51:52","guid":{"rendered":"https:\/\/www.lirapopular.cl\/lirapopularxix\/?page_id=1042"},"modified":"2019-06-21T10:51:52","modified_gmt":"2019-06-21T14:51:52","slug":"los-versos-del-leonque-se-comio-a-un-pobre-en-aculeo","status":"publish","type":"page","link":"https:\/\/www.lirapopular.cl\/lirapopularxix\/los-versos-del-leonque-se-comio-a-un-pobre-en-aculeo\/","title":{"rendered":"LOS VERSOS DEL LEON<BR>QUE SE COMI\u00d3 A UN HOMBRE EN ACULEO"},"content":{"rendered":"\n<div class=\"wp-block-image\"><figure class=\"alignright\"><a href=\"https:\/\/www.lirapopular.cl\/lirapopularxix\/wp-content\/uploads\/2019\/06\/377.jpg\"><img loading=\"lazy\" decoding=\"async\" width=\"218\" height=\"300\" src=\"https:\/\/www.lirapopular.cl\/lirapopularxix\/wp-content\/uploads\/2019\/06\/377-218x300.jpg\" alt=\"\" class=\"wp-image-1043\" srcset=\"https:\/\/www.lirapopular.cl\/lirapopularxix\/wp-content\/uploads\/2019\/06\/377-218x300.jpg 218w, https:\/\/www.lirapopular.cl\/lirapopularxix\/wp-content\/uploads\/2019\/06\/377.jpg 726w\" sizes=\"auto, (max-width: 218px) 100vw, 218px\" \/><\/a><figcaption>Colecci\u00f3n Lira Popular de la <br>Universidad de Chile<\/figcaption><\/figure><\/div>\n\n\n\n<p>Autor: Jos\u00e9 Hip\u00f3lito Cordero, Calle Ech\u00e1urren N\u00ba 105<br>Impresor: Sin informaci\u00f3n<br>Tama\u00f1o: 37,6 x 53,2 cm.<br>Clasificaci\u00f3n: 377 C794v Caja N\u00b04b, BN C\u00f3digo:\u00a0LO0012617<\/p>\n\n\n\n<ul class=\"wp-block-list\"><li><a href=\"https:\/\/www.lirapopular.cl\/lirapopularxix\/2019\/06\/21\/los-versos-del-leon-que-se-comio-al-hombre-en-aculeo\/\">Los versos del le\u00f3n<\/a><\/li><li><a href=\"https:\/\/www.lirapopular.cl\/lirapopularxix\/2019\/06\/21\/el-hombre-ultimado-por-su-mano-en-el-romeral\/\">El hombre ultimado<\/a><\/li><li><a href=\"https:\/\/www.lirapopular.cl\/lirapopularxix\/2019\/06\/21\/la-nina-encontrada-por-un-joven-a-la-orilla-de-un-estero\/\">La ni\u00f1a encontrada<\/a><\/li><li><a href=\"https:\/\/www.lirapopular.cl\/lirapopularxix\/2019\/06\/21\/adivinanza\/\">Adivinanza<\/a><\/li><li><a href=\"https:\/\/www.lirapopular.cl\/lirapopularxix\/2019\/06\/21\/verso-a-lo-divino\/\">Verso a lo divino<\/a><\/li><li><a href=\"https:\/\/www.lirapopular.cl\/lirapopularxix\/2019\/06\/21\/brindis-4\/\">Brindis<\/a><\/li><\/ul>\n\n\n\n<p>Nota: El 1er ejemplar tiene escrito a mano con l\u00e1piz rojo \u201c377\u201d<br>El 2\u00ba ejemplar tiene escrito a mano con l\u00e1piz azul \u201c52\u201d y con plum\u00f3n &#8220;&#8221;291. Por el reverso sobre un papel &#8220;23&#8221;.<br>Documentos optimizados digitalmente.<\/p>\n\n\n\n<div class=\"wp-block-image\"><figure class=\"alignright size-medium\"><a href=\"https:\/\/www.lirapopular.cl\/lirapopularxix\/wp-content\/uploads\/2020\/08\/LO0012617.jpg\"><img loading=\"lazy\" decoding=\"async\" width=\"300\" height=\"199\" src=\"https:\/\/www.lirapopular.cl\/lirapopularxix\/wp-content\/uploads\/2020\/08\/LO0012617-300x199.jpg\" alt=\"\" class=\"wp-image-11128\" srcset=\"https:\/\/www.lirapopular.cl\/lirapopularxix\/wp-content\/uploads\/2020\/08\/LO0012617-300x199.jpg 300w, https:\/\/www.lirapopular.cl\/lirapopularxix\/wp-content\/uploads\/2020\/08\/LO0012617-768x508.jpg 768w, https:\/\/www.lirapopular.cl\/lirapopularxix\/wp-content\/uploads\/2020\/08\/LO0012617.jpg 1000w\" sizes=\"auto, (max-width: 300px) 100vw, 300px\" \/><\/a><figcaption>Archivo de Literatura Oral<br>Colecci\u00f3n Alamiro de \u00c1vila<\/figcaption><\/figure><\/div>\n","protected":false},"excerpt":{"rendered":"<p>Autor: Jos\u00e9 Hip\u00f3lito Cordero, Calle Ech\u00e1urren N\u00ba 105Impresor: Sin informaci\u00f3nTama\u00f1o: 37,6 x 53,2 cm.Clasificaci\u00f3n: 377 C794v Caja N\u00b04b, BN C\u00f3digo:\u00a0LO0012617 Los versos del le\u00f3n El hombre ultimado La ni\u00f1a encontrada Adivinanza Verso a lo divino Brindis Nota: El 1er ejemplar tiene escrito a mano con l\u00e1piz rojo \u201c377\u201dEl 2\u00ba ejemplar tiene escrito a mano con [&hellip;]<\/p>\n","protected":false},"author":1,"featured_media":0,"parent":0,"menu_order":0,"comment_status":"closed","ping_status":"closed","template":"","meta":{"footnotes":""},"class_list":["post-1042","page","type-page","status-publish","hentry"],"jetpack_sharing_enabled":true,"_links":{"self":[{"href":"https:\/\/www.lirapopular.cl\/lirapopularxix\/wp-json\/wp\/v2\/pages\/1042","targetHints":{"allow":["GET"]}}],"collection":[{"href":"https:\/\/www.lirapopular.cl\/lirapopularxix\/wp-json\/wp\/v2\/pages"}],"about":[{"href":"https:\/\/www.lirapopular.cl\/lirapopularxix\/wp-json\/wp\/v2\/types\/page"}],"author":[{"embeddable":true,"href":"https:\/\/www.lirapopular.cl\/lirapopularxix\/wp-json\/wp\/v2\/users\/1"}],"replies":[{"embeddable":true,"href":"https:\/\/www.lirapopular.cl\/lirapopularxix\/wp-json\/wp\/v2\/comments?post=1042"}],"version-history":[{"count":0,"href":"https:\/\/www.lirapopular.cl\/lirapopularxix\/wp-json\/wp\/v2\/pages\/1042\/revisions"}],"wp:attachment":[{"href":"https:\/\/www.lirapopular.cl\/lirapopularxix\/wp-json\/wp\/v2\/media?parent=1042"}],"curies":[{"name":"wp","href":"https:\/\/api.w.org\/{rel}","templated":true}]}}