{"id":1021,"date":"2019-06-20T23:20:30","date_gmt":"2019-06-21T03:20:30","guid":{"rendered":"https:\/\/www.lirapopular.cl\/lirapopularxix\/?page_id=1021"},"modified":"2019-06-20T23:20:30","modified_gmt":"2019-06-21T03:20:30","slug":"terrible-admiracionla-monja-tentada-por-el-demonio","status":"publish","type":"page","link":"https:\/\/www.lirapopular.cl\/lirapopularxix\/terrible-admiracionla-monja-tentada-por-el-demonio\/","title":{"rendered":"\u00a1TERRIBLE ADMIRACION!<BR>LA MONJA TENTADA POR EL DEMONIO"},"content":{"rendered":"\n<div class=\"wp-block-image\"><figure class=\"alignright\"><a href=\"https:\/\/www.lirapopular.cl\/lirapopularxix\/wp-content\/uploads\/2019\/06\/376.jpg\"><img loading=\"lazy\" decoding=\"async\" width=\"217\" height=\"300\" src=\"https:\/\/www.lirapopular.cl\/lirapopularxix\/wp-content\/uploads\/2019\/06\/376-217x300.jpg\" alt=\"\" class=\"wp-image-1022\" srcset=\"https:\/\/www.lirapopular.cl\/lirapopularxix\/wp-content\/uploads\/2019\/06\/376-217x300.jpg 217w, https:\/\/www.lirapopular.cl\/lirapopularxix\/wp-content\/uploads\/2019\/06\/376.jpg 722w\" sizes=\"auto, (max-width: 217px) 100vw, 217px\" \/><\/a><figcaption>Colecci\u00f3n Lira Popular de la <br>Universidad de Chile<\/figcaption><\/figure><\/div>\n\n\n\n<p>Autor: Jos\u00e9 Hip\u00f3lito Cordero, calle Ech\u00e1urren, 105<br>Impresor: Sin informaci\u00f3n<br>Tama\u00f1o: 37,7 x 53,2 cm<br>Clasificaci\u00f3n: 376 C794t Caja N\u00b04b, BN C\u00f3digo:&nbsp;LO0012576<\/p>\n\n\n\n<ul class=\"wp-block-list\"><li><a href=\"https:\/\/www.lirapopular.cl\/lirapopularxix\/2019\/06\/20\/el-caballero-velado-vivo\/\">El caballero velado vivo<\/a><\/li><li><a href=\"https:\/\/www.lirapopular.cl\/lirapopularxix\/2019\/06\/20\/la-monja-tentada-por-el-demonio\/\">La monja tentada<\/a><\/li><li><a href=\"https:\/\/www.lirapopular.cl\/lirapopularxix\/2019\/06\/20\/llegada-del-mesias-a-jerusalen\/\">Llegada del Mes\u00edas<\/a><\/li><li><a href=\"https:\/\/www.lirapopular.cl\/lirapopularxix\/2019\/06\/20\/la-preciosa-dorila-llegada-de-suiza-pretende-casarse\/\">La preciosa Dorila<\/a><\/li><li><a href=\"https:\/\/www.lirapopular.cl\/lirapopularxix\/2019\/06\/20\/martirio-de-un-fiel-amante\/\">Martirio de un fiel amante<\/a><\/li><li><a href=\"https:\/\/www.lirapopular.cl\/lirapopularxix\/2019\/06\/20\/el-mocito-de-cincuenta-nombres\/\">El mocito de cincuenta nombres<\/a><\/li><\/ul>\n\n\n\n<p>Nota: El 1er ejemplar tiene escrito a mano con l\u00e1piz rojo \u201c376\u201d<br>El 2\u00ba ejemplar tiene escrito a mano con l\u00e1piz azul \u201c11\u201d y con plum\u00f3n &#8220;250&#8221;. Por el reverso sobre un papel &#8220;52&#8221;.<br>Documentos optimizados digitalmente.<\/p>\n\n\n\n<div class=\"wp-block-image\"><figure class=\"alignright size-medium\"><a href=\"https:\/\/www.lirapopular.cl\/lirapopularxix\/wp-content\/uploads\/2020\/08\/LO0012576.jpg\"><img loading=\"lazy\" decoding=\"async\" width=\"300\" height=\"204\" src=\"https:\/\/www.lirapopular.cl\/lirapopularxix\/wp-content\/uploads\/2020\/08\/LO0012576-300x204.jpg\" alt=\"\" class=\"wp-image-11170\" srcset=\"https:\/\/www.lirapopular.cl\/lirapopularxix\/wp-content\/uploads\/2020\/08\/LO0012576-300x204.jpg 300w, https:\/\/www.lirapopular.cl\/lirapopularxix\/wp-content\/uploads\/2020\/08\/LO0012576-768x521.jpg 768w, https:\/\/www.lirapopular.cl\/lirapopularxix\/wp-content\/uploads\/2020\/08\/LO0012576.jpg 1000w\" sizes=\"auto, (max-width: 300px) 100vw, 300px\" \/><\/a><figcaption>Archivo de Literatura Oral<br>Colecci\u00f3n Alamiro de \u00c1vila<\/figcaption><\/figure><\/div>\n","protected":false},"excerpt":{"rendered":"<p>Autor: Jos\u00e9 Hip\u00f3lito Cordero, calle Ech\u00e1urren, 105Impresor: Sin informaci\u00f3nTama\u00f1o: 37,7 x 53,2 cmClasificaci\u00f3n: 376 C794t Caja N\u00b04b, BN C\u00f3digo:&nbsp;LO0012576 El caballero velado vivo La monja tentada Llegada del Mes\u00edas La preciosa Dorila Martirio de un fiel amante El mocito de cincuenta nombres Nota: El 1er ejemplar tiene escrito a mano con l\u00e1piz rojo \u201c376\u201dEl 2\u00ba [&hellip;]<\/p>\n","protected":false},"author":1,"featured_media":0,"parent":0,"menu_order":0,"comment_status":"closed","ping_status":"closed","template":"","meta":{"footnotes":""},"class_list":["post-1021","page","type-page","status-publish","hentry"],"jetpack_sharing_enabled":true,"_links":{"self":[{"href":"https:\/\/www.lirapopular.cl\/lirapopularxix\/wp-json\/wp\/v2\/pages\/1021","targetHints":{"allow":["GET"]}}],"collection":[{"href":"https:\/\/www.lirapopular.cl\/lirapopularxix\/wp-json\/wp\/v2\/pages"}],"about":[{"href":"https:\/\/www.lirapopular.cl\/lirapopularxix\/wp-json\/wp\/v2\/types\/page"}],"author":[{"embeddable":true,"href":"https:\/\/www.lirapopular.cl\/lirapopularxix\/wp-json\/wp\/v2\/users\/1"}],"replies":[{"embeddable":true,"href":"https:\/\/www.lirapopular.cl\/lirapopularxix\/wp-json\/wp\/v2\/comments?post=1021"}],"version-history":[{"count":0,"href":"https:\/\/www.lirapopular.cl\/lirapopularxix\/wp-json\/wp\/v2\/pages\/1021\/revisions"}],"wp:attachment":[{"href":"https:\/\/www.lirapopular.cl\/lirapopularxix\/wp-json\/wp\/v2\/media?parent=1021"}],"curies":[{"name":"wp","href":"https:\/\/api.w.org\/{rel}","templated":true}]}}